{"id":213973,"date":"2024-11-18T14:51:26","date_gmt":"2024-11-18T14:51:26","guid":{"rendered":"https:\/\/aldeco.pt\/staging\/product\/krak\/"},"modified":"2025-03-03T06:18:19","modified_gmt":"2025-03-03T06:18:19","slug":"krak","status":"publish","type":"product","link":"https:\/\/staging.aldeco.pt\/es\/product\/krak\/","title":{"rendered":"KRAK"},"content":{"rendered":"<p>Color, material y textura se unen en un patr\u00f3n decorativo con un toque m\u00e1s cl\u00e1sico. KRAK dise\u00f1a un conjunto de rayas expresivas, con un tejido que presenta un hilo plateado para un toque lujoso. KRAK tiene un acabado repelente a las manchas y se puede lavar a m\u00e1quina.  <\/p>\n","protected":false},"excerpt":{"rendered":"<p>Color, material, and texture unite in a decorative pattern with a more classic touch. KRAK designs a set of expressive stripes, with a weave that features a silver thread for a luxurious touch. KRAK has a stain-repellent finish and can be machine washed.  <\/p>\n<h2>KRAK dise\u00f1a un conjunto de rayas expresivas, con un tejido que presenta un hilo plateado para un toque lujoso.<\/h2>\n<p><img fetchpriority=\"high\" decoding=\"async\" class=\"alignnone wp-image-213959 size-medium\" src=\"https:\/\/aldeco.pt\/staging\/wp-content\/uploads\/2024\/11\/T016910491-300x168.jpg\" alt=\"Krak - Aldeco\" width=\"300\" height=\"168\"><\/p>\n<p><a href=\"https:\/\/aldeco.pt\/staging\/product\/krak\/?attribute_pa_aldeco-color=10\">https:\/\/aldeco.pt\/staging\/product\/krak\/?attribute_pa_aldeco-color=10<\/a><\/p>\n<p><a href=\"https:\/\/www.instagram.com\/aldeco_interiorfabrics\/\">https:\/\/www.instagram.com\/aldeco_interiorfabrics\/<\/a><\/p>\n","protected":false},"featured_media":213931,"template":"","meta":[],"product_brand":[],"product_cat":[],"product_tag":[],"class_list":{"0":"post-213973","1":"product","2":"type-product","3":"status-publish","4":"has-post-thumbnail","6":"pa_cleanability-8283","7":"pa_composition-ext-65-pl-25-pan-14-co-es","8":"pa_line-oportunidades-es","9":"pa_lithfastness-6-es","10":"pa_opportunities-activo","11":"pa_range-jacquard-es","14":"first","15":"instock","16":"shipping-taxable","17":"purchasable","18":"product-type-variable"},"acf":[],"_links":{"self":[{"href":"https:\/\/staging.aldeco.pt\/es\/wp-json\/wp\/v2\/product\/213973","targetHints":{"allow":["GET"]}}],"collection":[{"href":"https:\/\/staging.aldeco.pt\/es\/wp-json\/wp\/v2\/product"}],"about":[{"href":"https:\/\/staging.aldeco.pt\/es\/wp-json\/wp\/v2\/types\/product"}],"version-history":[{"count":1,"href":"https:\/\/staging.aldeco.pt\/es\/wp-json\/wp\/v2\/product\/213973\/revisions"}],"predecessor-version":[{"id":213984,"href":"https:\/\/staging.aldeco.pt\/es\/wp-json\/wp\/v2\/product\/213973\/revisions\/213984"}],"wp:featuredmedia":[{"embeddable":true,"href":"https:\/\/staging.aldeco.pt\/es\/wp-json\/wp\/v2\/media\/213931"}],"wp:attachment":[{"href":"https:\/\/staging.aldeco.pt\/es\/wp-json\/wp\/v2\/media?parent=213973"}],"wp:term":[{"taxonomy":"product_brand","embeddable":true,"href":"https:\/\/staging.aldeco.pt\/es\/wp-json\/wp\/v2\/product_brand?post=213973"},{"taxonomy":"product_cat","embeddable":true,"href":"https:\/\/staging.aldeco.pt\/es\/wp-json\/wp\/v2\/product_cat?post=213973"},{"taxonomy":"product_tag","embeddable":true,"href":"https:\/\/staging.aldeco.pt\/es\/wp-json\/wp\/v2\/product_tag?post=213973"}],"curies":[{"name":"wp","href":"https:\/\/api.w.org\/{rel}","templated":true}]}}