{"id":213292,"date":"2024-11-15T10:54:45","date_gmt":"2024-11-15T10:54:45","guid":{"rendered":"https:\/\/aldeco.pt\/staging\/product\/bricks\/"},"modified":"2025-01-15T18:02:33","modified_gmt":"2025-01-15T18:02:33","slug":"bricks","status":"publish","type":"product","link":"https:\/\/staging.aldeco.pt\/es\/product\/bricks\/","title":{"rendered":"BRICKS"},"content":{"rendered":"<p>BRICKS es una tela con patrones micro geom\u00e9tricos elegantes y sublimes. Esta tela texturizada es adecuada para tapicer\u00eda y cojines y est\u00e1 disponible en 5 colores. <\/p>\n","protected":false},"excerpt":{"rendered":"<p>BRICKS es una tela con patrones micro geom\u00e9tricos elegantes y sublimes. Esta tela texturizada es adecuada para tapicer\u00eda y cojines y est\u00e1 disponible en 5 colores. <\/p>\n<h2>BRICKS es una tela con patrones micro geom\u00e9tricos elegantes y sublimes. Esta tela texturizada es adecuada para tapicer\u00eda y cojines y est\u00e1 disponible en 5 colores. <\/h2>\n<p><img fetchpriority=\"high\" decoding=\"async\" class=\"alignnone wp-image-213263 size-medium\" src=\"https:\/\/aldeco.pt\/staging\/wp-content\/uploads\/2024\/11\/T017990201-300x300.jpg\" alt=\"Bricks - Aldeco\" width=\"300\" height=\"300\"><\/p>\n<p><a href=\"https:\/\/www.instagram.com\/aldeco_interiorfabrics\/\">https:\/\/www.instagram.com\/aldeco_interiorfabrics\/<\/a><\/p>\n<p><a href=\"https:\/\/aldeco.pt\/staging\/product\/bricks\/?attribute_pa_aldeco-color=07\">https:\/\/aldeco.pt\/staging\/product\/bricks\/?attribute_pa_aldeco-color=07<\/a><\/p>\n","protected":false},"featured_media":213265,"template":"","meta":[],"product_brand":[],"product_cat":[],"product_tag":[],"class_list":{"0":"post-213292","1":"product","2":"type-product","3":"status-publish","4":"has-post-thumbnail","6":"pa_cleanability-8283","7":"pa_composition-ext-75-pp-25-pes-es","8":"pa_line-oportunidades-es","9":"pa_lithfastness-6-es-2","10":"pa_opportunities-activo","11":"pa_range-liso-es","14":"first","15":"instock","16":"shipping-taxable","17":"purchasable","18":"product-type-variable"},"acf":[],"_links":{"self":[{"href":"https:\/\/staging.aldeco.pt\/es\/wp-json\/wp\/v2\/product\/213292","targetHints":{"allow":["GET"]}}],"collection":[{"href":"https:\/\/staging.aldeco.pt\/es\/wp-json\/wp\/v2\/product"}],"about":[{"href":"https:\/\/staging.aldeco.pt\/es\/wp-json\/wp\/v2\/types\/product"}],"version-history":[{"count":1,"href":"https:\/\/staging.aldeco.pt\/es\/wp-json\/wp\/v2\/product\/213292\/revisions"}],"predecessor-version":[{"id":213299,"href":"https:\/\/staging.aldeco.pt\/es\/wp-json\/wp\/v2\/product\/213292\/revisions\/213299"}],"wp:featuredmedia":[{"embeddable":true,"href":"https:\/\/staging.aldeco.pt\/es\/wp-json\/wp\/v2\/media\/213265"}],"wp:attachment":[{"href":"https:\/\/staging.aldeco.pt\/es\/wp-json\/wp\/v2\/media?parent=213292"}],"wp:term":[{"taxonomy":"product_brand","embeddable":true,"href":"https:\/\/staging.aldeco.pt\/es\/wp-json\/wp\/v2\/product_brand?post=213292"},{"taxonomy":"product_cat","embeddable":true,"href":"https:\/\/staging.aldeco.pt\/es\/wp-json\/wp\/v2\/product_cat?post=213292"},{"taxonomy":"product_tag","embeddable":true,"href":"https:\/\/staging.aldeco.pt\/es\/wp-json\/wp\/v2\/product_tag?post=213292"}],"curies":[{"name":"wp","href":"https:\/\/api.w.org\/{rel}","templated":true}]}}