{"id":212751,"date":"2024-11-10T14:24:58","date_gmt":"2024-11-10T14:24:58","guid":{"rendered":"https:\/\/aldeco.pt\/staging\/product\/supreme\/"},"modified":"2024-11-14T15:01:35","modified_gmt":"2024-11-14T15:01:35","slug":"supreme","status":"publish","type":"product","link":"https:\/\/staging.aldeco.pt\/es\/product\/supreme\/","title":{"rendered":"SUPREME"},"content":{"rendered":"<p>Hermosa tela de sat\u00e9n con bordado cl\u00e1sico, para cortinas y decoraci\u00f3n de ambientes sofisticados.<\/p>\n","protected":false},"excerpt":{"rendered":"<p>Hermosa tela de sat\u00e9n con bordado cl\u00e1sico, para cortinas y decoraci\u00f3n de ambientes sofisticados.<\/p>\n<h2>Supreme, hermosa tela de sat\u00e9n con bordado cl\u00e1sico, para cortinas y decoraci\u00f3n de ambientes sofisticados.<\/h2>\n<p><img fetchpriority=\"high\" decoding=\"async\" class=\"alignnone wp-image-212742 size-medium\" src=\"https:\/\/aldeco.pt\/staging\/wp-content\/uploads\/2024\/11\/T018670001-300x280.jpg\" alt=\"Supreme - Aldeco\" width=\"300\" height=\"280\"><\/p>\n<p><a href=\"https:\/\/aldeco.pt\/staging\/product\/supreme\/?attribute_pa_aldeco-color=01-snow-white\">https:\/\/aldeco.pt\/staging\/product\/supreme\/?attribute_pa_aldeco-color=01-snow-white<\/a><\/p>\n<p><a href=\"https:\/\/www.instagram.com\/aldeco_interiorfabrics\/\">https:\/\/www.instagram.com\/aldeco_interiorfabrics\/<\/a><\/p>\n","protected":false},"featured_media":207009,"template":"","meta":[],"product_brand":[],"product_cat":[6146],"product_tag":[],"class_list":{"0":"post-212751","1":"product","2":"type-product","3":"status-publish","4":"has-post-thumbnail","6":"product_cat-aldeco-2-es","7":"pa_cleanability-8283","8":"pa_composition-ext-40-li-33-pa-22-pl-5-vi-es","9":"pa_line-oportunidades-es","10":"pa_lithfastness-3-4-es","11":"pa_opportunities-activo","12":"pa_range-satin-es","13":"pa_rapport-horizontal-44-es","14":"pa_rapport-vertical-47-5-es","17":"first","18":"instock","19":"purchasable","20":"product-type-variable"},"acf":[],"_links":{"self":[{"href":"https:\/\/staging.aldeco.pt\/es\/wp-json\/wp\/v2\/product\/212751","targetHints":{"allow":["GET"]}}],"collection":[{"href":"https:\/\/staging.aldeco.pt\/es\/wp-json\/wp\/v2\/product"}],"about":[{"href":"https:\/\/staging.aldeco.pt\/es\/wp-json\/wp\/v2\/types\/product"}],"version-history":[{"count":2,"href":"https:\/\/staging.aldeco.pt\/es\/wp-json\/wp\/v2\/product\/212751\/revisions"}],"predecessor-version":[{"id":212817,"href":"https:\/\/staging.aldeco.pt\/es\/wp-json\/wp\/v2\/product\/212751\/revisions\/212817"}],"wp:featuredmedia":[{"embeddable":true,"href":"https:\/\/staging.aldeco.pt\/es\/wp-json\/wp\/v2\/media\/207009"}],"wp:attachment":[{"href":"https:\/\/staging.aldeco.pt\/es\/wp-json\/wp\/v2\/media?parent=212751"}],"wp:term":[{"taxonomy":"product_brand","embeddable":true,"href":"https:\/\/staging.aldeco.pt\/es\/wp-json\/wp\/v2\/product_brand?post=212751"},{"taxonomy":"product_cat","embeddable":true,"href":"https:\/\/staging.aldeco.pt\/es\/wp-json\/wp\/v2\/product_cat?post=212751"},{"taxonomy":"product_tag","embeddable":true,"href":"https:\/\/staging.aldeco.pt\/es\/wp-json\/wp\/v2\/product_tag?post=212751"}],"curies":[{"name":"wp","href":"https:\/\/api.w.org\/{rel}","templated":true}]}}