{"id":212728,"date":"2024-11-10T14:25:31","date_gmt":"2024-11-10T14:25:31","guid":{"rendered":"https:\/\/aldeco.pt\/staging\/product\/stylish-velvet\/"},"modified":"2024-11-14T15:56:19","modified_gmt":"2024-11-14T15:56:19","slug":"stylish-velvet","status":"publish","type":"product","link":"https:\/\/staging.aldeco.pt\/es\/product\/stylish-velvet\/","title":{"rendered":"STYLISH VELVET"},"content":{"rendered":"<p>STYLISH VELVET es un terciopelo estampado basado en nuestro Mirage, similar a Kochi y Kajal. Presenta un dise\u00f1o geom\u00e9trico con una ilusi\u00f3n 3D.  La combinaci\u00f3n de colores ha sido cuidadosamente seleccionada para acentuar este efecto y se puede combinar con nuestro Si\u00e9ge Velvet.<\/p>\n","protected":false},"excerpt":{"rendered":"<p>STYLISH VELVET es un terciopelo estampado basado en nuestro Mirage, similar a Kochi y Kajal. Presenta un dise\u00f1o geom\u00e9trico con una ilusi\u00f3n 3D.  La combinaci\u00f3n de colores ha sido cuidadosamente seleccionada para acentuar este efecto y se puede combinar con nuestro Si\u00e9ge Velvet.<\/p>\n<h2>STYLISH VELVET es un terciopelo estampado basado en nuestro Mirage, similar a Kochi y Kajal. Presenta un dise\u00f1o geom\u00e9trico con una ilusi\u00f3n 3D. <\/h2>\n<p><img fetchpriority=\"high\" decoding=\"async\" class=\"alignnone wp-image-212721 size-medium\" src=\"https:\/\/aldeco.pt\/staging\/wp-content\/uploads\/2024\/11\/T190550004-300x200.jpg\" alt=\"Stylish Velvet - Aldeco\" width=\"300\" height=\"200\"><\/p>\n<p><a href=\"https:\/\/aldeco.pt\/staging\/product\/stylish-velvet\/?attribute_pa_aldeco-color=04-red-valentine\">https:\/\/aldeco.pt\/staging\/product\/stylish-velvet\/?attribute_pa_aldeco-color=04-red-valentine<\/a><\/p>\n<p><a href=\"https:\/\/www.instagram.com\/aldeco_interiorfabrics\/\">https:\/\/www.instagram.com\/aldeco_interiorfabrics\/<\/a><\/p>\n","protected":false},"featured_media":206987,"template":"","meta":[],"product_brand":[],"product_cat":[6146],"product_tag":[],"class_list":{"0":"post-212728","1":"product","2":"type-product","3":"status-publish","4":"has-post-thumbnail","6":"product_cat-aldeco-2-es","7":"pa_cleanability-8283","8":"pa_composition-ext-68-vi-26-co-6-pl-es","9":"pa_line-oportunidades-es","10":"pa_lithfastness-4-5-es-2","11":"pa_opportunities-activo","12":"pa_range-estampado-es","13":"pa_range-terciopelo","14":"pa_rapport-horizontal-9-8-es","15":"pa_rapport-vertical-4-8-es","18":"first","19":"instock","20":"purchasable","21":"product-type-variable"},"acf":[],"_links":{"self":[{"href":"https:\/\/staging.aldeco.pt\/es\/wp-json\/wp\/v2\/product\/212728","targetHints":{"allow":["GET"]}}],"collection":[{"href":"https:\/\/staging.aldeco.pt\/es\/wp-json\/wp\/v2\/product"}],"about":[{"href":"https:\/\/staging.aldeco.pt\/es\/wp-json\/wp\/v2\/types\/product"}],"version-history":[{"count":1,"href":"https:\/\/staging.aldeco.pt\/es\/wp-json\/wp\/v2\/product\/212728\/revisions"}],"predecessor-version":[{"id":212813,"href":"https:\/\/staging.aldeco.pt\/es\/wp-json\/wp\/v2\/product\/212728\/revisions\/212813"}],"wp:featuredmedia":[{"embeddable":true,"href":"https:\/\/staging.aldeco.pt\/es\/wp-json\/wp\/v2\/media\/206987"}],"wp:attachment":[{"href":"https:\/\/staging.aldeco.pt\/es\/wp-json\/wp\/v2\/media?parent=212728"}],"wp:term":[{"taxonomy":"product_brand","embeddable":true,"href":"https:\/\/staging.aldeco.pt\/es\/wp-json\/wp\/v2\/product_brand?post=212728"},{"taxonomy":"product_cat","embeddable":true,"href":"https:\/\/staging.aldeco.pt\/es\/wp-json\/wp\/v2\/product_cat?post=212728"},{"taxonomy":"product_tag","embeddable":true,"href":"https:\/\/staging.aldeco.pt\/es\/wp-json\/wp\/v2\/product_tag?post=212728"}],"curies":[{"name":"wp","href":"https:\/\/api.w.org\/{rel}","templated":true}]}}