{"id":212386,"date":"2024-11-10T14:36:01","date_gmt":"2024-11-10T14:36:01","guid":{"rendered":"https:\/\/aldeco.pt\/staging\/product\/sahara\/"},"modified":"2024-11-18T11:11:39","modified_gmt":"2024-11-18T11:11:39","slug":"sahara","status":"publish","type":"product","link":"https:\/\/staging.aldeco.pt\/es\/product\/sahara\/","title":{"rendered":"SAHARA"},"content":{"rendered":"<p>SAHARA es una tela ligera y brillante, perfecta para cortinas, y su patr\u00f3n geom\u00e9trico le da una sensaci\u00f3n de movimiento.<\/p>\n","protected":false},"excerpt":{"rendered":"<p>SAHARA es una tela ligera y brillante, perfecta para cortinas, y su patr\u00f3n geom\u00e9trico le da una sensaci\u00f3n de movimiento.<\/p>\n<h2>SAHARA es una tela ligera y brillante, perfecta para cortinas, y su patr\u00f3n geom\u00e9trico le da una sensaci\u00f3n de movimiento.<\/h2>\n<p><img fetchpriority=\"high\" decoding=\"async\" class=\"alignnone wp-image-212375 size-medium\" src=\"https:\/\/aldeco.pt\/staging\/wp-content\/uploads\/2024\/11\/T017670003-300x280.jpg\" alt=\"Sahara - Aldeco\" width=\"300\" height=\"280\"><\/p>\n<p><a href=\"https:\/\/aldeco.pt\/staging\/product\/sahara\/?attribute_pa_aldeco-color=3-misted-yellow\">https:\/\/aldeco.pt\/staging\/product\/sahara\/?attribute_pa_aldeco-color=3-misted-yellow<\/a><\/p>\n<p><a href=\"https:\/\/www.instagram.com\/aldeco_interiorfabrics\/\">https:\/\/www.instagram.com\/aldeco_interiorfabrics\/<\/a><\/p>\n","protected":false},"featured_media":76034,"template":"","meta":[],"product_brand":[],"product_cat":[6146],"product_tag":[],"class_list":{"0":"post-212386","1":"product","2":"type-product","3":"status-publish","4":"has-post-thumbnail","6":"product_cat-aldeco-2-es","7":"pa_cleanability-8283","8":"pa_composition-ext-93-5-pl-6-5-li-es","9":"pa_line-oportunidades-es","10":"pa_lithfastness-4-5-es-2","11":"pa_opportunities-activo","12":"pa_range-jacquard-es","13":"pa_rapport-horizontal-2-es","14":"pa_rapport-vertical-0-5-es","17":"first","18":"instock","19":"purchasable","20":"product-type-variable"},"acf":[],"_links":{"self":[{"href":"https:\/\/staging.aldeco.pt\/es\/wp-json\/wp\/v2\/product\/212386","targetHints":{"allow":["GET"]}}],"collection":[{"href":"https:\/\/staging.aldeco.pt\/es\/wp-json\/wp\/v2\/product"}],"about":[{"href":"https:\/\/staging.aldeco.pt\/es\/wp-json\/wp\/v2\/types\/product"}],"version-history":[{"count":1,"href":"https:\/\/staging.aldeco.pt\/es\/wp-json\/wp\/v2\/product\/212386\/revisions"}],"predecessor-version":[{"id":212431,"href":"https:\/\/staging.aldeco.pt\/es\/wp-json\/wp\/v2\/product\/212386\/revisions\/212431"}],"wp:featuredmedia":[{"embeddable":true,"href":"https:\/\/staging.aldeco.pt\/es\/wp-json\/wp\/v2\/media\/76034"}],"wp:attachment":[{"href":"https:\/\/staging.aldeco.pt\/es\/wp-json\/wp\/v2\/media?parent=212386"}],"wp:term":[{"taxonomy":"product_brand","embeddable":true,"href":"https:\/\/staging.aldeco.pt\/es\/wp-json\/wp\/v2\/product_brand?post=212386"},{"taxonomy":"product_cat","embeddable":true,"href":"https:\/\/staging.aldeco.pt\/es\/wp-json\/wp\/v2\/product_cat?post=212386"},{"taxonomy":"product_tag","embeddable":true,"href":"https:\/\/staging.aldeco.pt\/es\/wp-json\/wp\/v2\/product_tag?post=212386"}],"curies":[{"name":"wp","href":"https:\/\/api.w.org\/{rel}","templated":true}]}}