{"id":212136,"date":"2024-11-10T14:43:31","date_gmt":"2024-11-10T14:43:31","guid":{"rendered":"https:\/\/aldeco.pt\/staging\/product\/piazza\/"},"modified":"2024-11-18T15:22:06","modified_gmt":"2024-11-18T15:22:06","slug":"piazza","status":"publish","type":"product","link":"https:\/\/staging.aldeco.pt\/es\/product\/piazza\/","title":{"rendered":"PIAZZA"},"content":{"rendered":"<p>La inspiraci\u00f3n para este dise\u00f1o de la era del Renacimiento recuerda los caminos atemporales y geom\u00e9tricos de la Plaza del Duomo. Hemos creado este hermoso bordado lleno de hilos dorados y met\u00e1licos sobre una base de seda, equilibrando la opulencia y la elegancia de este concepto. <\/p>\n","protected":false},"excerpt":{"rendered":"<p>La inspiraci\u00f3n para este dise\u00f1o de la era del Renacimiento recuerda los caminos atemporales y geom\u00e9tricos de la Plaza del Duomo. Hemos creado este hermoso bordado lleno de hilos dorados y met\u00e1licos sobre una base de seda, equilibrando la opulencia y la elegancia de este concepto. <\/p>\n<h2>Piazza, la inspiraci\u00f3n para este dise\u00f1o de la era del Renacimiento recuerda los caminos atemporales y geom\u00e9tricos de la Plaza del Duomo.<\/h2>\n<p><img fetchpriority=\"high\" decoding=\"async\" class=\"alignnone wp-image-212131 size-medium\" src=\"https:\/\/aldeco.pt\/staging\/wp-content\/uploads\/2024\/11\/T019500003-300x200.jpg\" alt=\"Piazza - Aldeco\" width=\"300\" height=\"200\"><\/p>\n<p><a href=\"https:\/\/aldeco.pt\/staging\/product\/piazza\/?attribute_pa_aldeco-color=02-silver-cream\">https:\/\/aldeco.pt\/staging\/product\/piazza\/?attribute_pa_aldeco-color=02-silver-cream<\/a><\/p>\n<p><a href=\"https:\/\/www.instagram.com\/aldeco_interiorfabrics\/\">https:\/\/www.instagram.com\/aldeco_interiorfabrics\/<\/a><\/p>\n","protected":false},"featured_media":206604,"template":"","meta":[],"product_brand":[],"product_cat":[6146],"product_tag":[],"class_list":{"0":"post-212136","1":"product","2":"type-product","3":"status-publish","4":"has-post-thumbnail","6":"product_cat-aldeco-2-es","7":"pa_cleanability-8283","8":"pa_composition-ext-base-10-silk-90-vi-embroidery-100-vi-es","9":"pa_line-oportunidades-es","10":"pa_lithfastness-4-es","11":"pa_opportunities-activo","12":"pa_range-bordado-es","13":"pa_rapport-horizontal-14-2-es","14":"pa_rapport-vertical-19-5-es","17":"first","18":"instock","19":"purchasable","20":"product-type-variable"},"acf":[],"_links":{"self":[{"href":"https:\/\/staging.aldeco.pt\/es\/wp-json\/wp\/v2\/product\/212136","targetHints":{"allow":["GET"]}}],"collection":[{"href":"https:\/\/staging.aldeco.pt\/es\/wp-json\/wp\/v2\/product"}],"about":[{"href":"https:\/\/staging.aldeco.pt\/es\/wp-json\/wp\/v2\/types\/product"}],"version-history":[{"count":1,"href":"https:\/\/staging.aldeco.pt\/es\/wp-json\/wp\/v2\/product\/212136\/revisions"}],"predecessor-version":[{"id":212219,"href":"https:\/\/staging.aldeco.pt\/es\/wp-json\/wp\/v2\/product\/212136\/revisions\/212219"}],"wp:featuredmedia":[{"embeddable":true,"href":"https:\/\/staging.aldeco.pt\/es\/wp-json\/wp\/v2\/media\/206604"}],"wp:attachment":[{"href":"https:\/\/staging.aldeco.pt\/es\/wp-json\/wp\/v2\/media?parent=212136"}],"wp:term":[{"taxonomy":"product_brand","embeddable":true,"href":"https:\/\/staging.aldeco.pt\/es\/wp-json\/wp\/v2\/product_brand?post=212136"},{"taxonomy":"product_cat","embeddable":true,"href":"https:\/\/staging.aldeco.pt\/es\/wp-json\/wp\/v2\/product_cat?post=212136"},{"taxonomy":"product_tag","embeddable":true,"href":"https:\/\/staging.aldeco.pt\/es\/wp-json\/wp\/v2\/product_tag?post=212136"}],"curies":[{"name":"wp","href":"https:\/\/api.w.org\/{rel}","templated":true}]}}