{"id":212122,"date":"2024-11-10T14:43:53","date_gmt":"2024-11-10T14:43:53","guid":{"rendered":"https:\/\/aldeco.pt\/staging\/product\/peep\/"},"modified":"2024-11-18T15:22:05","modified_gmt":"2024-11-18T15:22:05","slug":"peep","status":"publish","type":"product","link":"https:\/\/staging.aldeco.pt\/es\/product\/peep\/","title":{"rendered":"PEEP"},"content":{"rendered":"<p>PEEP est\u00e1 hecho de 100% poli\u00e9ster, muy suave al tacto. Debido a su resistencia y durabilidad, es perfecto para tapicer\u00eda elegante. <\/p>\n","protected":false},"excerpt":{"rendered":"<p>PEEP est\u00e1 hecho de 100% poli\u00e9ster, muy suave al tacto. Debido a su resistencia y durabilidad, es perfecto para tapicer\u00eda elegante. <\/p>\n<h2>PEEP est\u00e1 hecho de 100% poli\u00e9ster, muy suave al tacto. Debido a su resistencia y durabilidad, es perfecto para tapicer\u00eda elegante. <\/h2>\n<p><img fetchpriority=\"high\" decoding=\"async\" class=\"alignnone wp-image-212108 size-medium\" src=\"https:\/\/aldeco.pt\/staging\/wp-content\/uploads\/2024\/11\/T018530002-300x280.jpg\" alt=\"Peep - Aldeco\" width=\"300\" height=\"280\"><\/p>\n<p><a href=\"https:\/\/aldeco.pt\/staging\/product\/peep\/?attribute_pa_aldeco-color=01-ecru\">https:\/\/aldeco.pt\/staging\/product\/peep\/?attribute_pa_aldeco-color=01-ecru<\/a><\/p>\n<p><a href=\"https:\/\/www.instagram.com\/aldeco_interiorfabrics\/\">https:\/\/www.instagram.com\/aldeco_interiorfabrics\/<\/a><\/p>\n","protected":false},"featured_media":206588,"template":"","meta":[],"product_brand":[],"product_cat":[6146],"product_tag":[],"class_list":{"0":"post-212122","1":"product","2":"type-product","3":"status-publish","4":"has-post-thumbnail","6":"product_cat-aldeco-2-es","7":"pa_cleanability-8283","8":"pa_composition-ext-100-pl-es","9":"pa_line-oportunidades-es","10":"pa_lithfastness-4-es","11":"pa_opportunities-activo","12":"pa_range-liso-es","15":"first","16":"instock","17":"purchasable","18":"product-type-variable"},"acf":[],"_links":{"self":[{"href":"https:\/\/staging.aldeco.pt\/es\/wp-json\/wp\/v2\/product\/212122","targetHints":{"allow":["GET"]}}],"collection":[{"href":"https:\/\/staging.aldeco.pt\/es\/wp-json\/wp\/v2\/product"}],"about":[{"href":"https:\/\/staging.aldeco.pt\/es\/wp-json\/wp\/v2\/types\/product"}],"version-history":[{"count":1,"href":"https:\/\/staging.aldeco.pt\/es\/wp-json\/wp\/v2\/product\/212122\/revisions"}],"predecessor-version":[{"id":212218,"href":"https:\/\/staging.aldeco.pt\/es\/wp-json\/wp\/v2\/product\/212122\/revisions\/212218"}],"wp:featuredmedia":[{"embeddable":true,"href":"https:\/\/staging.aldeco.pt\/es\/wp-json\/wp\/v2\/media\/206588"}],"wp:attachment":[{"href":"https:\/\/staging.aldeco.pt\/es\/wp-json\/wp\/v2\/media?parent=212122"}],"wp:term":[{"taxonomy":"product_brand","embeddable":true,"href":"https:\/\/staging.aldeco.pt\/es\/wp-json\/wp\/v2\/product_brand?post=212122"},{"taxonomy":"product_cat","embeddable":true,"href":"https:\/\/staging.aldeco.pt\/es\/wp-json\/wp\/v2\/product_cat?post=212122"},{"taxonomy":"product_tag","embeddable":true,"href":"https:\/\/staging.aldeco.pt\/es\/wp-json\/wp\/v2\/product_tag?post=212122"}],"curies":[{"name":"wp","href":"https:\/\/api.w.org\/{rel}","templated":true}]}}