{"id":212035,"date":"2024-11-10T14:46:55","date_gmt":"2024-11-10T14:46:55","guid":{"rendered":"https:\/\/aldeco.pt\/staging\/product\/navigator-fr\/"},"modified":"2024-11-19T08:53:14","modified_gmt":"2024-11-19T08:53:14","slug":"navigator-fr","status":"publish","type":"product","link":"https:\/\/staging.aldeco.pt\/es\/product\/navigator-fr\/","title":{"rendered":"NAVIGATOR FR"},"content":{"rendered":"<p>NAVIGATOR FR es una tela duradera y resistente, con un patr\u00f3n geom\u00e9trico que es excelente para tapicer\u00eda, cojines y colchas elegantes.<\/p>\n","protected":false},"excerpt":{"rendered":"<p>NAVIGATOR FR es una tela duradera y resistente, con un patr\u00f3n geom\u00e9trico que es excelente para tapicer\u00eda, cojines y colchas elegantes.<\/p>\n<h2>NAVIGATOR FR es una tela duradera y resistente, con un patr\u00f3n geom\u00e9trico que es excelente para tapicer\u00eda, cojines y colchas elegantes.<\/h2>\n<p><img fetchpriority=\"high\" decoding=\"async\" class=\"alignnone wp-image-212030 size-medium\" src=\"https:\/\/aldeco.pt\/staging\/wp-content\/uploads\/2024\/11\/T017320001-300x280.jpg\" alt=\"Navigator Fr - Aldeco\" width=\"300\" height=\"280\"><\/p>\n<p><a href=\"https:\/\/aldeco.pt\/staging\/product\/navigator-fr\/?attribute_pa_aldeco-color=1\">https:\/\/aldeco.pt\/staging\/product\/navigator-fr\/?attribute_pa_aldeco-color=1<\/a><\/p>\n<p><a href=\"https:\/\/www.instagram.com\/aldeco_interiorfabrics\/\">https:\/\/www.instagram.com\/aldeco_interiorfabrics\/<\/a><\/p>\n","protected":false},"featured_media":166106,"template":"","meta":[],"product_brand":[],"product_cat":[6146],"product_tag":[],"class_list":{"0":"post-212035","1":"product","2":"type-product","3":"status-publish","4":"has-post-thumbnail","6":"product_cat-aldeco-2-es","7":"pa_cleanability-8283","8":"pa_composition-ext-100-pl-trevira-cs-es","9":"pa_line-oportunidades-es","10":"pa_lithfastness-5-es","11":"pa_opportunities-activo","12":"pa_rapport-horizontal-3-es","13":"pa_rapport-vertical-4-es","16":"first","17":"instock","18":"purchasable","19":"product-type-variable"},"acf":[],"_links":{"self":[{"href":"https:\/\/staging.aldeco.pt\/es\/wp-json\/wp\/v2\/product\/212035","targetHints":{"allow":["GET"]}}],"collection":[{"href":"https:\/\/staging.aldeco.pt\/es\/wp-json\/wp\/v2\/product"}],"about":[{"href":"https:\/\/staging.aldeco.pt\/es\/wp-json\/wp\/v2\/types\/product"}],"version-history":[{"count":1,"href":"https:\/\/staging.aldeco.pt\/es\/wp-json\/wp\/v2\/product\/212035\/revisions"}],"predecessor-version":[{"id":212064,"href":"https:\/\/staging.aldeco.pt\/es\/wp-json\/wp\/v2\/product\/212035\/revisions\/212064"}],"wp:featuredmedia":[{"embeddable":true,"href":"https:\/\/staging.aldeco.pt\/es\/wp-json\/wp\/v2\/media\/166106"}],"wp:attachment":[{"href":"https:\/\/staging.aldeco.pt\/es\/wp-json\/wp\/v2\/media?parent=212035"}],"wp:term":[{"taxonomy":"product_brand","embeddable":true,"href":"https:\/\/staging.aldeco.pt\/es\/wp-json\/wp\/v2\/product_brand?post=212035"},{"taxonomy":"product_cat","embeddable":true,"href":"https:\/\/staging.aldeco.pt\/es\/wp-json\/wp\/v2\/product_cat?post=212035"},{"taxonomy":"product_tag","embeddable":true,"href":"https:\/\/staging.aldeco.pt\/es\/wp-json\/wp\/v2\/product_tag?post=212035"}],"curies":[{"name":"wp","href":"https:\/\/api.w.org\/{rel}","templated":true}]}}