{"id":212009,"date":"2024-11-10T14:47:26","date_gmt":"2024-11-10T14:47:26","guid":{"rendered":"https:\/\/aldeco.pt\/staging\/product\/my-fair-lady\/"},"modified":"2024-11-19T09:44:50","modified_gmt":"2024-11-19T09:44:50","slug":"my-fair-lady","status":"publish","type":"product","link":"https:\/\/staging.aldeco.pt\/es\/product\/my-fair-lady\/","title":{"rendered":"MY FAIR LADY"},"content":{"rendered":"<p>Jacquard de damasco cl\u00e1sico y elegante. Esta tela incre\u00edble es adecuada para sillas, tapicer\u00eda ligera y cojines, cortinas y decoraci\u00f3n. <\/p>\n","protected":false},"excerpt":{"rendered":"<p>Jacquard de damasco cl\u00e1sico y elegante. Esta tela incre\u00edble es adecuada para sillas, tapicer\u00eda ligera y cojines, cortinas y decoraci\u00f3n. <\/p>\n<h2>My Fair Lady, jacquard de damasco cl\u00e1sico y elegante. Esta tela incre\u00edble es adecuada para sillas, tapicer\u00eda ligera y cojines, cortinas y decoraci\u00f3n. <\/h2>\n<p><img fetchpriority=\"high\" decoding=\"async\" class=\"alignnone wp-image-212003 size-medium\" src=\"https:\/\/aldeco.pt\/staging\/wp-content\/uploads\/2024\/11\/T017980002-300x280.jpg\" alt=\"My Fair Lady - Aldeco\" width=\"300\" height=\"280\"><\/p>\n<p><a href=\"https:\/\/aldeco.pt\/staging\/product\/my-fair-lady\/?attribute_pa_aldeco-color=1-lavender-mist\">https:\/\/aldeco.pt\/staging\/product\/my-fair-lady\/?attribute_pa_aldeco-color=1-lavender-mist<\/a><\/p>\n<p><a href=\"https:\/\/www.instagram.com\/aldeco_interiorfabrics\/\">https:\/\/www.instagram.com\/aldeco_interiorfabrics\/<\/a><\/p>\n","protected":false},"featured_media":206491,"template":"","meta":[],"product_brand":[],"product_cat":[6146],"product_tag":[],"class_list":{"0":"post-212009","1":"product","2":"type-product","3":"status-publish","4":"has-post-thumbnail","6":"product_cat-aldeco-2-es","7":"pa_cleanability-8283","8":"pa_composition-ext-62-pl-38-li-es","9":"pa_line-oportunidades-es","10":"pa_lithfastness-4-4-5-es","11":"pa_opportunities-activo","12":"pa_range-jacquard-es","13":"pa_range-satin-es","14":"pa_rapport-horizontal-24-5-es","15":"pa_rapport-vertical-44-es","18":"first","19":"instock","20":"purchasable","21":"product-type-variable"},"acf":[],"_links":{"self":[{"href":"https:\/\/staging.aldeco.pt\/es\/wp-json\/wp\/v2\/product\/212009","targetHints":{"allow":["GET"]}}],"collection":[{"href":"https:\/\/staging.aldeco.pt\/es\/wp-json\/wp\/v2\/product"}],"about":[{"href":"https:\/\/staging.aldeco.pt\/es\/wp-json\/wp\/v2\/types\/product"}],"version-history":[{"count":1,"href":"https:\/\/staging.aldeco.pt\/es\/wp-json\/wp\/v2\/product\/212009\/revisions"}],"predecessor-version":[{"id":212062,"href":"https:\/\/staging.aldeco.pt\/es\/wp-json\/wp\/v2\/product\/212009\/revisions\/212062"}],"wp:featuredmedia":[{"embeddable":true,"href":"https:\/\/staging.aldeco.pt\/es\/wp-json\/wp\/v2\/media\/206491"}],"wp:attachment":[{"href":"https:\/\/staging.aldeco.pt\/es\/wp-json\/wp\/v2\/media?parent=212009"}],"wp:term":[{"taxonomy":"product_brand","embeddable":true,"href":"https:\/\/staging.aldeco.pt\/es\/wp-json\/wp\/v2\/product_brand?post=212009"},{"taxonomy":"product_cat","embeddable":true,"href":"https:\/\/staging.aldeco.pt\/es\/wp-json\/wp\/v2\/product_cat?post=212009"},{"taxonomy":"product_tag","embeddable":true,"href":"https:\/\/staging.aldeco.pt\/es\/wp-json\/wp\/v2\/product_tag?post=212009"}],"curies":[{"name":"wp","href":"https:\/\/api.w.org\/{rel}","templated":true}]}}