{"id":211874,"date":"2024-11-10T14:50:15","date_gmt":"2024-11-10T14:50:15","guid":{"rendered":"https:\/\/aldeco.pt\/staging\/product\/meeting\/"},"modified":"2024-11-19T12:22:43","modified_gmt":"2024-11-19T12:22:43","slug":"meeting","status":"publish","type":"product","link":"https:\/\/staging.aldeco.pt\/es\/product\/meeting\/","title":{"rendered":"MEETING"},"content":{"rendered":"<p>MEETING WLB es una tela ligera con un patr\u00f3n geom\u00e9trico de puntos de diferentes tama\u00f1os. Es perfecta para cortinas. <\/p>\n","protected":false},"excerpt":{"rendered":"<p>MEETING WLB es una tela ligera con un patr\u00f3n geom\u00e9trico de puntos de diferentes tama\u00f1os. Es perfecta para cortinas. <\/p>\n<h2>MEETING WLB es una tela ligera con un patr\u00f3n geom\u00e9trico de puntos de diferentes tama\u00f1os. Es perfecta para cortinas. <\/h2>\n<p><img fetchpriority=\"high\" decoding=\"async\" class=\"alignnone wp-image-211865 size-medium\" src=\"https:\/\/aldeco.pt\/staging\/wp-content\/uploads\/2024\/11\/T016710002-300x280.jpg\" alt=\"Meeting Wlb - Aldeco\" width=\"300\" height=\"280\"><\/p>\n<p><a href=\"https:\/\/aldeco.pt\/staging\/product\/meeting\/?attribute_pa_aldeco-color=1\">https:\/\/aldeco.pt\/staging\/product\/meeting\/?attribute_pa_aldeco-color=1<\/a><\/p>\n<p><a href=\"https:\/\/www.instagram.com\/aldeco_interiorfabrics\/\">https:\/\/www.instagram.com\/aldeco_interiorfabrics\/<\/a><\/p>\n","protected":false},"featured_media":206413,"template":"","meta":[],"product_brand":[],"product_cat":[6146],"product_tag":[],"class_list":{"0":"post-211874","1":"product","2":"type-product","3":"status-publish","4":"has-post-thumbnail","6":"product_cat-aldeco-2-es","7":"pa_cleanability-8283","8":"pa_composition-ext-100-pl-es","9":"pa_line-oportunidades-es","10":"pa_lithfastness-4-5-es-2","11":"pa_opportunities-activo","12":"pa_range-transparencias","13":"pa_rapport-horizontal-53-5-es","14":"pa_rapport-vertical-59-5-es","17":"first","18":"instock","19":"purchasable","20":"product-type-variable"},"acf":[],"_links":{"self":[{"href":"https:\/\/staging.aldeco.pt\/es\/wp-json\/wp\/v2\/product\/211874","targetHints":{"allow":["GET"]}}],"collection":[{"href":"https:\/\/staging.aldeco.pt\/es\/wp-json\/wp\/v2\/product"}],"about":[{"href":"https:\/\/staging.aldeco.pt\/es\/wp-json\/wp\/v2\/types\/product"}],"version-history":[{"count":1,"href":"https:\/\/staging.aldeco.pt\/es\/wp-json\/wp\/v2\/product\/211874\/revisions"}],"predecessor-version":[{"id":211933,"href":"https:\/\/staging.aldeco.pt\/es\/wp-json\/wp\/v2\/product\/211874\/revisions\/211933"}],"wp:featuredmedia":[{"embeddable":true,"href":"https:\/\/staging.aldeco.pt\/es\/wp-json\/wp\/v2\/media\/206413"}],"wp:attachment":[{"href":"https:\/\/staging.aldeco.pt\/es\/wp-json\/wp\/v2\/media?parent=211874"}],"wp:term":[{"taxonomy":"product_brand","embeddable":true,"href":"https:\/\/staging.aldeco.pt\/es\/wp-json\/wp\/v2\/product_brand?post=211874"},{"taxonomy":"product_cat","embeddable":true,"href":"https:\/\/staging.aldeco.pt\/es\/wp-json\/wp\/v2\/product_cat?post=211874"},{"taxonomy":"product_tag","embeddable":true,"href":"https:\/\/staging.aldeco.pt\/es\/wp-json\/wp\/v2\/product_tag?post=211874"}],"curies":[{"name":"wp","href":"https:\/\/api.w.org\/{rel}","templated":true}]}}