{"id":211820,"date":"2024-11-10T14:52:05","date_gmt":"2024-11-10T14:52:05","guid":{"rendered":"https:\/\/aldeco.pt\/staging\/product\/mar\/"},"modified":"2024-11-19T15:00:05","modified_gmt":"2024-11-19T15:00:05","slug":"mar","status":"publish","type":"product","link":"https:\/\/staging.aldeco.pt\/es\/product\/mar\/","title":{"rendered":"MAR"},"content":{"rendered":"<p>MAR es una tela sint\u00e9tica altamente duradera, excelente para proyectos de tapicer\u00eda. Su textura suave y ondulada est\u00e1 inspirada en las olas del oc\u00e9ano. <\/p>\n","protected":false},"excerpt":{"rendered":"<p>MAR es una tela sint\u00e9tica altamente duradera, excelente para proyectos de tapicer\u00eda. Su textura suave y ondulada est\u00e1 inspirada en las olas del oc\u00e9ano. <\/p>\n<h2>MAR es una tela sint\u00e9tica altamente duradera, excelente para proyectos de tapicer\u00eda. Su textura suave y ondulada est\u00e1 inspirada en las olas del oc\u00e9ano. <\/h2>\n<p><img fetchpriority=\"high\" decoding=\"async\" class=\"alignnone wp-image-211810 size-medium\" src=\"https:\/\/aldeco.pt\/staging\/wp-content\/uploads\/2024\/11\/T018060556-300x280.jpg\" alt=\"Mar - Aldeco\" width=\"300\" height=\"280\"><\/p>\n<p><a href=\"https:\/\/www.instagram.com\/aldeco_interiorfabrics\/\">https:\/\/www.instagram.com\/aldeco_interiorfabrics\/<\/a><\/p>\n","protected":false},"featured_media":211803,"template":"","meta":[],"product_brand":[],"product_cat":[6146],"product_tag":[],"class_list":{"0":"post-211820","1":"product","2":"type-product","3":"status-publish","4":"has-post-thumbnail","6":"product_cat-aldeco-2-es","7":"pa_cleanability-8283","8":"pa_composition-ext-3-pu-75-pvc-22pl-fibres-pile-100-pl-fibres-es","9":"pa_line-oportunidades-es","10":"pa_lithfastness-9681","11":"pa_opportunities-activo","12":"pa_range-polipiel","13":"pa_rapport-horizontal-6-5-es","14":"pa_rapport-vertical-6-5-es","17":"first","18":"instock","19":"purchasable","20":"product-type-variable"},"acf":[],"_links":{"self":[{"href":"https:\/\/staging.aldeco.pt\/es\/wp-json\/wp\/v2\/product\/211820","targetHints":{"allow":["GET"]}}],"collection":[{"href":"https:\/\/staging.aldeco.pt\/es\/wp-json\/wp\/v2\/product"}],"about":[{"href":"https:\/\/staging.aldeco.pt\/es\/wp-json\/wp\/v2\/types\/product"}],"version-history":[{"count":1,"href":"https:\/\/staging.aldeco.pt\/es\/wp-json\/wp\/v2\/product\/211820\/revisions"}],"predecessor-version":[{"id":211930,"href":"https:\/\/staging.aldeco.pt\/es\/wp-json\/wp\/v2\/product\/211820\/revisions\/211930"}],"wp:featuredmedia":[{"embeddable":true,"href":"https:\/\/staging.aldeco.pt\/es\/wp-json\/wp\/v2\/media\/211803"}],"wp:attachment":[{"href":"https:\/\/staging.aldeco.pt\/es\/wp-json\/wp\/v2\/media?parent=211820"}],"wp:term":[{"taxonomy":"product_brand","embeddable":true,"href":"https:\/\/staging.aldeco.pt\/es\/wp-json\/wp\/v2\/product_brand?post=211820"},{"taxonomy":"product_cat","embeddable":true,"href":"https:\/\/staging.aldeco.pt\/es\/wp-json\/wp\/v2\/product_cat?post=211820"},{"taxonomy":"product_tag","embeddable":true,"href":"https:\/\/staging.aldeco.pt\/es\/wp-json\/wp\/v2\/product_tag?post=211820"}],"curies":[{"name":"wp","href":"https:\/\/api.w.org\/{rel}","templated":true}]}}