{"id":211670,"date":"2024-11-10T14:55:21","date_gmt":"2024-11-10T14:55:21","guid":{"rendered":"https:\/\/aldeco.pt\/staging\/product\/lucky\/"},"modified":"2024-11-26T08:53:02","modified_gmt":"2024-11-26T08:53:02","slug":"lucky","status":"publish","type":"product","link":"https:\/\/staging.aldeco.pt\/es\/product\/lucky\/","title":{"rendered":"LUCKY"},"content":{"rendered":"<p>LUCKY es una tela hecha de viscosa y algod\u00f3n, muy suave al tacto, perfecta para tapicer\u00eda y cojines elegantes. Presenta un patr\u00f3n con micro motivos geom\u00e9tricos y un brillo elegante. <\/p>\n","protected":false},"excerpt":{"rendered":"<p>LUCKY es una tela hecha de viscosa y algod\u00f3n, muy suave al tacto, perfecta para tapicer\u00eda y cojines elegantes. Presenta un patr\u00f3n con micro motivos geom\u00e9tricos y un brillo elegante. <\/p>\n<h2>LUCKY es una tela hecha de viscosa y algod\u00f3n, muy suave al tacto, perfecta para tapicer\u00eda y cojines elegantes.<\/h2>\n<p><img fetchpriority=\"high\" decoding=\"async\" class=\"alignnone size-medium wp-image-211655\" src=\"https:\/\/aldeco.pt\/staging\/wp-content\/uploads\/2024\/11\/T018560003-300x280.jpg\" alt=\"\" width=\"300\" height=\"280\"><\/p>\n<p><a href=\"https:\/\/aldeco.pt\/staging\/product\/lucky\/?attribute_pa_aldeco-color=03-sesame\">https:\/\/aldeco.pt\/staging\/product\/lucky\/?attribute_pa_aldeco-color=03-sesame<\/a><\/p>\n<p><a href=\"https:\/\/www.instagram.com\/aldeco_interiorfabrics\/\">https:\/\/www.instagram.com\/aldeco_interiorfabrics\/<\/a><\/p>\n","protected":false},"featured_media":206266,"template":"","meta":[],"product_brand":[],"product_cat":[6146],"product_tag":[],"class_list":{"0":"post-211670","1":"product","2":"type-product","3":"status-publish","4":"has-post-thumbnail","6":"product_cat-aldeco-2-es","7":"pa_cleanability-8283","8":"pa_composition-ext-66-vi-22-li-12-co-es","9":"pa_line-oportunidades-es","10":"pa_lithfastness-5-es","11":"pa_opportunities-activo","12":"pa_range-liso-es","15":"first","16":"instock","17":"purchasable","18":"product-type-variable"},"acf":[],"_links":{"self":[{"href":"https:\/\/staging.aldeco.pt\/es\/wp-json\/wp\/v2\/product\/211670","targetHints":{"allow":["GET"]}}],"collection":[{"href":"https:\/\/staging.aldeco.pt\/es\/wp-json\/wp\/v2\/product"}],"about":[{"href":"https:\/\/staging.aldeco.pt\/es\/wp-json\/wp\/v2\/types\/product"}],"version-history":[{"count":1,"href":"https:\/\/staging.aldeco.pt\/es\/wp-json\/wp\/v2\/product\/211670\/revisions"}],"predecessor-version":[{"id":211678,"href":"https:\/\/staging.aldeco.pt\/es\/wp-json\/wp\/v2\/product\/211670\/revisions\/211678"}],"wp:featuredmedia":[{"embeddable":true,"href":"https:\/\/staging.aldeco.pt\/es\/wp-json\/wp\/v2\/media\/206266"}],"wp:attachment":[{"href":"https:\/\/staging.aldeco.pt\/es\/wp-json\/wp\/v2\/media?parent=211670"}],"wp:term":[{"taxonomy":"product_brand","embeddable":true,"href":"https:\/\/staging.aldeco.pt\/es\/wp-json\/wp\/v2\/product_brand?post=211670"},{"taxonomy":"product_cat","embeddable":true,"href":"https:\/\/staging.aldeco.pt\/es\/wp-json\/wp\/v2\/product_cat?post=211670"},{"taxonomy":"product_tag","embeddable":true,"href":"https:\/\/staging.aldeco.pt\/es\/wp-json\/wp\/v2\/product_tag?post=211670"}],"curies":[{"name":"wp","href":"https:\/\/api.w.org\/{rel}","templated":true}]}}