{"id":211635,"date":"2024-11-10T14:57:02","date_gmt":"2024-11-10T14:57:02","guid":{"rendered":"https:\/\/aldeco.pt\/staging\/product\/lizzard\/"},"modified":"2024-11-26T08:53:00","modified_gmt":"2024-11-26T08:53:00","slug":"lizzard","status":"publish","type":"product","link":"https:\/\/staging.aldeco.pt\/es\/product\/lizzard\/","title":{"rendered":"LIZZARD"},"content":{"rendered":"<p>LIZZARD presenta un elegante relieve similar a la piel de cocodrilo, con una textura incre\u00edble al tacto. Este fant\u00e1stico material sint\u00e9tico es perfecto para proyectos de tapicer\u00eda y cojines lujosos. <\/p>\n","protected":false},"excerpt":{"rendered":"<p>LIZZARD presenta un elegante relieve similar a la piel de cocodrilo, con una textura incre\u00edble al tacto. Este fant\u00e1stico material sint\u00e9tico es perfecto para proyectos de tapicer\u00eda y cojines lujosos. <\/p>\n<h2>LIZZARD presenta un elegante relieve similar a la piel de cocodrilo, con una textura incre\u00edble al tacto. Este fant\u00e1stico material sint\u00e9tico es perfecto para proyectos de tapicer\u00eda y cojines lujosos. <\/h2>\n<p><img fetchpriority=\"high\" decoding=\"async\" class=\"alignnone wp-image-211624 size-medium\" src=\"https:\/\/aldeco.pt\/staging\/wp-content\/uploads\/2024\/11\/T018060630-300x280.jpg\" alt=\"Lizzard - Aldeco\" width=\"300\" height=\"280\"><\/p>\n<p><a href=\"https:\/\/aldeco.pt\/staging\/product\/lizzard\/?attribute_pa_aldeco-color=1230-bright-white\">https:\/\/aldeco.pt\/staging\/product\/lizzard\/?attribute_pa_aldeco-color=1230-bright-white<\/a><\/p>\n<p><a href=\"https:\/\/www.instagram.com\/aldeco_interiorfabrics\/\">https:\/\/www.instagram.com\/aldeco_interiorfabrics\/<\/a><\/p>\n","protected":false},"featured_media":211626,"template":"","meta":[],"product_brand":[],"product_cat":[6146],"product_tag":[],"class_list":{"0":"post-211635","1":"product","2":"type-product","3":"status-publish","4":"has-post-thumbnail","6":"product_cat-aldeco-2-es","7":"pa_cleanability-8283","8":"pa_composition-ext-76-pvc-24-pl-fibres-es","9":"pa_line-oportunidades-es","10":"pa_lithfastness-9681","11":"pa_opportunities-activo","12":"pa_range-polipiel","13":"pa_rapport-horizontal-29-es","14":"pa_rapport-vertical-34-es","17":"first","18":"instock","19":"purchasable","20":"product-type-variable"},"acf":[],"_links":{"self":[{"href":"https:\/\/staging.aldeco.pt\/es\/wp-json\/wp\/v2\/product\/211635","targetHints":{"allow":["GET"]}}],"collection":[{"href":"https:\/\/staging.aldeco.pt\/es\/wp-json\/wp\/v2\/product"}],"about":[{"href":"https:\/\/staging.aldeco.pt\/es\/wp-json\/wp\/v2\/types\/product"}],"version-history":[{"count":1,"href":"https:\/\/staging.aldeco.pt\/es\/wp-json\/wp\/v2\/product\/211635\/revisions"}],"predecessor-version":[{"id":211659,"href":"https:\/\/staging.aldeco.pt\/es\/wp-json\/wp\/v2\/product\/211635\/revisions\/211659"}],"wp:featuredmedia":[{"embeddable":true,"href":"https:\/\/staging.aldeco.pt\/es\/wp-json\/wp\/v2\/media\/211626"}],"wp:attachment":[{"href":"https:\/\/staging.aldeco.pt\/es\/wp-json\/wp\/v2\/media?parent=211635"}],"wp:term":[{"taxonomy":"product_brand","embeddable":true,"href":"https:\/\/staging.aldeco.pt\/es\/wp-json\/wp\/v2\/product_brand?post=211635"},{"taxonomy":"product_cat","embeddable":true,"href":"https:\/\/staging.aldeco.pt\/es\/wp-json\/wp\/v2\/product_cat?post=211635"},{"taxonomy":"product_tag","embeddable":true,"href":"https:\/\/staging.aldeco.pt\/es\/wp-json\/wp\/v2\/product_tag?post=211635"}],"curies":[{"name":"wp","href":"https:\/\/api.w.org\/{rel}","templated":true}]}}