{"id":211584,"date":"2024-11-10T14:57:15","date_gmt":"2024-11-10T14:57:15","guid":{"rendered":"https:\/\/aldeco.pt\/staging\/product\/lisboa\/"},"modified":"2024-11-26T08:52:59","modified_gmt":"2024-11-26T08:52:59","slug":"lisboa","status":"publish","type":"product","link":"https:\/\/staging.aldeco.pt\/es\/product\/lisboa\/","title":{"rendered":"LISBOA"},"content":{"rendered":"<p>LISBOA es una tela con hilos de chenilla muy suaves, creando un patr\u00f3n de aspecto \u00e9tnico. Ofrece gran durabilidad y resistencia, lo que la hace excelente para tapicer\u00eda y cojines. <\/p>\n","protected":false},"excerpt":{"rendered":"<p>LISBOA es una tela con hilos de chenilla muy suaves, creando un patr\u00f3n de aspecto \u00e9tnico. Ofrece gran durabilidad y resistencia, lo que la hace excelente para tapicer\u00eda y cojines. <\/p>\n<h2>LISBOA es una tela con hilos de chenilla muy suaves, creando un patr\u00f3n de aspecto \u00e9tnico. Ofrece gran durabilidad y resistencia, lo que la hace excelente para tapicer\u00eda y cojines. <\/h2>\n<p><img fetchpriority=\"high\" decoding=\"async\" class=\"alignnone wp-image-211573 size-medium\" src=\"https:\/\/aldeco.pt\/staging\/wp-content\/uploads\/2024\/11\/T017120003-300x280.jpg\" alt=\"Lisboa - Aldeco\" width=\"300\" height=\"280\"><\/p>\n<p><a href=\"https:\/\/aldeco.pt\/staging\/product\/lisboa\/?attribute_pa_aldeco-color=4\">https:\/\/aldeco.pt\/staging\/product\/lisboa\/?attribute_pa_aldeco-color=4<\/a><\/p>\n<p><a href=\"https:\/\/www.instagram.com\/aldeco_interiorfabrics\/\">https:\/\/www.instagram.com\/aldeco_interiorfabrics\/<\/a><\/p>\n","protected":false},"featured_media":206216,"template":"","meta":[],"product_brand":[],"product_cat":[6146],"product_tag":[],"class_list":{"0":"post-211584","1":"product","2":"type-product","3":"status-publish","4":"has-post-thumbnail","6":"product_cat-aldeco-2-es","7":"pa_cleanability-8283","8":"pa_composition-ext-73-co-27-vi-es","9":"pa_line-oportunidades-es","10":"pa_lithfastness-9681","11":"pa_opportunities-activo","12":"pa_range-jacquard-es","13":"pa_rapport-horizontal-37-5-es","14":"pa_rapport-vertical-45-5-es","17":"first","18":"instock","19":"purchasable","20":"product-type-variable"},"acf":[],"_links":{"self":[{"href":"https:\/\/staging.aldeco.pt\/es\/wp-json\/wp\/v2\/product\/211584","targetHints":{"allow":["GET"]}}],"collection":[{"href":"https:\/\/staging.aldeco.pt\/es\/wp-json\/wp\/v2\/product"}],"about":[{"href":"https:\/\/staging.aldeco.pt\/es\/wp-json\/wp\/v2\/types\/product"}],"version-history":[{"count":1,"href":"https:\/\/staging.aldeco.pt\/es\/wp-json\/wp\/v2\/product\/211584\/revisions"}],"predecessor-version":[{"id":211622,"href":"https:\/\/staging.aldeco.pt\/es\/wp-json\/wp\/v2\/product\/211584\/revisions\/211622"}],"wp:featuredmedia":[{"embeddable":true,"href":"https:\/\/staging.aldeco.pt\/es\/wp-json\/wp\/v2\/media\/206216"}],"wp:attachment":[{"href":"https:\/\/staging.aldeco.pt\/es\/wp-json\/wp\/v2\/media?parent=211584"}],"wp:term":[{"taxonomy":"product_brand","embeddable":true,"href":"https:\/\/staging.aldeco.pt\/es\/wp-json\/wp\/v2\/product_brand?post=211584"},{"taxonomy":"product_cat","embeddable":true,"href":"https:\/\/staging.aldeco.pt\/es\/wp-json\/wp\/v2\/product_cat?post=211584"},{"taxonomy":"product_tag","embeddable":true,"href":"https:\/\/staging.aldeco.pt\/es\/wp-json\/wp\/v2\/product_tag?post=211584"}],"curies":[{"name":"wp","href":"https:\/\/api.w.org\/{rel}","templated":true}]}}