{"id":211408,"date":"2024-11-10T15:01:39","date_gmt":"2024-11-10T15:01:39","guid":{"rendered":"https:\/\/aldeco.pt\/staging\/product\/infante\/"},"modified":"2024-11-26T08:52:49","modified_gmt":"2024-11-26T08:52:49","slug":"infante","status":"publish","type":"product","link":"https:\/\/staging.aldeco.pt\/es\/product\/infante\/","title":{"rendered":"INFANTE"},"content":{"rendered":"<p>INFANTE presenta l\u00edneas que crean un patr\u00f3n con la impresi\u00f3n de movimiento. Una excelente tela para tapicer\u00eda y cojines. <\/p>\n","protected":false},"excerpt":{"rendered":"<p>INFANTE presenta l\u00edneas que crean un patr\u00f3n con la impresi\u00f3n de movimiento. Una excelente tela para tapicer\u00eda y cojines. <\/p>\n<h2>INFANTE presenta l\u00edneas que crean un patr\u00f3n con la impresi\u00f3n de movimiento. Una excelente tela para tapicer\u00eda y cojines. <\/h2>\n<p><img fetchpriority=\"high\" decoding=\"async\" class=\"alignnone wp-image-211388 size-medium\" src=\"https:\/\/aldeco.pt\/staging\/wp-content\/uploads\/2024\/11\/T017110013-300x280.jpg\" alt=\"Infante - Aldeco\" width=\"300\" height=\"280\"><\/p>\n<p><a href=\"https:\/\/aldeco.pt\/staging\/product\/infante\/?attribute_pa_aldeco-color=4-fossil\">https:\/\/aldeco.pt\/staging\/product\/infante\/?attribute_pa_aldeco-color=4-fossil<\/a><\/p>\n<p><a href=\"https:\/\/www.instagram.com\/aldeco_interiorfabrics\/\">https:\/\/www.instagram.com\/aldeco_interiorfabrics\/<\/a><\/p>\n","protected":false},"featured_media":206110,"template":"","meta":[],"product_brand":[],"product_cat":[6146],"product_tag":[],"class_list":{"0":"post-211408","1":"product","2":"type-product","3":"status-publish","4":"has-post-thumbnail","6":"product_cat-aldeco-2-es","7":"pa_cleanability-8283","8":"pa_composition-ext-67-co-33-vi-es","9":"pa_line-oportunidades-es","10":"pa_lithfastness-9681","11":"pa_opportunities-activo","12":"pa_range-liso-es","13":"pa_rapport-horizontal-5-es","14":"pa_rapport-vertical-0-es","17":"first","18":"instock","19":"purchasable","20":"product-type-variable"},"acf":[],"_links":{"self":[{"href":"https:\/\/staging.aldeco.pt\/es\/wp-json\/wp\/v2\/product\/211408","targetHints":{"allow":["GET"]}}],"collection":[{"href":"https:\/\/staging.aldeco.pt\/es\/wp-json\/wp\/v2\/product"}],"about":[{"href":"https:\/\/staging.aldeco.pt\/es\/wp-json\/wp\/v2\/types\/product"}],"version-history":[{"count":1,"href":"https:\/\/staging.aldeco.pt\/es\/wp-json\/wp\/v2\/product\/211408\/revisions"}],"predecessor-version":[{"id":211445,"href":"https:\/\/staging.aldeco.pt\/es\/wp-json\/wp\/v2\/product\/211408\/revisions\/211445"}],"wp:featuredmedia":[{"embeddable":true,"href":"https:\/\/staging.aldeco.pt\/es\/wp-json\/wp\/v2\/media\/206110"}],"wp:attachment":[{"href":"https:\/\/staging.aldeco.pt\/es\/wp-json\/wp\/v2\/media?parent=211408"}],"wp:term":[{"taxonomy":"product_brand","embeddable":true,"href":"https:\/\/staging.aldeco.pt\/es\/wp-json\/wp\/v2\/product_brand?post=211408"},{"taxonomy":"product_cat","embeddable":true,"href":"https:\/\/staging.aldeco.pt\/es\/wp-json\/wp\/v2\/product_cat?post=211408"},{"taxonomy":"product_tag","embeddable":true,"href":"https:\/\/staging.aldeco.pt\/es\/wp-json\/wp\/v2\/product_tag?post=211408"}],"curies":[{"name":"wp","href":"https:\/\/api.w.org\/{rel}","templated":true}]}}