{"id":211375,"date":"2024-11-10T15:03:16","date_gmt":"2024-11-10T15:03:16","guid":{"rendered":"https:\/\/aldeco.pt\/staging\/product\/hot-air-balloons\/"},"modified":"2024-11-26T08:52:47","modified_gmt":"2024-11-26T08:52:47","slug":"hot-air-balloons","status":"publish","type":"product","link":"https:\/\/staging.aldeco.pt\/es\/product\/hot-air-balloons\/","title":{"rendered":"HOT AIR BALLOONS"},"content":{"rendered":"<p>Desde ser astronauta hasta volar por el mundo, esta tela es el sue\u00f1o de cualquier ni\u00f1o. Hecha de 100% algod\u00f3n bordado sobre una base de lino, \u00a1prep\u00e1rate para dejar volar tu imaginaci\u00f3n en un globo aerost\u00e1tico! <\/p>\n","protected":false},"excerpt":{"rendered":"<p>Desde ser astronauta hasta volar por el mundo, esta tela es el sue\u00f1o de cualquier ni\u00f1o. Hecha de 100% algod\u00f3n bordado sobre una base de lino, \u00a1prep\u00e1rate para dejar volar tu imaginaci\u00f3n en un globo aerost\u00e1tico! <\/p>\n<h2>Hot Air Ballons, desde ser astronauta hasta volar por el mundo, esta tela es el sue\u00f1o de cualquier ni\u00f1o.<\/h2>\n<p><img fetchpriority=\"high\" decoding=\"async\" class=\"alignnone wp-image-211368 size-medium\" src=\"https:\/\/aldeco.pt\/staging\/wp-content\/uploads\/2024\/11\/T019020001-300x240.jpg\" alt=\"Hot Air Ballons - Aldeco\" width=\"300\" height=\"240\"><\/p>\n<p><a href=\"https:\/\/aldeco.pt\/staging\/product\/hot-air-balloons\/?attribute_pa_aldeco-color=01-cool-party\">https:\/\/aldeco.pt\/staging\/product\/hot-air-balloons\/?attribute_pa_aldeco-color=01-cool-party<\/a><\/p>\n<p style=\"text-align: left\"><a href=\"https:\/\/www.instagram.com\/aldeco_interiorfabrics\/\">https:\/\/www.instagram.com\/aldeco_interiorfabrics\/<\/a><\/p>\n","protected":false},"featured_media":206087,"template":"","meta":[],"product_brand":[],"product_cat":[6146],"product_tag":[],"class_list":{"0":"post-211375","1":"product","2":"type-product","3":"status-publish","4":"has-post-thumbnail","6":"product_cat-aldeco-2-es","7":"pa_cleanability-8283","8":"pa_composition-ext-base-100-li-bordado-100-co-es","9":"pa_line-oportunidades-es","10":"pa_lithfastness-9681","11":"pa_opportunities-activo","12":"pa_range-bordado-es","13":"pa_rapport-horizontal-64-es","14":"pa_rapport-vertical-47-5-es","17":"first","18":"instock","19":"purchasable","20":"product-type-variable"},"acf":[],"_links":{"self":[{"href":"https:\/\/staging.aldeco.pt\/es\/wp-json\/wp\/v2\/product\/211375","targetHints":{"allow":["GET"]}}],"collection":[{"href":"https:\/\/staging.aldeco.pt\/es\/wp-json\/wp\/v2\/product"}],"about":[{"href":"https:\/\/staging.aldeco.pt\/es\/wp-json\/wp\/v2\/types\/product"}],"version-history":[{"count":1,"href":"https:\/\/staging.aldeco.pt\/es\/wp-json\/wp\/v2\/product\/211375\/revisions"}],"predecessor-version":[{"id":211443,"href":"https:\/\/staging.aldeco.pt\/es\/wp-json\/wp\/v2\/product\/211375\/revisions\/211443"}],"wp:featuredmedia":[{"embeddable":true,"href":"https:\/\/staging.aldeco.pt\/es\/wp-json\/wp\/v2\/media\/206087"}],"wp:attachment":[{"href":"https:\/\/staging.aldeco.pt\/es\/wp-json\/wp\/v2\/media?parent=211375"}],"wp:term":[{"taxonomy":"product_brand","embeddable":true,"href":"https:\/\/staging.aldeco.pt\/es\/wp-json\/wp\/v2\/product_brand?post=211375"},{"taxonomy":"product_cat","embeddable":true,"href":"https:\/\/staging.aldeco.pt\/es\/wp-json\/wp\/v2\/product_cat?post=211375"},{"taxonomy":"product_tag","embeddable":true,"href":"https:\/\/staging.aldeco.pt\/es\/wp-json\/wp\/v2\/product_tag?post=211375"}],"curies":[{"name":"wp","href":"https:\/\/api.w.org\/{rel}","templated":true}]}}