{"id":211170,"date":"2024-11-10T15:09:21","date_gmt":"2024-11-10T15:09:21","guid":{"rendered":"https:\/\/aldeco.pt\/staging\/product\/fortune\/"},"modified":"2024-11-26T08:52:38","modified_gmt":"2024-11-26T08:52:38","slug":"fortune","status":"publish","type":"product","link":"https:\/\/staging.aldeco.pt\/es\/product\/fortune\/","title":{"rendered":"FORTUNE"},"content":{"rendered":"<p>FORTUNE es una tela con un elegante patr\u00f3n geom\u00e9trico de dos tonos. Su resistencia y durabilidad la hacen perfecta para tapicer\u00eda y cojines exquisitos. <\/p>\n","protected":false},"excerpt":{"rendered":"<p>FORTUNE es una tela con un elegante patr\u00f3n geom\u00e9trico de dos tonos. Su resistencia y durabilidad la hacen perfecta para tapicer\u00eda y cojines exquisitos. <\/p>\n<h2>FORTUNE es una tela con un elegante patr\u00f3n geom\u00e9trico de dos tonos. Su resistencia y durabilidad la hacen perfecta para tapicer\u00eda y cojines exquisitos. <\/h2>\n<p><img fetchpriority=\"high\" decoding=\"async\" class=\"alignnone wp-image-211162 size-medium\" src=\"https:\/\/aldeco.pt\/staging\/wp-content\/uploads\/2024\/11\/T017870007-300x280.jpg\" alt=\"Fortune - aldeco\" width=\"300\" height=\"280\"><\/p>\n<p><a href=\"https:\/\/aldeco.pt\/staging\/product\/fortune\/?attribute_pa_aldeco-color=01-white\">https:\/\/aldeco.pt\/staging\/product\/fortune\/?attribute_pa_aldeco-color=01-white<\/a><\/p>\n<p><a href=\"https:\/\/www.instagram.com\/aldeco_interiorfabrics\/\">https:\/\/www.instagram.com\/aldeco_interiorfabrics\/<\/a><\/p>\n","protected":false},"featured_media":205902,"template":"","meta":[],"product_brand":[],"product_cat":[6146],"product_tag":[],"class_list":{"0":"post-211170","1":"product","2":"type-product","3":"status-publish","4":"has-post-thumbnail","6":"product_cat-aldeco-2-es","7":"pa_cleanability-8283","8":"pa_composition-ext-37-pl-27-vi-24-co-12-li-es","9":"pa_line-oportunidades-es","10":"pa_lithfastness-4-es","11":"pa_opportunities-activo","12":"pa_range-jacquard-es","13":"pa_rapport-horizontal-7-5-es","14":"pa_rapport-vertical-7-5-es","17":"first","18":"instock","19":"purchasable","20":"product-type-variable"},"acf":[],"_links":{"self":[{"href":"https:\/\/staging.aldeco.pt\/es\/wp-json\/wp\/v2\/product\/211170","targetHints":{"allow":["GET"]}}],"collection":[{"href":"https:\/\/staging.aldeco.pt\/es\/wp-json\/wp\/v2\/product"}],"about":[{"href":"https:\/\/staging.aldeco.pt\/es\/wp-json\/wp\/v2\/types\/product"}],"version-history":[{"count":1,"href":"https:\/\/staging.aldeco.pt\/es\/wp-json\/wp\/v2\/product\/211170\/revisions"}],"predecessor-version":[{"id":211228,"href":"https:\/\/staging.aldeco.pt\/es\/wp-json\/wp\/v2\/product\/211170\/revisions\/211228"}],"wp:featuredmedia":[{"embeddable":true,"href":"https:\/\/staging.aldeco.pt\/es\/wp-json\/wp\/v2\/media\/205902"}],"wp:attachment":[{"href":"https:\/\/staging.aldeco.pt\/es\/wp-json\/wp\/v2\/media?parent=211170"}],"wp:term":[{"taxonomy":"product_brand","embeddable":true,"href":"https:\/\/staging.aldeco.pt\/es\/wp-json\/wp\/v2\/product_brand?post=211170"},{"taxonomy":"product_cat","embeddable":true,"href":"https:\/\/staging.aldeco.pt\/es\/wp-json\/wp\/v2\/product_cat?post=211170"},{"taxonomy":"product_tag","embeddable":true,"href":"https:\/\/staging.aldeco.pt\/es\/wp-json\/wp\/v2\/product_tag?post=211170"}],"curies":[{"name":"wp","href":"https:\/\/api.w.org\/{rel}","templated":true}]}}