{"id":210254,"date":"2024-10-09T10:44:21","date_gmt":"2024-10-09T10:44:21","guid":{"rendered":"https:\/\/aldeco.pt\/staging\/product\/dear\/"},"modified":"2024-10-09T10:44:21","modified_gmt":"2024-10-09T10:44:21","slug":"dear","status":"publish","type":"product","link":"https:\/\/staging.aldeco.pt\/es\/product\/dear\/","title":{"rendered":"DEAR"},"content":{"rendered":"<p>Tela incre\u00edblemente resistente, con 106.000 ciclos de abrasi\u00f3n. Esta tela es la elecci\u00f3n perfecta para entornos exigentes. <\/p>\n","protected":false},"excerpt":{"rendered":"<p>Tela incre\u00edblemente resistente, con 106.000 ciclos de abrasi\u00f3n. Esta tela es la elecci\u00f3n perfecta para entornos exigentes. <\/p>\n<h2>Dear, tela incre\u00edblemente resistente, con 106.000 ciclos de abrasi\u00f3n. Esta tela es la elecci\u00f3n perfecta para entornos exigentes. <\/h2>\n<p><img fetchpriority=\"high\" decoding=\"async\" class=\"alignnone wp-image-210246 size-medium\" src=\"https:\/\/aldeco.pt\/staging\/wp-content\/uploads\/2024\/10\/T018760006-1-300x280.jpg\" alt=\"Dear - Aldeco\" width=\"300\" height=\"280\"><\/p>\n<p><a href=\"https:\/\/www.instagram.com\/aldeco_interiorfabrics\/\">https:\/\/www.instagram.com\/aldeco_interiorfabrics\/<\/a><\/p>\n<p><a href=\"https:\/\/aldeco.pt\/staging\/product\/dear\/?attribute_pa_aldeco-color=03-sand\">https:\/\/aldeco.pt\/staging\/product\/dear\/?attribute_pa_aldeco-color=03-sand<\/a><\/p>\n","protected":false},"featured_media":218723,"template":"","meta":[],"product_brand":[],"product_cat":[6146],"product_tag":[],"class_list":{"0":"post-210254","1":"product","2":"type-product","3":"status-publish","4":"has-post-thumbnail","6":"product_cat-aldeco-2-es","7":"pa_cleanability-8283","8":"pa_composition-ext-68-pes-32-co-es","9":"pa_line-oportunidades-es","10":"pa_line-telas","11":"pa_lithfastness-5-6-es","12":"pa_opportunities-activo","13":"pa_outdoor-0-es","16":"first","17":"instock","18":"purchasable","19":"product-type-variable"},"acf":[],"_links":{"self":[{"href":"https:\/\/staging.aldeco.pt\/es\/wp-json\/wp\/v2\/product\/210254","targetHints":{"allow":["GET"]}}],"collection":[{"href":"https:\/\/staging.aldeco.pt\/es\/wp-json\/wp\/v2\/product"}],"about":[{"href":"https:\/\/staging.aldeco.pt\/es\/wp-json\/wp\/v2\/types\/product"}],"version-history":[{"count":0,"href":"https:\/\/staging.aldeco.pt\/es\/wp-json\/wp\/v2\/product\/210254\/revisions"}],"wp:featuredmedia":[{"embeddable":true,"href":"https:\/\/staging.aldeco.pt\/es\/wp-json\/wp\/v2\/media\/218723"}],"wp:attachment":[{"href":"https:\/\/staging.aldeco.pt\/es\/wp-json\/wp\/v2\/media?parent=210254"}],"wp:term":[{"taxonomy":"product_brand","embeddable":true,"href":"https:\/\/staging.aldeco.pt\/es\/wp-json\/wp\/v2\/product_brand?post=210254"},{"taxonomy":"product_cat","embeddable":true,"href":"https:\/\/staging.aldeco.pt\/es\/wp-json\/wp\/v2\/product_cat?post=210254"},{"taxonomy":"product_tag","embeddable":true,"href":"https:\/\/staging.aldeco.pt\/es\/wp-json\/wp\/v2\/product_tag?post=210254"}],"curies":[{"name":"wp","href":"https:\/\/api.w.org\/{rel}","templated":true}]}}