{"id":210215,"date":"2024-10-09T10:39:31","date_gmt":"2024-10-09T10:39:31","guid":{"rendered":"https:\/\/aldeco.pt\/staging\/product\/crush\/"},"modified":"2024-10-09T10:39:31","modified_gmt":"2024-10-09T10:39:31","slug":"crush","status":"publish","type":"product","link":"https:\/\/staging.aldeco.pt\/es\/product\/crush\/","title":{"rendered":"CRUSH"},"content":{"rendered":"<p>CRUSH es una tela de textura suave hecha de cuero sint\u00e9tico. Esta tela vers\u00e1til y de aspecto elegante es perfecta para tapicer\u00eda y cojines <\/p>\n","protected":false},"excerpt":{"rendered":"<p>CRUSH es una tela de textura suave hecha de cuero sint\u00e9tico. Esta tela vers\u00e1til y de aspecto elegante es perfecta para tapicer\u00eda y cojines <\/p>\n<h2>CRUSH es una tela de textura suave hecha de cuero sint\u00e9tico. Esta tela vers\u00e1til y de aspecto elegante es perfecta para tapicer\u00eda y cojines <\/h2>\n<p><img fetchpriority=\"high\" decoding=\"async\" class=\"alignnone wp-image-210197 size-medium\" src=\"https:\/\/aldeco.pt\/staging\/wp-content\/uploads\/2024\/10\/T018040005-1-300x300.jpg\" alt=\"Crush - Aldeco\" width=\"300\" height=\"300\"><\/p>\n<p><a href=\"https:\/\/aldeco.pt\/staging\/product\/crush\/?attribute_pa_aldeco-color=4\">https:\/\/aldeco.pt\/staging\/product\/crush\/?attribute_pa_aldeco-color=4<\/p>\n<p><\/a><\/p>\n<p><a href=\"https:\/\/www.instagram.com\/aldeco_interiorfabrics\/\">https:\/\/www.instagram.com\/aldeco_interiorfabrics\/<\/a><\/p>\n<p>&nbsp;<\/p>\n","protected":false},"featured_media":210199,"template":"","meta":[],"product_brand":[],"product_cat":[6146],"product_tag":[],"class_list":{"0":"post-210215","1":"product","2":"type-product","3":"status-publish","4":"has-post-thumbnail","6":"product_cat-aldeco-2-es","7":"pa_cleanability-8283","8":"pa_composition-ext-100-pu-backing-80-pes-20-co-es","9":"pa_line-oportunidades-es","10":"pa_line-telas","11":"pa_lithfastness-5-es","12":"pa_opportunities-activo","13":"pa_outdoor-0-es","14":"pa_range-polipiel","17":"first","18":"instock","19":"purchasable","20":"product-type-variable"},"acf":[],"_links":{"self":[{"href":"https:\/\/staging.aldeco.pt\/es\/wp-json\/wp\/v2\/product\/210215","targetHints":{"allow":["GET"]}}],"collection":[{"href":"https:\/\/staging.aldeco.pt\/es\/wp-json\/wp\/v2\/product"}],"about":[{"href":"https:\/\/staging.aldeco.pt\/es\/wp-json\/wp\/v2\/types\/product"}],"version-history":[{"count":0,"href":"https:\/\/staging.aldeco.pt\/es\/wp-json\/wp\/v2\/product\/210215\/revisions"}],"wp:featuredmedia":[{"embeddable":true,"href":"https:\/\/staging.aldeco.pt\/es\/wp-json\/wp\/v2\/media\/210199"}],"wp:attachment":[{"href":"https:\/\/staging.aldeco.pt\/es\/wp-json\/wp\/v2\/media?parent=210215"}],"wp:term":[{"taxonomy":"product_brand","embeddable":true,"href":"https:\/\/staging.aldeco.pt\/es\/wp-json\/wp\/v2\/product_brand?post=210215"},{"taxonomy":"product_cat","embeddable":true,"href":"https:\/\/staging.aldeco.pt\/es\/wp-json\/wp\/v2\/product_cat?post=210215"},{"taxonomy":"product_tag","embeddable":true,"href":"https:\/\/staging.aldeco.pt\/es\/wp-json\/wp\/v2\/product_tag?post=210215"}],"curies":[{"name":"wp","href":"https:\/\/api.w.org\/{rel}","templated":true}]}}