{"id":210195,"date":"2024-10-09T10:37:37","date_gmt":"2024-10-09T10:37:37","guid":{"rendered":"https:\/\/aldeco.pt\/staging\/product\/cord\/"},"modified":"2024-10-09T10:37:37","modified_gmt":"2024-10-09T10:37:37","slug":"cord","status":"publish","type":"product","link":"https:\/\/staging.aldeco.pt\/es\/product\/cord\/","title":{"rendered":"CORD"},"content":{"rendered":"<p>Embroidered transparency with a width of 300 cm. The design inspiration comes from the neutral construction of ropes. <\/p>\n","protected":false},"excerpt":{"rendered":"<p>Embroidered transparency with a width of 300 cm. The design inspiration comes from the neutral construction of ropes. <\/p>\n<h2>Cord, transparencia bordada con un ancho de 300 cm. La inspiraci\u00f3n del dise\u00f1o proviene de la construcci\u00f3n neutra de las cuerdas. <\/h2>\n<p><img fetchpriority=\"high\" decoding=\"async\" class=\"alignnone size-medium wp-image-210188\" src=\"https:\/\/aldeco.pt\/staging\/wp-content\/uploads\/2024\/10\/T019800003-1-300x240.jpg\" alt=\"\" width=\"300\" height=\"240\"><\/p>\n<p><a href=\"https:\/\/www.instagram.com\/aldeco_interiorfabrics\/\">https:\/\/www.instagram.com\/aldeco_interiorfabrics\/<\/a><\/p>\n<p>&nbsp;<\/p>\n","protected":false},"featured_media":210190,"template":"","meta":[],"product_brand":[],"product_cat":[6146],"product_tag":[],"class_list":{"0":"post-210195","1":"product","2":"type-product","3":"status-publish","4":"has-post-thumbnail","6":"product_cat-aldeco-2-es","7":"pa_cleanability-8283","8":"pa_composition-ext-100-pl-es","9":"pa_line-oportunidades-es","10":"pa_line-telas","11":"pa_lithfastness-4-5-es-2","12":"pa_opportunities-activo","13":"pa_outdoor-0-es","14":"pa_range-bordado-es","15":"pa_rapport-horizontal-2-7-es","16":"pa_rapport-vertical-2-7-es","19":"first","20":"instock","21":"purchasable","22":"product-type-variable"},"acf":[],"_links":{"self":[{"href":"https:\/\/staging.aldeco.pt\/es\/wp-json\/wp\/v2\/product\/210195","targetHints":{"allow":["GET"]}}],"collection":[{"href":"https:\/\/staging.aldeco.pt\/es\/wp-json\/wp\/v2\/product"}],"about":[{"href":"https:\/\/staging.aldeco.pt\/es\/wp-json\/wp\/v2\/types\/product"}],"version-history":[{"count":0,"href":"https:\/\/staging.aldeco.pt\/es\/wp-json\/wp\/v2\/product\/210195\/revisions"}],"wp:featuredmedia":[{"embeddable":true,"href":"https:\/\/staging.aldeco.pt\/es\/wp-json\/wp\/v2\/media\/210190"}],"wp:attachment":[{"href":"https:\/\/staging.aldeco.pt\/es\/wp-json\/wp\/v2\/media?parent=210195"}],"wp:term":[{"taxonomy":"product_brand","embeddable":true,"href":"https:\/\/staging.aldeco.pt\/es\/wp-json\/wp\/v2\/product_brand?post=210195"},{"taxonomy":"product_cat","embeddable":true,"href":"https:\/\/staging.aldeco.pt\/es\/wp-json\/wp\/v2\/product_cat?post=210195"},{"taxonomy":"product_tag","embeddable":true,"href":"https:\/\/staging.aldeco.pt\/es\/wp-json\/wp\/v2\/product_tag?post=210195"}],"curies":[{"name":"wp","href":"https:\/\/api.w.org\/{rel}","templated":true}]}}