{"id":210010,"date":"2024-10-09T10:06:10","date_gmt":"2024-10-09T10:06:10","guid":{"rendered":"https:\/\/aldeco.pt\/staging\/product\/canhamo-geo-form\/"},"modified":"2024-10-09T10:06:10","modified_gmt":"2024-10-09T10:06:10","slug":"canhamo-geo-form","status":"publish","type":"product","link":"https:\/\/staging.aldeco.pt\/es\/product\/canhamo-geo-form\/","title":{"rendered":"CANHAMO GEO FORM"},"content":{"rendered":"<p>CANHAMO GEO FORM es perfecto para proyectos de tapicer\u00eda debido a su durabilidad y f\u00e1cil limpieza. Est\u00e1 disponible en un tono marr\u00f3n. <\/p>\n","protected":false},"excerpt":{"rendered":"<p>CANHAMO GEO FORM es perfecto para proyectos de tapicer\u00eda debido a su durabilidad y f\u00e1cil limpieza. Est\u00e1 disponible en un tono marr\u00f3n. <\/p>\n<h2>CANHAMO GEO FORM es perfecto para proyectos de tapicer\u00eda debido a su durabilidad y f\u00e1cil limpieza. Est\u00e1 disponible en un tono marr\u00f3n. <\/h2>\n<p><img fetchpriority=\"high\" decoding=\"async\" class=\"alignnone wp-image-210005 size-medium\" src=\"https:\/\/aldeco.pt\/staging\/wp-content\/uploads\/2024\/10\/T191140001-1-300x200.jpg\" alt=\"CANHAMO GEO FORM - Aldeco\" width=\"300\" height=\"200\"><\/p>\n<p><a href=\"https:\/\/www.instagram.com\/aldeco_interiorfabrics\/\">https:\/\/www.instagram.com\/aldeco_interiorfabrics\/<\/a><\/p>\n<p><a href=\"https:\/\/aldeco.pt\/staging\/product\/canhamo-geo-form\/?attribute_pa_aldeco-color=01-natural-linen\">https:\/\/aldeco.pt\/staging\/product\/canhamo-geo-form\/?attribute_pa_aldeco-color=01-natural-linen<\/a><\/p>\n","protected":false},"featured_media":210007,"template":"","meta":[],"product_brand":[],"product_cat":[6146],"product_tag":[],"class_list":{"0":"post-210010","1":"product","2":"type-product","3":"status-publish","4":"has-post-thumbnail","6":"product_cat-aldeco-2-es","7":"pa_cleanability-8283","8":"pa_composition-ext-100-li-es","9":"pa_line-oportunidades-es","10":"pa_line-telas","11":"pa_lithfastness-3-es","12":"pa_opportunities-activo","13":"pa_outdoor-0-es","14":"pa_rapport-horizontal-15-es","15":"pa_rapport-vertical-14-5-es","18":"first","19":"instock","20":"purchasable","21":"product-type-variable"},"acf":[],"_links":{"self":[{"href":"https:\/\/staging.aldeco.pt\/es\/wp-json\/wp\/v2\/product\/210010","targetHints":{"allow":["GET"]}}],"collection":[{"href":"https:\/\/staging.aldeco.pt\/es\/wp-json\/wp\/v2\/product"}],"about":[{"href":"https:\/\/staging.aldeco.pt\/es\/wp-json\/wp\/v2\/types\/product"}],"version-history":[{"count":0,"href":"https:\/\/staging.aldeco.pt\/es\/wp-json\/wp\/v2\/product\/210010\/revisions"}],"wp:featuredmedia":[{"embeddable":true,"href":"https:\/\/staging.aldeco.pt\/es\/wp-json\/wp\/v2\/media\/210007"}],"wp:attachment":[{"href":"https:\/\/staging.aldeco.pt\/es\/wp-json\/wp\/v2\/media?parent=210010"}],"wp:term":[{"taxonomy":"product_brand","embeddable":true,"href":"https:\/\/staging.aldeco.pt\/es\/wp-json\/wp\/v2\/product_brand?post=210010"},{"taxonomy":"product_cat","embeddable":true,"href":"https:\/\/staging.aldeco.pt\/es\/wp-json\/wp\/v2\/product_cat?post=210010"},{"taxonomy":"product_tag","embeddable":true,"href":"https:\/\/staging.aldeco.pt\/es\/wp-json\/wp\/v2\/product_tag?post=210010"}],"curies":[{"name":"wp","href":"https:\/\/api.w.org\/{rel}","templated":true}]}}