{"id":208535,"date":"2024-10-09T09:54:45","date_gmt":"2024-10-09T09:54:45","guid":{"rendered":"https:\/\/aldeco.pt\/staging\/product\/block\/"},"modified":"2024-11-06T13:02:53","modified_gmt":"2024-11-06T13:02:53","slug":"block","status":"publish","type":"product","link":"https:\/\/staging.aldeco.pt\/es\/product\/block\/","title":{"rendered":"BLOCK"},"content":{"rendered":"<p>Esta tela lisa hecha de poli\u00e9ster tiene una suavidad incre\u00edble al tacto. Disponible en colores neutros, BLOCK es perfecta para cortinas y decoraciones elegantes y vers\u00e1tiles. <\/p>\n","protected":false},"excerpt":{"rendered":"<p>BLOCK es perfecto para cortinas y decoraciones elegantes y vers\u00e1tiles. Esta tela lisa hecha de poli\u00e9ster tiene una suavidad incre\u00edble al tacto. <\/p>\n<h2>BLOCK es perfecto para cortinas y decoraciones elegantes y vers\u00e1tiles. Esta tela lisa hecha de poli\u00e9ster tiene una suavidad incre\u00edble al tacto. <\/h2>\n<p><img fetchpriority=\"high\" decoding=\"async\" class=\"alignnone wp-image-208523 size-medium\" src=\"https:\/\/aldeco.pt\/staging\/wp-content\/uploads\/2024\/10\/T019630017-1-300x200.jpg\" alt=\"Block - Aldeco\" width=\"300\" height=\"200\"><\/p>\n<p><a href=\"https:\/\/www.instagram.com\/aldeco_interiorfabrics\/\">https:\/\/www.instagram.com\/aldeco_interiorfabrics\/<\/a><\/p>\n<p><a href=\"https:\/\/aldeco.pt\/staging\/product\/block\/?attribute_pa_aldeco-color=17-antracite\">https:\/\/aldeco.pt\/staging\/product\/block\/?attribute_pa_aldeco-color=17-antracite<\/a><\/p>\n","protected":false},"featured_media":208525,"template":"","meta":[],"product_brand":[],"product_cat":[6146],"product_tag":[],"class_list":{"0":"post-208535","1":"product","2":"type-product","3":"status-publish","4":"has-post-thumbnail","6":"product_cat-aldeco-2-es","7":"pa_cleanability-8283","8":"pa_composition-ext-100-pl-es","9":"pa_line-oportunidades-es","10":"pa_line-telas","11":"pa_lithfastness-9681","12":"pa_opportunities-activo","13":"pa_outdoor-0-es","14":"pa_range-jacquard-es","15":"pa_range-liso-es","18":"first","19":"instock","20":"purchasable","21":"product-type-variable"},"acf":[],"_links":{"self":[{"href":"https:\/\/staging.aldeco.pt\/es\/wp-json\/wp\/v2\/product\/208535","targetHints":{"allow":["GET"]}}],"collection":[{"href":"https:\/\/staging.aldeco.pt\/es\/wp-json\/wp\/v2\/product"}],"about":[{"href":"https:\/\/staging.aldeco.pt\/es\/wp-json\/wp\/v2\/types\/product"}],"version-history":[{"count":1,"href":"https:\/\/staging.aldeco.pt\/es\/wp-json\/wp\/v2\/product\/208535\/revisions"}],"predecessor-version":[{"id":208610,"href":"https:\/\/staging.aldeco.pt\/es\/wp-json\/wp\/v2\/product\/208535\/revisions\/208610"}],"wp:featuredmedia":[{"embeddable":true,"href":"https:\/\/staging.aldeco.pt\/es\/wp-json\/wp\/v2\/media\/208525"}],"wp:attachment":[{"href":"https:\/\/staging.aldeco.pt\/es\/wp-json\/wp\/v2\/media?parent=208535"}],"wp:term":[{"taxonomy":"product_brand","embeddable":true,"href":"https:\/\/staging.aldeco.pt\/es\/wp-json\/wp\/v2\/product_brand?post=208535"},{"taxonomy":"product_cat","embeddable":true,"href":"https:\/\/staging.aldeco.pt\/es\/wp-json\/wp\/v2\/product_cat?post=208535"},{"taxonomy":"product_tag","embeddable":true,"href":"https:\/\/staging.aldeco.pt\/es\/wp-json\/wp\/v2\/product_tag?post=208535"}],"curies":[{"name":"wp","href":"https:\/\/api.w.org\/{rel}","templated":true}]}}