{"id":208508,"date":"2024-10-09T09:53:23","date_gmt":"2024-10-09T09:53:23","guid":{"rendered":"https:\/\/aldeco.pt\/staging\/product\/bernini\/"},"modified":"2024-11-06T12:25:18","modified_gmt":"2024-11-06T12:25:18","slug":"bernini","status":"publish","type":"product","link":"https:\/\/staging.aldeco.pt\/es\/product\/bernini\/","title":{"rendered":"BERNINI"},"content":{"rendered":"<p>BERNINI es una tela con patr\u00f3n oto\u00f1al y un toque acogedor. Esta tela es perfecta para cojines y cortinas y est\u00e1 disponible en 4 colores. <\/p>\n","protected":false},"excerpt":{"rendered":"<p>BERNINI es una tela con patr\u00f3n oto\u00f1al y un toque acogedor. Esta tela es perfecta para cojines y cortinas y est\u00e1 disponible en 4 colores. <\/p>\n<h2>BERNINI es una tela con patr\u00f3n oto\u00f1al y un toque acogedor. Esta tela es perfecta para cojines y cortinas y est\u00e1 disponible en 4 colores. <\/h2>\n<p><img fetchpriority=\"high\" decoding=\"async\" class=\"alignnone wp-image-208498 size-full\" src=\"https:\/\/aldeco.pt\/staging\/wp-content\/uploads\/2024\/10\/T018260004-1.jpg\" alt=\"Bernini - Aldeco\" width=\"300\" height=\"300\"><\/p>\n<p><a href=\"https:\/\/aldeco.pt\/staging\/product\/bernini\/?attribute_pa_aldeco-color=1-stone-blue\">https:\/\/aldeco.pt\/staging\/product\/bernini\/?attribute_pa_aldeco-color=1-stone-blue<br \/>\n<\/a><\/p>\n<p><a href=\"https:\/\/www.instagram.com\/aldeco_interiorfabrics\/\">https:\/\/www.instagram.com\/aldeco_interiorfabrics\/<\/a><\/p>\n","protected":false},"featured_media":208500,"template":"","meta":[],"product_brand":[],"product_cat":[],"product_tag":[],"class_list":{"0":"post-208508","1":"product","2":"type-product","3":"status-publish","4":"has-post-thumbnail","8":"first","9":"instock","10":"purchasable","11":"product-type-variable"},"acf":[],"_links":{"self":[{"href":"https:\/\/staging.aldeco.pt\/es\/wp-json\/wp\/v2\/product\/208508","targetHints":{"allow":["GET"]}}],"collection":[{"href":"https:\/\/staging.aldeco.pt\/es\/wp-json\/wp\/v2\/product"}],"about":[{"href":"https:\/\/staging.aldeco.pt\/es\/wp-json\/wp\/v2\/types\/product"}],"version-history":[{"count":1,"href":"https:\/\/staging.aldeco.pt\/es\/wp-json\/wp\/v2\/product\/208508\/revisions"}],"predecessor-version":[{"id":208528,"href":"https:\/\/staging.aldeco.pt\/es\/wp-json\/wp\/v2\/product\/208508\/revisions\/208528"}],"wp:featuredmedia":[{"embeddable":true,"href":"https:\/\/staging.aldeco.pt\/es\/wp-json\/wp\/v2\/media\/208500"}],"wp:attachment":[{"href":"https:\/\/staging.aldeco.pt\/es\/wp-json\/wp\/v2\/media?parent=208508"}],"wp:term":[{"taxonomy":"product_brand","embeddable":true,"href":"https:\/\/staging.aldeco.pt\/es\/wp-json\/wp\/v2\/product_brand?post=208508"},{"taxonomy":"product_cat","embeddable":true,"href":"https:\/\/staging.aldeco.pt\/es\/wp-json\/wp\/v2\/product_cat?post=208508"},{"taxonomy":"product_tag","embeddable":true,"href":"https:\/\/staging.aldeco.pt\/es\/wp-json\/wp\/v2\/product_tag?post=208508"}],"curies":[{"name":"wp","href":"https:\/\/api.w.org\/{rel}","templated":true}]}}