{"id":208494,"date":"2024-10-09T09:53:10","date_gmt":"2024-10-09T09:53:10","guid":{"rendered":"https:\/\/aldeco.pt\/staging\/product\/belem\/"},"modified":"2024-11-06T12:25:19","modified_gmt":"2024-11-06T12:25:19","slug":"belem","status":"publish","type":"product","link":"https:\/\/staging.aldeco.pt\/es\/product\/belem\/","title":{"rendered":"BEL\u00c9M"},"content":{"rendered":"<p>BEL\u00c9M es una tela lisa, duradera y resistente, perfecta para tapicer\u00eda y cojines.<\/p>\n","protected":false},"excerpt":{"rendered":"<p>BEL\u00c9M es una tela lisa, duradera y resistente, perfecta para tapicer\u00eda y cojines.<\/p>\n<h2>BEL\u00c9M es una tela lisa, duradera y resistente, perfecta para tapicer\u00eda y cojines.<\/h2>\n<p><img fetchpriority=\"high\" decoding=\"async\" class=\"alignnone wp-image-208489 size-medium\" src=\"https:\/\/aldeco.pt\/staging\/wp-content\/uploads\/2024\/10\/T017360004-1-300x300.jpg\" alt=\"Bel\u00e9m - Aldeco\" width=\"300\" height=\"300\"><\/p>\n<p><a href=\"https:\/\/www.instagram.com\/aldeco_interiorfabrics\/\">https:\/\/www.instagram.com\/aldeco_interiorfabrics\/<\/a><\/p>\n<p><a href=\"https:\/\/aldeco.pt\/staging\/product\/belem\/?attribute_pa_aldeco-color=4-beige\">https:\/\/aldeco.pt\/staging\/product\/belem\/?attribute_pa_aldeco-color=4-beige<\/a><\/p>\n<p>&nbsp;<\/p>\n","protected":false},"featured_media":208491,"template":"","meta":[],"product_brand":[],"product_cat":[6146],"product_tag":[],"class_list":{"0":"post-208494","1":"product","2":"type-product","3":"status-publish","4":"has-post-thumbnail","6":"product_cat-aldeco-2-es","7":"pa_cleanability-8283","8":"pa_composition-ext-60-pl-40-pu-es","9":"pa_line-oportunidades-es","10":"pa_line-telas","11":"pa_lithfastness-4-5-es-2","12":"pa_opportunities-activo","13":"pa_outdoor-0-es","14":"pa_range-coated-es","17":"first","18":"instock","19":"purchasable","20":"product-type-variable"},"acf":[],"_links":{"self":[{"href":"https:\/\/staging.aldeco.pt\/es\/wp-json\/wp\/v2\/product\/208494","targetHints":{"allow":["GET"]}}],"collection":[{"href":"https:\/\/staging.aldeco.pt\/es\/wp-json\/wp\/v2\/product"}],"about":[{"href":"https:\/\/staging.aldeco.pt\/es\/wp-json\/wp\/v2\/types\/product"}],"version-history":[{"count":1,"href":"https:\/\/staging.aldeco.pt\/es\/wp-json\/wp\/v2\/product\/208494\/revisions"}],"predecessor-version":[{"id":208529,"href":"https:\/\/staging.aldeco.pt\/es\/wp-json\/wp\/v2\/product\/208494\/revisions\/208529"}],"wp:featuredmedia":[{"embeddable":true,"href":"https:\/\/staging.aldeco.pt\/es\/wp-json\/wp\/v2\/media\/208491"}],"wp:attachment":[{"href":"https:\/\/staging.aldeco.pt\/es\/wp-json\/wp\/v2\/media?parent=208494"}],"wp:term":[{"taxonomy":"product_brand","embeddable":true,"href":"https:\/\/staging.aldeco.pt\/es\/wp-json\/wp\/v2\/product_brand?post=208494"},{"taxonomy":"product_cat","embeddable":true,"href":"https:\/\/staging.aldeco.pt\/es\/wp-json\/wp\/v2\/product_cat?post=208494"},{"taxonomy":"product_tag","embeddable":true,"href":"https:\/\/staging.aldeco.pt\/es\/wp-json\/wp\/v2\/product_tag?post=208494"}],"curies":[{"name":"wp","href":"https:\/\/api.w.org\/{rel}","templated":true}]}}