{"id":208451,"date":"2024-10-09T09:51:37","date_gmt":"2024-10-09T09:51:37","guid":{"rendered":"https:\/\/aldeco.pt\/staging\/product\/bay\/"},"modified":"2024-11-06T12:25:22","modified_gmt":"2024-11-06T12:25:22","slug":"bay","status":"publish","type":"product","link":"https:\/\/staging.aldeco.pt\/es\/product\/bay\/","title":{"rendered":"BAY"},"content":{"rendered":"<p>BAY presenta un patr\u00f3n a cuadros, dando un toque cl\u00e1sico y acogedor. Su resistencia y durabilidad hacen que esta tela sea perfecta para tapicer\u00eda y cojines. Est\u00e1 disponible en 4 colores.  Est\u00e1 disponible en 4 colores.<\/p>\n","protected":false},"excerpt":{"rendered":"<p>BAY presenta un patr\u00f3n a cuadros, dando un toque cl\u00e1sico y acogedor. Su resistencia y durabilidad hacen que esta tela sea perfecta para tapicer\u00eda y cojines. Est\u00e1 disponible en 4 colores.  Est\u00e1 disponible en 4 colores.<\/p>\n<h2>BAY presenta un patr\u00f3n a cuadros, dando un toque cl\u00e1sico y acogedor. Su resistencia y durabilidad hacen que esta tela sea perfecta para tapicer\u00eda y cojines. Est\u00e1 disponible en 4 colores.  Est\u00e1 disponible en 4 colores.<\/h2>\n<p><img fetchpriority=\"high\" decoding=\"async\" class=\"alignnone wp-image-208441 size-medium\" src=\"https:\/\/aldeco.pt\/staging\/wp-content\/uploads\/2024\/10\/T017390002-1-300x280.jpg\" alt=\"Bay - Aldeco\" width=\"300\" height=\"280\"><\/p>\n<p><a href=\"https:\/\/aldeco.pt\/staging\/product\/bay\/?attribute_pa_colour=multicolour&amp;attribute_pa_aldeco-color=1\">https:\/\/aldeco.pt\/staging\/product\/bay\/?attribute_pa_colour=multicolour&amp;attribute_pa_aldeco-color=1<\/a><\/p>\n<p><a href=\"https:\/\/www.instagram.com\/aldeco_interiorfabrics\/\">https:\/\/www.instagram.com\/aldeco_interiorfabrics\/<\/a><\/p>\n","protected":false},"featured_media":208443,"template":"","meta":[],"product_brand":[],"product_cat":[6146],"product_tag":[],"class_list":{"0":"post-208451","1":"product","2":"type-product","3":"status-publish","4":"has-post-thumbnail","6":"product_cat-aldeco-2-es","7":"pa_cleanability-8283","8":"pa_composition-ext-71-li-29-co-es","9":"pa_line-oportunidades-es","10":"pa_line-telas","11":"pa_lithfastness-4-es","12":"pa_opportunities-activo","13":"pa_outdoor-0-es","14":"pa_rapport-horizontal-36-es","15":"pa_rapport-vertical-38-es","18":"first","19":"instock","20":"purchasable","21":"product-type-variable"},"acf":[],"_links":{"self":[{"href":"https:\/\/staging.aldeco.pt\/es\/wp-json\/wp\/v2\/product\/208451","targetHints":{"allow":["GET"]}}],"collection":[{"href":"https:\/\/staging.aldeco.pt\/es\/wp-json\/wp\/v2\/product"}],"about":[{"href":"https:\/\/staging.aldeco.pt\/es\/wp-json\/wp\/v2\/types\/product"}],"version-history":[{"count":1,"href":"https:\/\/staging.aldeco.pt\/es\/wp-json\/wp\/v2\/product\/208451\/revisions"}],"predecessor-version":[{"id":208471,"href":"https:\/\/staging.aldeco.pt\/es\/wp-json\/wp\/v2\/product\/208451\/revisions\/208471"}],"wp:featuredmedia":[{"embeddable":true,"href":"https:\/\/staging.aldeco.pt\/es\/wp-json\/wp\/v2\/media\/208443"}],"wp:attachment":[{"href":"https:\/\/staging.aldeco.pt\/es\/wp-json\/wp\/v2\/media?parent=208451"}],"wp:term":[{"taxonomy":"product_brand","embeddable":true,"href":"https:\/\/staging.aldeco.pt\/es\/wp-json\/wp\/v2\/product_brand?post=208451"},{"taxonomy":"product_cat","embeddable":true,"href":"https:\/\/staging.aldeco.pt\/es\/wp-json\/wp\/v2\/product_cat?post=208451"},{"taxonomy":"product_tag","embeddable":true,"href":"https:\/\/staging.aldeco.pt\/es\/wp-json\/wp\/v2\/product_tag?post=208451"}],"curies":[{"name":"wp","href":"https:\/\/api.w.org\/{rel}","templated":true}]}}