{"id":208324,"date":"2024-10-09T09:47:49","date_gmt":"2024-10-09T09:47:49","guid":{"rendered":"https:\/\/aldeco.pt\/staging\/product\/baga-form\/"},"modified":"2024-11-06T11:18:11","modified_gmt":"2024-11-06T11:18:11","slug":"baga-form","status":"publish","type":"product","link":"https:\/\/staging.aldeco.pt\/es\/product\/baga-form\/","title":{"rendered":"BAGA FORM"},"content":{"rendered":"<p>BAGA FORM es perfecto para proyectos de tapicer\u00eda debido a su durabilidad y f\u00e1cil limpieza. Est\u00e1 disponible en un tono claro. <\/p>\n","protected":false},"excerpt":{"rendered":"<p>BAGA FORM es perfecto para proyectos de tapicer\u00eda debido a su durabilidad y f\u00e1cil limpieza. Est\u00e1 disponible en un tono claro. <\/p>\n<h2>BAGA FORM es perfecto para proyectos de tapicer\u00eda debido a su durabilidad y f\u00e1cil limpieza. Est\u00e1 disponible en un tono claro. <\/h2>\n<p><img fetchpriority=\"high\" decoding=\"async\" class=\"alignnone wp-image-208317 size-medium\" src=\"https:\/\/aldeco.pt\/staging\/wp-content\/uploads\/2024\/10\/T191080001-1-300x200.jpg\" alt=\"Baga Form - Aldeco\" width=\"300\" height=\"200\"><\/p>\n<p><a href=\"https:\/\/aldeco.pt\/staging\/product\/baga-form\/?attribute_pa_aldeco-color=01-natural-white\">https:\/\/aldeco.pt\/staging\/product\/baga-form\/?attribute_pa_aldeco-color=01-natural-white<\/a><\/p>\n<p><a href=\"https:\/\/www.instagram.com\/aldeco_interiorfabrics\/\">https:\/\/www.instagram.com\/aldeco_interiorfabrics\/<\/a><\/p>\n","protected":false},"featured_media":208319,"template":"","meta":[],"product_brand":[],"product_cat":[6146],"product_tag":[],"class_list":{"0":"post-208324","1":"product","2":"type-product","3":"status-publish","4":"has-post-thumbnail","6":"product_cat-aldeco-2-es","7":"pa_cleanability-8283","8":"pa_composition-ext-100-li-es","9":"pa_line-oportunidades-es","10":"pa_line-telas","11":"pa_lithfastness-3-es","12":"pa_opportunities-activo","13":"pa_outdoor-0-es","14":"pa_range-embossed-es","17":"first","18":"instock","19":"purchasable","20":"product-type-variable"},"acf":[],"_links":{"self":[{"href":"https:\/\/staging.aldeco.pt\/es\/wp-json\/wp\/v2\/product\/208324","targetHints":{"allow":["GET"]}}],"collection":[{"href":"https:\/\/staging.aldeco.pt\/es\/wp-json\/wp\/v2\/product"}],"about":[{"href":"https:\/\/staging.aldeco.pt\/es\/wp-json\/wp\/v2\/types\/product"}],"version-history":[{"count":1,"href":"https:\/\/staging.aldeco.pt\/es\/wp-json\/wp\/v2\/product\/208324\/revisions"}],"predecessor-version":[{"id":208399,"href":"https:\/\/staging.aldeco.pt\/es\/wp-json\/wp\/v2\/product\/208324\/revisions\/208399"}],"wp:featuredmedia":[{"embeddable":true,"href":"https:\/\/staging.aldeco.pt\/es\/wp-json\/wp\/v2\/media\/208319"}],"wp:attachment":[{"href":"https:\/\/staging.aldeco.pt\/es\/wp-json\/wp\/v2\/media?parent=208324"}],"wp:term":[{"taxonomy":"product_brand","embeddable":true,"href":"https:\/\/staging.aldeco.pt\/es\/wp-json\/wp\/v2\/product_brand?post=208324"},{"taxonomy":"product_cat","embeddable":true,"href":"https:\/\/staging.aldeco.pt\/es\/wp-json\/wp\/v2\/product_cat?post=208324"},{"taxonomy":"product_tag","embeddable":true,"href":"https:\/\/staging.aldeco.pt\/es\/wp-json\/wp\/v2\/product_tag?post=208324"}],"curies":[{"name":"wp","href":"https:\/\/api.w.org\/{rel}","templated":true}]}}