{"id":208142,"date":"2024-10-09T09:38:33","date_gmt":"2024-10-09T09:38:33","guid":{"rendered":"https:\/\/aldeco.pt\/staging\/product\/alfama-velvet\/"},"modified":"2024-11-06T02:24:59","modified_gmt":"2024-11-06T02:24:59","slug":"alfama-velvet","status":"publish","type":"product","link":"https:\/\/staging.aldeco.pt\/es\/product\/alfama-velvet\/","title":{"rendered":"ALFAMA VELVET"},"content":{"rendered":"<p>ALFAMA VELVET presenta un dise\u00f1o \u00fanico con una impresi\u00f3n abstracta de una ciudad y algunos \u00e1rboles. Ofrece excelente resistencia y durabilidad, lo que lo hace ideal para tapicer\u00eda, cojines y colchas. <\/p>\n","protected":false},"excerpt":{"rendered":"<p>ALFAMA VELVET presenta un dise\u00f1o \u00fanico con una impresi\u00f3n abstracta de una ciudad y algunos \u00e1rboles. Ofrece excelente resistencia y durabilidad, lo que lo hace ideal para tapicer\u00eda, cojines y colchas. <\/p>\n<h2>ALFAMA VELVET presenta un dise\u00f1o \u00fanico con una impresi\u00f3n abstracta de una ciudad y algunos \u00e1rboles. Ofrece excelente resistencia y durabilidad, lo que lo hace ideal para tapicer\u00eda, cojines y colchas. <\/h2>\n<p><img fetchpriority=\"high\" decoding=\"async\" class=\"alignnone wp-image-208133 size-medium\" src=\"https:\/\/aldeco.pt\/staging\/wp-content\/uploads\/2024\/10\/T017140004-1-300x280.jpg\" alt=\"Alfama Velvet - Aldeco\" width=\"300\" height=\"280\"><\/p>\n<p><a href=\"https:\/\/www.instagram.com\/aldeco_interiorfabrics\/\">https:\/\/www.instagram.com\/aldeco_interiorfabrics\/<\/a><\/p>\n<p><a href=\"https:\/\/aldeco.pt\/staging\/product\/alfama-velvet\/?attribute_pa_aldeco-color=3\">https:\/\/aldeco.pt\/staging\/product\/alfama-velvet\/?attribute_pa_aldeco-color=3<\/a><\/p>\n","protected":false},"featured_media":208135,"template":"","meta":[],"product_brand":[],"product_cat":[6146],"product_tag":[],"class_list":{"0":"post-208142","1":"product","2":"type-product","3":"status-publish","4":"has-post-thumbnail","6":"product_cat-aldeco-2-es","7":"pa_cleanability-8283","8":"pa_composition-ext-overall-89-co-11-pl-pile-100-co-es","9":"pa_line-oportunidades-es","10":"pa_line-telas","11":"pa_lithfastness-4-5-es-2","12":"pa_opportunities-activo","13":"pa_outdoor-0-es","14":"pa_range-estampado-es","15":"pa_range-terciopelo","16":"pa_rapport-horizontal-69-es","17":"pa_rapport-vertical-63-es","20":"first","21":"instock","22":"purchasable","23":"product-type-variable"},"acf":[],"_links":{"self":[{"href":"https:\/\/staging.aldeco.pt\/es\/wp-json\/wp\/v2\/product\/208142","targetHints":{"allow":["GET"]}}],"collection":[{"href":"https:\/\/staging.aldeco.pt\/es\/wp-json\/wp\/v2\/product"}],"about":[{"href":"https:\/\/staging.aldeco.pt\/es\/wp-json\/wp\/v2\/types\/product"}],"version-history":[{"count":1,"href":"https:\/\/staging.aldeco.pt\/es\/wp-json\/wp\/v2\/product\/208142\/revisions"}],"predecessor-version":[{"id":208180,"href":"https:\/\/staging.aldeco.pt\/es\/wp-json\/wp\/v2\/product\/208142\/revisions\/208180"}],"wp:featuredmedia":[{"embeddable":true,"href":"https:\/\/staging.aldeco.pt\/es\/wp-json\/wp\/v2\/media\/208135"}],"wp:attachment":[{"href":"https:\/\/staging.aldeco.pt\/es\/wp-json\/wp\/v2\/media?parent=208142"}],"wp:term":[{"taxonomy":"product_brand","embeddable":true,"href":"https:\/\/staging.aldeco.pt\/es\/wp-json\/wp\/v2\/product_brand?post=208142"},{"taxonomy":"product_cat","embeddable":true,"href":"https:\/\/staging.aldeco.pt\/es\/wp-json\/wp\/v2\/product_cat?post=208142"},{"taxonomy":"product_tag","embeddable":true,"href":"https:\/\/staging.aldeco.pt\/es\/wp-json\/wp\/v2\/product_tag?post=208142"}],"curies":[{"name":"wp","href":"https:\/\/api.w.org\/{rel}","templated":true}]}}