{"id":207764,"date":"2024-10-09T11:29:48","date_gmt":"2024-10-09T11:29:48","guid":{"rendered":"https:\/\/aldeco.pt\/staging\/product\/lady-lace\/"},"modified":"2024-11-10T04:50:27","modified_gmt":"2024-11-10T04:50:27","slug":"lady-lace","status":"publish","type":"product","link":"https:\/\/staging.aldeco.pt\/es\/product\/lady-lace\/","title":{"rendered":"LADY LACE"},"content":{"rendered":"<p>Encaje excelente para tapicer\u00eda, cortinas y decoraci\u00f3n. Esta hermosa tela es la estrella de todos los proyectos de dise\u00f1o de interiores. <\/p>\n","protected":false},"excerpt":{"rendered":"<p>Encaje excelente para tapicer\u00eda, cortinas y decoraci\u00f3n. Esta hermosa tela es la estrella de todos los proyectos de dise\u00f1o de interiores. <\/p>\n<h2>Lady Lace, encaje excelente para tapicer\u00eda, cortinas y decoraci\u00f3n. Esta hermosa tela es la estrella de todos los proyectos de dise\u00f1o de interiores. <\/h2>\n<p><img fetchpriority=\"high\" decoding=\"async\" class=\"alignnone wp-image-207758 size-medium\" src=\"https:\/\/aldeco.pt\/staging\/wp-content\/uploads\/2024\/10\/T017890002-1-300x280.jpg\" alt=\"Lady Lace - Aldeco\" width=\"300\" height=\"280\"><\/p>\n<p><a href=\"https:\/\/aldeco.pt\/staging\/product\/lady-lace\/?attribute_pa_aldeco-color=2-black\">https:\/\/aldeco.pt\/staging\/product\/lady-lace\/?attribute_pa_aldeco-color=2-black<\/a><\/p>\n<p><a href=\"https:\/\/www.instagram.com\/aldeco_interiorfabrics\/\">https:\/\/www.instagram.com\/aldeco_interiorfabrics\/<\/a><\/p>\n","protected":false},"featured_media":207760,"template":"","meta":[],"product_brand":[],"product_cat":[6146],"product_tag":[],"class_list":{"0":"post-207764","1":"product","2":"type-product","3":"status-publish","4":"has-post-thumbnail","6":"product_cat-aldeco-2-es","7":"pa_cleanability-8283","8":"pa_composition-ext-40-pl-32-pa-20-co-4-vi-4-me-es","9":"pa_line-oportunidades-es","10":"pa_line-telas","11":"pa_lithfastness-4-es","12":"pa_opportunities-activo","13":"pa_outdoor-0-es","14":"pa_range-bordado-es","15":"pa_rapport-horizontal-12-5-es","16":"pa_rapport-vertical-12-es","19":"first","20":"instock","21":"purchasable","22":"product-type-variable"},"acf":[],"_links":{"self":[{"href":"https:\/\/staging.aldeco.pt\/es\/wp-json\/wp\/v2\/product\/207764","targetHints":{"allow":["GET"]}}],"collection":[{"href":"https:\/\/staging.aldeco.pt\/es\/wp-json\/wp\/v2\/product"}],"about":[{"href":"https:\/\/staging.aldeco.pt\/es\/wp-json\/wp\/v2\/types\/product"}],"version-history":[{"count":1,"href":"https:\/\/staging.aldeco.pt\/es\/wp-json\/wp\/v2\/product\/207764\/revisions"}],"predecessor-version":[{"id":207778,"href":"https:\/\/staging.aldeco.pt\/es\/wp-json\/wp\/v2\/product\/207764\/revisions\/207778"}],"wp:featuredmedia":[{"embeddable":true,"href":"https:\/\/staging.aldeco.pt\/es\/wp-json\/wp\/v2\/media\/207760"}],"wp:attachment":[{"href":"https:\/\/staging.aldeco.pt\/es\/wp-json\/wp\/v2\/media?parent=207764"}],"wp:term":[{"taxonomy":"product_brand","embeddable":true,"href":"https:\/\/staging.aldeco.pt\/es\/wp-json\/wp\/v2\/product_brand?post=207764"},{"taxonomy":"product_cat","embeddable":true,"href":"https:\/\/staging.aldeco.pt\/es\/wp-json\/wp\/v2\/product_cat?post=207764"},{"taxonomy":"product_tag","embeddable":true,"href":"https:\/\/staging.aldeco.pt\/es\/wp-json\/wp\/v2\/product_tag?post=207764"}],"curies":[{"name":"wp","href":"https:\/\/api.w.org\/{rel}","templated":true}]}}