{"id":207624,"date":"2024-10-09T13:09:32","date_gmt":"2024-10-09T13:09:32","guid":{"rendered":"https:\/\/aldeco.pt\/staging\/product\/versatil\/"},"modified":"2024-11-10T04:49:41","modified_gmt":"2024-11-10T04:49:41","slug":"versatil","status":"publish","type":"product","link":"https:\/\/staging.aldeco.pt\/es\/product\/versatil\/","title":{"rendered":"VERSATIL"},"content":{"rendered":"<p>VERSATIL es una tela compuesta de patrones geom\u00e9tricos microsc\u00f3picos. Esta tela sint\u00e9tica con una apariencia elegante y sublime es perfecta para proyectos de tapicer\u00eda. <\/p>\n","protected":false},"excerpt":{"rendered":"<p>VERSATIL es una tela compuesta de patrones geom\u00e9tricos microsc\u00f3picos. Esta tela sint\u00e9tica con una apariencia elegante y sublime es perfecta para proyectos de tapicer\u00eda. <\/p>\n<h2>VERSATIL es una tela compuesta de patrones geom\u00e9tricos microsc\u00f3picos. Esta tela sint\u00e9tica con una apariencia elegante y sublime es perfecta para proyectos de tapicer\u00eda. <\/h2>\n<p><img fetchpriority=\"high\" decoding=\"async\" class=\"alignnone wp-image-207617 size-medium\" src=\"https:\/\/aldeco.pt\/staging\/wp-content\/uploads\/2024\/10\/T018061093-300x280.jpg\" alt=\"Versatil - Aldeco\" width=\"300\" height=\"280\"><\/p>\n<p><a href=\"https:\/\/www.instagram.com\/aldeco_interiorfabrics\/\">https:\/\/www.instagram.com\/aldeco_interiorfabrics\/<\/a><\/p>\n<p><a href=\"https:\/\/aldeco.pt\/staging\/product\/versatil\/?attribute_pa_colour=brown&amp;attribute_pa_aldeco-color=993-satelite\">https:\/\/aldeco.pt\/staging\/product\/versatil\/?attribute_pa_colour=brown&amp;attribute_pa_aldeco-color=993-satelite<\/a><\/p>\n","protected":false},"featured_media":207619,"template":"","meta":[],"product_brand":[],"product_cat":[6146],"product_tag":[],"class_list":{"0":"post-207624","1":"product","2":"type-product","3":"status-publish","4":"has-post-thumbnail","6":"product_cat-aldeco-2-es","7":"pa_cleanability-8283","8":"pa_composition-ext-2-pu-83-pvc-15-pl-fibres-pile-100-pl-fibres-es","9":"pa_interior-fabrics-1-es","10":"pa_line-oportunidades-es","11":"pa_line-telas","12":"pa_lithfastness-9681","13":"pa_opportunities-activo","14":"pa_outdoor-0-es","15":"pa_rapport-horizontal-4-es","16":"pa_rapport-vertical-2-5-es","19":"first","20":"instock","21":"purchasable","22":"product-type-variable"},"acf":[],"_links":{"self":[{"href":"https:\/\/staging.aldeco.pt\/es\/wp-json\/wp\/v2\/product\/207624","targetHints":{"allow":["GET"]}}],"collection":[{"href":"https:\/\/staging.aldeco.pt\/es\/wp-json\/wp\/v2\/product"}],"about":[{"href":"https:\/\/staging.aldeco.pt\/es\/wp-json\/wp\/v2\/types\/product"}],"version-history":[{"count":1,"href":"https:\/\/staging.aldeco.pt\/es\/wp-json\/wp\/v2\/product\/207624\/revisions"}],"predecessor-version":[{"id":207693,"href":"https:\/\/staging.aldeco.pt\/es\/wp-json\/wp\/v2\/product\/207624\/revisions\/207693"}],"wp:featuredmedia":[{"embeddable":true,"href":"https:\/\/staging.aldeco.pt\/es\/wp-json\/wp\/v2\/media\/207619"}],"wp:attachment":[{"href":"https:\/\/staging.aldeco.pt\/es\/wp-json\/wp\/v2\/media?parent=207624"}],"wp:term":[{"taxonomy":"product_brand","embeddable":true,"href":"https:\/\/staging.aldeco.pt\/es\/wp-json\/wp\/v2\/product_brand?post=207624"},{"taxonomy":"product_cat","embeddable":true,"href":"https:\/\/staging.aldeco.pt\/es\/wp-json\/wp\/v2\/product_cat?post=207624"},{"taxonomy":"product_tag","embeddable":true,"href":"https:\/\/staging.aldeco.pt\/es\/wp-json\/wp\/v2\/product_tag?post=207624"}],"curies":[{"name":"wp","href":"https:\/\/api.w.org\/{rel}","templated":true}]}}