{"id":207494,"date":"2024-10-09T13:15:36","date_gmt":"2024-10-09T13:15:36","guid":{"rendered":"https:\/\/aldeco.pt\/staging\/product\/weekend\/"},"modified":"2024-11-10T04:49:35","modified_gmt":"2024-11-10T04:49:35","slug":"weekend","status":"publish","type":"product","link":"https:\/\/staging.aldeco.pt\/es\/product\/weekend\/","title":{"rendered":"WEEKEND"},"content":{"rendered":"<p>Presentamos \u201cWeekend\u201d, una tela estampada con un toque exquisito que imita la sarga, d\u00e1ndole un aspecto fresco, juvenil y c\u00f3modo, como los jeans. Esta tela es perfecta para tapicer\u00eda, ya que tiene resultados impresionantes en la prueba de Martindale. <\/p>\n","protected":false},"excerpt":{"rendered":"<p>Presentamos \u201cWeekend\u201d, una tela estampada con un toque exquisito que imita la sarga, d\u00e1ndole un aspecto fresco, juvenil y c\u00f3modo, como los jeans. Esta tela es perfecta para tapicer\u00eda, ya que tiene resultados impresionantes en la prueba de Martindale. <\/p>\n<h2>Weekend, una tela estampada con un toque exquisito que imita la sarga, d\u00e1ndole un aspecto fresco, juvenil y c\u00f3modo, como los jeans.<\/h2>\n<p><img fetchpriority=\"high\" decoding=\"async\" class=\"alignnone wp-image-207477 size-medium\" src=\"https:\/\/aldeco.pt\/staging\/wp-content\/uploads\/2024\/10\/T019360004-1-300x240.jpg\" alt=\"Weekend - Aldeco\" width=\"300\" height=\"240\"><\/p>\n<p><a href=\"https:\/\/aldeco.pt\/staging\/product\/weekend\/?attribute_pa_aldeco-color=02-tapioca-beige\">https:\/\/aldeco.pt\/staging\/product\/weekend\/?attribute_pa_aldeco-color=02-tapioca-beige<\/a><\/p>\n<p><a href=\"https:\/\/www.instagram.com\/aldeco_interiorfabrics\/\">https:\/\/www.instagram.com\/aldeco_interiorfabrics\/<\/a><\/p>\n","protected":false},"featured_media":207479,"template":"","meta":[],"product_brand":[],"product_cat":[6146],"product_tag":[],"class_list":{"0":"post-207494","1":"product","2":"type-product","3":"status-publish","4":"has-post-thumbnail","6":"product_cat-aldeco-2-es","7":"pa_cleanability-8283","8":"pa_composition-ext-100-pl-es","9":"pa_line-oportunidades-es","10":"pa_line-telas","11":"pa_lithfastness-9681","12":"pa_opportunities-activo","13":"pa_outdoor-0-es","14":"pa_range-liso-es","17":"first","18":"instock","19":"purchasable","20":"product-type-variable"},"acf":[],"_links":{"self":[{"href":"https:\/\/staging.aldeco.pt\/es\/wp-json\/wp\/v2\/product\/207494","targetHints":{"allow":["GET"]}}],"collection":[{"href":"https:\/\/staging.aldeco.pt\/es\/wp-json\/wp\/v2\/product"}],"about":[{"href":"https:\/\/staging.aldeco.pt\/es\/wp-json\/wp\/v2\/types\/product"}],"version-history":[{"count":1,"href":"https:\/\/staging.aldeco.pt\/es\/wp-json\/wp\/v2\/product\/207494\/revisions"}],"predecessor-version":[{"id":207514,"href":"https:\/\/staging.aldeco.pt\/es\/wp-json\/wp\/v2\/product\/207494\/revisions\/207514"}],"wp:featuredmedia":[{"embeddable":true,"href":"https:\/\/staging.aldeco.pt\/es\/wp-json\/wp\/v2\/media\/207479"}],"wp:attachment":[{"href":"https:\/\/staging.aldeco.pt\/es\/wp-json\/wp\/v2\/media?parent=207494"}],"wp:term":[{"taxonomy":"product_brand","embeddable":true,"href":"https:\/\/staging.aldeco.pt\/es\/wp-json\/wp\/v2\/product_brand?post=207494"},{"taxonomy":"product_cat","embeddable":true,"href":"https:\/\/staging.aldeco.pt\/es\/wp-json\/wp\/v2\/product_cat?post=207494"},{"taxonomy":"product_tag","embeddable":true,"href":"https:\/\/staging.aldeco.pt\/es\/wp-json\/wp\/v2\/product_tag?post=207494"}],"curies":[{"name":"wp","href":"https:\/\/api.w.org\/{rel}","templated":true}]}}