{"id":207459,"date":"2024-10-09T13:29:30","date_gmt":"2024-10-09T13:29:30","guid":{"rendered":"https:\/\/aldeco.pt\/staging\/product\/welcome\/"},"modified":"2024-11-10T04:49:33","modified_gmt":"2024-11-10T04:49:33","slug":"welcome","status":"publish","type":"product","link":"https:\/\/staging.aldeco.pt\/es\/product\/welcome\/","title":{"rendered":"WELCOME"},"content":{"rendered":"<p>Tela con un patr\u00f3n \u00fanico y aut\u00e9ntico en terciopelo, lo que la hace suave y perfecta para tapicer\u00eda.<\/p>\n","protected":false},"excerpt":{"rendered":"<p>Tela con un patr\u00f3n \u00fanico y aut\u00e9ntico en terciopelo, lo que la hace suave y perfecta para tapicer\u00eda.<\/p>\n<h2>Welcome, tela con un patr\u00f3n \u00fanico y aut\u00e9ntico en terciopelo, lo que la hace suave y perfecta para tapicer\u00eda.<\/h2>\n<p><img fetchpriority=\"high\" decoding=\"async\" class=\"alignnone wp-image-207449 size-medium\" src=\"https:\/\/aldeco.pt\/staging\/wp-content\/uploads\/2024\/10\/T017010001-1-300x225.jpg\" alt=\"Welcome - Aldeco\" width=\"300\" height=\"225\"><\/p>\n<p><a href=\"https:\/\/aldeco.pt\/staging\/product\/welcome\/?attribute_pa_aldeco-color=1\">https:\/\/aldeco.pt\/staging\/product\/welcome\/?attribute_pa_aldeco-color=1<\/a><\/p>\n<p><a href=\"https:\/\/www.instagram.com\/aldeco_interiorfabrics\/\">https:\/\/www.instagram.com\/aldeco_interiorfabrics\/<\/a><\/p>\n","protected":false},"featured_media":207451,"template":"","meta":[],"product_brand":[],"product_cat":[6146],"product_tag":[],"class_list":{"0":"post-207459","1":"product","2":"type-product","3":"status-publish","4":"has-post-thumbnail","6":"product_cat-aldeco-2-es","7":"pa_cleanability-8283","8":"pa_composition-ext-59-pl-34-vi-7-co-es","9":"pa_line-oportunidades-es","10":"pa_line-telas","11":"pa_lithfastness-4-6-es","12":"pa_opportunities-activo","13":"pa_outdoor-0-es","14":"pa_rapport-horizontal-37-es","15":"pa_rapport-vertical-80-es","18":"first","19":"instock","20":"purchasable","21":"product-type-variable"},"acf":[],"_links":{"self":[{"href":"https:\/\/staging.aldeco.pt\/es\/wp-json\/wp\/v2\/product\/207459","targetHints":{"allow":["GET"]}}],"collection":[{"href":"https:\/\/staging.aldeco.pt\/es\/wp-json\/wp\/v2\/product"}],"about":[{"href":"https:\/\/staging.aldeco.pt\/es\/wp-json\/wp\/v2\/types\/product"}],"version-history":[{"count":1,"href":"https:\/\/staging.aldeco.pt\/es\/wp-json\/wp\/v2\/product\/207459\/revisions"}],"predecessor-version":[{"id":207512,"href":"https:\/\/staging.aldeco.pt\/es\/wp-json\/wp\/v2\/product\/207459\/revisions\/207512"}],"wp:featuredmedia":[{"embeddable":true,"href":"https:\/\/staging.aldeco.pt\/es\/wp-json\/wp\/v2\/media\/207451"}],"wp:attachment":[{"href":"https:\/\/staging.aldeco.pt\/es\/wp-json\/wp\/v2\/media?parent=207459"}],"wp:term":[{"taxonomy":"product_brand","embeddable":true,"href":"https:\/\/staging.aldeco.pt\/es\/wp-json\/wp\/v2\/product_brand?post=207459"},{"taxonomy":"product_cat","embeddable":true,"href":"https:\/\/staging.aldeco.pt\/es\/wp-json\/wp\/v2\/product_cat?post=207459"},{"taxonomy":"product_tag","embeddable":true,"href":"https:\/\/staging.aldeco.pt\/es\/wp-json\/wp\/v2\/product_tag?post=207459"}],"curies":[{"name":"wp","href":"https:\/\/api.w.org\/{rel}","templated":true}]}}