{"id":205041,"date":"2024-10-09T09:37:58","date_gmt":"2024-10-09T09:37:58","guid":{"rendered":"https:\/\/aldeco.pt\/staging\/product\/after\/"},"modified":"2024-11-06T02:25:00","modified_gmt":"2024-11-06T02:25:00","slug":"after","status":"publish","type":"product","link":"https:\/\/staging.aldeco.pt\/es\/product\/after\/","title":{"rendered":"AFTER"},"content":{"rendered":"<p>La tela chenille es altamente duradera, ideal tanto para decoraci\u00f3n como para tapicer\u00eda debido a su alta resistencia a la abrasi\u00f3n y su tacto suave. Disponible en una hermosa paleta cremosa. <\/p>\n","protected":false},"excerpt":{"rendered":"<p>La tela chenille es altamente duradera, ideal tanto para decoraci\u00f3n como para tapicer\u00eda debido a su alta resistencia a la abrasi\u00f3n y su tacto suave. Disponible en una hermosa paleta cremosa. <\/p>\n<h2>After, tela chenille es altamente duradera, ideal tanto para decoraci\u00f3n como para tapicer\u00eda debido a su alta resistencia a la abrasi\u00f3n y su tacto suave. Disponible en una hermosa paleta cremosa.<\/h2>\n<p><img fetchpriority=\"high\" decoding=\"async\" class=\"alignnone wp-image-205023 size-medium\" src=\"https:\/\/aldeco.pt\/staging\/wp-content\/uploads\/2024\/10\/T018790003-300x280.jpg\" alt=\"After - Aldeco\" width=\"300\" height=\"280\"><\/p>\n<p><a href=\"https:\/\/aldeco.pt\/staging\/product\/after\/?attribute_pa_colour=beige&amp;attribute_pa_aldeco-color=02-sand\">https:\/\/aldeco.pt\/staging\/product\/after\/?attribute_pa_colour=beige&amp;attribute_pa_aldeco-color=02-sand<\/a><\/p>\n<p><a href=\"https:\/\/www.instagram.com\/aldeco_interiorfabrics\/\">https:\/\/www.instagram.com\/aldeco_interiorfabrics\/<\/a><\/p>\n","protected":false},"featured_media":205022,"template":"","meta":[],"product_brand":[],"product_cat":[6146],"product_tag":[],"class_list":{"0":"post-205041","1":"product","2":"type-product","3":"status-publish","4":"has-post-thumbnail","6":"product_cat-aldeco-2-es","7":"pa_cleanability-8283","8":"pa_composition-ext-69-pes-19-cv-6-co-6-rf-es","9":"pa_line-oportunidades-es","10":"pa_line-telas","11":"pa_lithfastness-5-es","12":"pa_opportunities-activo","13":"pa_outdoor-0-es","14":"pa_range-liso-es","15":"pa_rapport-horizontal-35-6-es","16":"pa_rapport-vertical-24-5-es","19":"first","20":"instock","21":"purchasable","22":"product-type-variable"},"acf":[],"_links":{"self":[{"href":"https:\/\/staging.aldeco.pt\/es\/wp-json\/wp\/v2\/product\/205041","targetHints":{"allow":["GET"]}}],"collection":[{"href":"https:\/\/staging.aldeco.pt\/es\/wp-json\/wp\/v2\/product"}],"about":[{"href":"https:\/\/staging.aldeco.pt\/es\/wp-json\/wp\/v2\/types\/product"}],"version-history":[{"count":1,"href":"https:\/\/staging.aldeco.pt\/es\/wp-json\/wp\/v2\/product\/205041\/revisions"}],"predecessor-version":[{"id":205100,"href":"https:\/\/staging.aldeco.pt\/es\/wp-json\/wp\/v2\/product\/205041\/revisions\/205100"}],"wp:featuredmedia":[{"embeddable":true,"href":"https:\/\/staging.aldeco.pt\/es\/wp-json\/wp\/v2\/media\/205022"}],"wp:attachment":[{"href":"https:\/\/staging.aldeco.pt\/es\/wp-json\/wp\/v2\/media?parent=205041"}],"wp:term":[{"taxonomy":"product_brand","embeddable":true,"href":"https:\/\/staging.aldeco.pt\/es\/wp-json\/wp\/v2\/product_brand?post=205041"},{"taxonomy":"product_cat","embeddable":true,"href":"https:\/\/staging.aldeco.pt\/es\/wp-json\/wp\/v2\/product_cat?post=205041"},{"taxonomy":"product_tag","embeddable":true,"href":"https:\/\/staging.aldeco.pt\/es\/wp-json\/wp\/v2\/product_tag?post=205041"}],"curies":[{"name":"wp","href":"https:\/\/api.w.org\/{rel}","templated":true}]}}