{"id":201552,"date":"2024-10-09T20:34:49","date_gmt":"2024-10-09T20:34:49","guid":{"rendered":"https:\/\/aldeco.pt\/staging\/product\/thara-teflon-2\/"},"modified":"2024-11-14T10:04:17","modified_gmt":"2024-11-14T10:04:17","slug":"thara-teflon-2","status":"publish","type":"product","link":"https:\/\/staging.aldeco.pt\/es\/product\/thara-teflon-2\/","title":{"rendered":"THARA + TEFLON"},"content":{"rendered":"<p>Es una tela de tapicer\u00eda con un acabado repelente al agua. Es una microfibra con un tacto muy suave y dulce, similar a la piel de melocot\u00f3n, que es simplemente irresistible. Disponible con acabado retardante al fuego, bajo petici\u00f3n. Est\u00e1 disponible en 47 colores.<\/p>\n","protected":false},"excerpt":{"rendered":"<p>Es una tela de tapicer\u00eda con un acabado repelente al agua. Es una microfibra con un tacto muy suave y dulce, similar a la piel de melocot\u00f3n, que es simplemente irresistible. Disponible con acabado retardante al fuego, bajo petici\u00f3n. Est\u00e1 disponible en 47 colores.<\/p>\n<h2>Thara es una tela de tapicer\u00eda con un acabado repelente al agua. Es una microfibra con un tacto muy suave y dulce, similar a la piel de melocot\u00f3n, que es simplemente irresistible.<\/h2>\n<p><img fetchpriority=\"high\" decoding=\"async\" class=\"alignnone wp-image-204788 size-medium\" src=\"https:\/\/aldeco.pt\/staging\/wp-content\/uploads\/2024\/10\/T017690040-300x200.jpg\" alt=\"Thara - Aldeco\" width=\"300\" height=\"200\"><\/p>\n<p><a href=\"https:\/\/aldeco.pt\/staging\/product\/thara-teflon\/?attribute_pa_aldeco-color=01-white\">https:\/\/aldeco.pt\/staging\/product\/thara-teflon\/?attribute_pa_aldeco-color=01-white<\/a><\/p>\n<p><a href=\"https:\/\/www.instagram.com\/aldeco_interiorfabrics\/\">https:\/\/www.instagram.com\/aldeco_interiorfabrics\/<\/a><\/p>\n","protected":false},"featured_media":172193,"template":"","meta":[],"product_brand":[],"product_cat":[6146],"product_tag":[],"class_list":{"0":"post-201552","1":"product","2":"type-product","3":"status-publish","4":"has-post-thumbnail","6":"product_cat-aldeco-2-es","7":"pa_cleanability-8283","8":"pa_composition-ext-100-pl-es","9":"pa_contract-fabrics-1-es","10":"pa_interior-fabrics-1-es","11":"pa_line-oportunidades-es","12":"pa_line-telas","13":"pa_lithfastness-4-es","14":"pa_opportunities-activo","15":"pa_opportunities-descontinuado-es","16":"pa_outdoor-0-es","17":"pa_range-liso-es","18":"pa_range-microfiber-es","21":"first","22":"instock","23":"purchasable","24":"product-type-variable"},"acf":[],"_links":{"self":[{"href":"https:\/\/staging.aldeco.pt\/es\/wp-json\/wp\/v2\/product\/201552","targetHints":{"allow":["GET"]}}],"collection":[{"href":"https:\/\/staging.aldeco.pt\/es\/wp-json\/wp\/v2\/product"}],"about":[{"href":"https:\/\/staging.aldeco.pt\/es\/wp-json\/wp\/v2\/types\/product"}],"version-history":[{"count":2,"href":"https:\/\/staging.aldeco.pt\/es\/wp-json\/wp\/v2\/product\/201552\/revisions"}],"predecessor-version":[{"id":213003,"href":"https:\/\/staging.aldeco.pt\/es\/wp-json\/wp\/v2\/product\/201552\/revisions\/213003"}],"wp:featuredmedia":[{"embeddable":true,"href":"https:\/\/staging.aldeco.pt\/es\/wp-json\/wp\/v2\/media\/172193"}],"wp:attachment":[{"href":"https:\/\/staging.aldeco.pt\/es\/wp-json\/wp\/v2\/media?parent=201552"}],"wp:term":[{"taxonomy":"product_brand","embeddable":true,"href":"https:\/\/staging.aldeco.pt\/es\/wp-json\/wp\/v2\/product_brand?post=201552"},{"taxonomy":"product_cat","embeddable":true,"href":"https:\/\/staging.aldeco.pt\/es\/wp-json\/wp\/v2\/product_cat?post=201552"},{"taxonomy":"product_tag","embeddable":true,"href":"https:\/\/staging.aldeco.pt\/es\/wp-json\/wp\/v2\/product_tag?post=201552"}],"curies":[{"name":"wp","href":"https:\/\/api.w.org\/{rel}","templated":true}]}}