{"id":201448,"date":"2024-10-09T20:32:04","date_gmt":"2024-10-09T20:32:04","guid":{"rendered":"https:\/\/aldeco.pt\/staging\/product\/kopke\/"},"modified":"2024-11-21T10:25:22","modified_gmt":"2024-11-21T10:25:22","slug":"kopke","status":"publish","type":"product","link":"https:\/\/staging.aldeco.pt\/es\/product\/kopke\/","title":{"rendered":"KOPKE"},"content":{"rendered":"<p>KOPKE es una tela de chenilla de doble cara extremadamente vers\u00e1til, 100% poli\u00e9ster con un aspecto muy natural Con un ancho excepcional de 320 cm, es un tejido sofisticado de dos tonos que puede utilizarse para tapicer\u00eda, colchas y cortinas gracias a su alta resistencia a la abrasi\u00f3n. KOPKE est\u00e1 dise\u00f1ado para durar, asegurando que tus creaciones resistan el paso del tiempo. Este excelente tejido est\u00e1 disponible en 16 fascinantes colores.<\/p>\n","protected":false},"excerpt":{"rendered":"<p>KOPKE es una tela de chenilla de doble cara extremadamente vers\u00e1til, 100% poli\u00e9ster con un aspecto muy natural Con un ancho excepcional de 320 cm, es un tejido sofisticado de dos tonos que puede utilizarse para tapicer\u00eda, colchas y cortinas gracias a su alta resistencia a la abrasi\u00f3n. KOPKE est\u00e1 dise\u00f1ado para durar, asegurando que tus creaciones resistan el paso del tiempo. Este excelente tejido est\u00e1 disponible en 16 fascinantes colores.<\/p>\n<h2>KOPKE es una tela de chenilla de doble cara extremadamente vers\u00e1til, 100% poli\u00e9ster con un aspecto muy natural<\/h2>\n<p><img fetchpriority=\"high\" decoding=\"async\" class=\"alignnone wp-image-204781 size-medium\" src=\"https:\/\/aldeco.pt\/staging\/wp-content\/uploads\/2024\/10\/T193130011-1-300x200.jpg\" alt=\"Kopke - Aldeco\" width=\"300\" height=\"200\" \/><\/p>\n<p><a href=\"https:\/\/aldeco.pt\/staging\/product\/kopke\/?attribute_pa_aldeco-color=04-parchment\">https:\/\/aldeco.pt\/staging\/product\/kopke\/?attribute_pa_aldeco-color=04-parchment<\/a><\/p>\n<p><a href=\"https:\/\/www.instagram.com\/aldeco_interiorfabrics\/\">https:\/\/www.instagram.com\/aldeco_interiorfabrics\/<\/a><\/p>\n","protected":false},"featured_media":215041,"template":"","meta":[],"product_brand":[],"product_cat":[6154],"product_tag":[],"class_list":{"0":"post-201448","1":"product","2":"type-product","3":"status-publish","4":"has-post-thumbnail","6":"product_cat-aldeco-smarter-es","7":"pa_cleanability-8283","8":"pa_composition-ext-100-pl-es","9":"pa_interior-fabrics-1-es","10":"pa_line-telas","11":"pa_lithfastness-5-es","12":"pa_opportunities-descontinuado-es","13":"pa_range-chenilla","14":"pa_range-dobby-es","15":"pa_range-liso-es","18":"first","19":"instock","20":"purchasable","21":"product-type-variable"},"acf":[],"_links":{"self":[{"href":"https:\/\/staging.aldeco.pt\/es\/wp-json\/wp\/v2\/product\/201448","targetHints":{"allow":["GET"]}}],"collection":[{"href":"https:\/\/staging.aldeco.pt\/es\/wp-json\/wp\/v2\/product"}],"about":[{"href":"https:\/\/staging.aldeco.pt\/es\/wp-json\/wp\/v2\/types\/product"}],"version-history":[{"count":4,"href":"https:\/\/staging.aldeco.pt\/es\/wp-json\/wp\/v2\/product\/201448\/revisions"}],"predecessor-version":[{"id":215089,"href":"https:\/\/staging.aldeco.pt\/es\/wp-json\/wp\/v2\/product\/201448\/revisions\/215089"}],"wp:featuredmedia":[{"embeddable":true,"href":"https:\/\/staging.aldeco.pt\/es\/wp-json\/wp\/v2\/media\/215041"}],"wp:attachment":[{"href":"https:\/\/staging.aldeco.pt\/es\/wp-json\/wp\/v2\/media?parent=201448"}],"wp:term":[{"taxonomy":"product_brand","embeddable":true,"href":"https:\/\/staging.aldeco.pt\/es\/wp-json\/wp\/v2\/product_brand?post=201448"},{"taxonomy":"product_cat","embeddable":true,"href":"https:\/\/staging.aldeco.pt\/es\/wp-json\/wp\/v2\/product_cat?post=201448"},{"taxonomy":"product_tag","embeddable":true,"href":"https:\/\/staging.aldeco.pt\/es\/wp-json\/wp\/v2\/product_tag?post=201448"}],"curies":[{"name":"wp","href":"https:\/\/api.w.org\/{rel}","templated":true}]}}