{"id":201395,"date":"2024-10-09T20:28:10","date_gmt":"2024-10-09T20:28:10","guid":{"rendered":"https:\/\/aldeco.pt\/staging\/product\/elle\/"},"modified":"2025-06-23T13:40:54","modified_gmt":"2025-06-23T13:40:54","slug":"elle","status":"publish","type":"product","link":"https:\/\/staging.aldeco.pt\/es\/product\/elle\/","title":{"rendered":"ELLE"},"content":{"rendered":"<p>Elle es una tela con ancho de 310 cm. Su elegancia atemporal se adquiere a trav\u00e9s del aspecto natural de lino.  Su composici\u00f3n le confiere durabilidad y sofisticaci\u00f3n, permitiendo un f\u00e1cil mantenimiento y una belleza constantes. Esta tela es ideal para cortinas y visillos, mantas pero tambi\u00e9n tapicer\u00eda ligera. Est\u00e1 disponible en una paleta compuesta por 21 colores irresistibles.  <\/p>\n","protected":false},"excerpt":{"rendered":"<p>Elle es una tela con ancho de 310 cm. Su elegancia atemporal se adquiere a trav\u00e9s del aspecto natural de lino.  Su composici\u00f3n le confiere durabilidad y sofisticaci\u00f3n, permitiendo un f\u00e1cil mantenimiento y una belleza constantes. Esta tela es ideal para cortinas y visillos, mantas pero tambi\u00e9n tapicer\u00eda ligera. Est\u00e1 disponible en una paleta compuesta por 21 colores irresistibles.  <\/p>\n<h2>Elle es una tela con ancho de 310 cm. Su elegancia atemporal se adquiere a trav\u00e9s del aspecto natural de lino. <\/h2>\n<p><img fetchpriority=\"high\" decoding=\"async\" class=\"alignnone wp-image-204772 size-medium\" src=\"https:\/\/aldeco.pt\/staging\/wp-content\/uploads\/2024\/10\/T193120001-1-300x200.jpg\" alt=\"Elle - Aldeco\" width=\"300\" height=\"200\"><\/p>\n<p><a href=\"https:\/\/aldeco.pt\/staging\/product\/elle\/?attribute_pa_aldeco-color=01-natural-white\">https:\/\/aldeco.pt\/staging\/product\/elle\/?attribute_pa_aldeco-color=01-natural-white<\/a><\/p>\n<p><a href=\"https:\/\/www.instagram.com\/aldeco_interiorfabrics\/\">https:\/\/www.instagram.com\/aldeco_interiorfabrics\/<\/a><\/p>\n<p>&nbsp;<\/p>\n","protected":false},"featured_media":214977,"template":"","meta":[],"product_brand":[],"product_cat":[6154],"product_tag":[],"class_list":{"0":"post-201395","1":"product","2":"type-product","3":"status-publish","4":"has-post-thumbnail","6":"product_cat-aldeco-smarter-es","7":"pa_cleanability-8283","8":"pa_composition-ext-9-li-53-vi-15-co-23-pl-es","9":"pa_interior-fabrics-1-es","10":"pa_line-telas","11":"pa_lithfastness-4-5-es-2","12":"pa_opportunities-descontinuado-es","13":"pa_range-liso-es","16":"first","17":"instock","18":"purchasable","19":"product-type-variable"},"acf":[],"_links":{"self":[{"href":"https:\/\/staging.aldeco.pt\/es\/wp-json\/wp\/v2\/product\/201395","targetHints":{"allow":["GET"]}}],"collection":[{"href":"https:\/\/staging.aldeco.pt\/es\/wp-json\/wp\/v2\/product"}],"about":[{"href":"https:\/\/staging.aldeco.pt\/es\/wp-json\/wp\/v2\/types\/product"}],"version-history":[{"count":7,"href":"https:\/\/staging.aldeco.pt\/es\/wp-json\/wp\/v2\/product\/201395\/revisions"}],"predecessor-version":[{"id":220417,"href":"https:\/\/staging.aldeco.pt\/es\/wp-json\/wp\/v2\/product\/201395\/revisions\/220417"}],"wp:featuredmedia":[{"embeddable":true,"href":"https:\/\/staging.aldeco.pt\/es\/wp-json\/wp\/v2\/media\/214977"}],"wp:attachment":[{"href":"https:\/\/staging.aldeco.pt\/es\/wp-json\/wp\/v2\/media?parent=201395"}],"wp:term":[{"taxonomy":"product_brand","embeddable":true,"href":"https:\/\/staging.aldeco.pt\/es\/wp-json\/wp\/v2\/product_brand?post=201395"},{"taxonomy":"product_cat","embeddable":true,"href":"https:\/\/staging.aldeco.pt\/es\/wp-json\/wp\/v2\/product_cat?post=201395"},{"taxonomy":"product_tag","embeddable":true,"href":"https:\/\/staging.aldeco.pt\/es\/wp-json\/wp\/v2\/product_tag?post=201395"}],"curies":[{"name":"wp","href":"https:\/\/api.w.org\/{rel}","templated":true}]}}