{"id":200404,"date":"2024-07-23T23:15:01","date_gmt":"2024-07-23T23:15:01","guid":{"rendered":"https:\/\/aldeco.pt\/staging\/product\/cojin-necessaires-fr-forest-green-necessaire-melange-50x50\/"},"modified":"2024-10-03T08:56:30","modified_gmt":"2024-10-03T08:56:30","slug":"cojin-necessaires-fr-forest-green-necessaire-melange-50x50","status":"publish","type":"product","link":"https:\/\/staging.aldeco.pt\/es\/product\/cojin-necessaires-fr-forest-green-necessaire-melange-50x50\/","title":{"rendered":"COJ\u00cdN NECESSAIRES FR FOREST GREEN + NECESSAIRE MELANGE 50&#215;50"},"content":{"rendered":"<p>Coj\u00edn decorativo cuadrado con Necessaires en un lado y Necessaires Melange en el otro. Dos tejidos muy estructurados con efecto mezclado. Uno con una estructura m\u00e1s apretada y el otro con una estructura m\u00e1s suelta. Esta almohada tiene cremallera oculta y est\u00e1 disponible en diferentes combinaciones de colores, con o sin relleno.<\/p>\n","protected":false},"excerpt":{"rendered":"<p>Coj\u00edn decorativo cuadrado con Necessaires en un lado y Necessaires Melange en el otro. Dos tejidos muy estructurados con efecto mezclado. Uno con una estructura m\u00e1s apretada y el otro con una estructura m\u00e1s suelta. Esta almohada tiene cremallera oculta y est\u00e1 disponible en diferentes combinaciones de colores, con o sin relleno.<\/p>\n<h2>Coj\u00edn Necessaires, un coj\u00edn decorativo cuadrado con Necessaires en un lado y Necessaires Melange en el otro.<\/h2>\n<p><img fetchpriority=\"high\" decoding=\"async\" class=\"alignnone wp-image-200392 size-medium\" src=\"https:\/\/aldeco.pt\/staging\/wp-content\/uploads\/2024\/07\/CUSHION-NECESSAIRES-FR-FOREST-GREEN-NECESSAIRE-MELANGE-50x50-1-300x241.jpg\" alt=\"Coj\u00edn Necessaires FR Forest Green - Aldeco\" width=\"300\" height=\"241\" \/><\/p>\n<p><a href=\"https:\/\/aldeco.pt\/staging\/product\/cushion-necessaires-fr-forest-green-necessaire-melange-50x50\/?attribute_pa_aldeco-color=05-forest-green\">https:\/\/aldeco.pt\/staging\/product\/cushion-necessaires-fr-forest-green-necessaire-melange-50&#215;50\/?attribute_pa_aldeco-color=05-forest-green<\/a><a href=\"https:\/\/www.instagram.com\/aldeco_interiorfabrics\/\">https:\/\/www.instagram.com\/aldeco_interiorfabrics\/<\/a><\/p>\n","protected":false},"featured_media":200394,"template":"","meta":[],"product_brand":[],"product_cat":[6146],"product_tag":[],"class_list":{"0":"post-200404","1":"product","2":"type-product","3":"status-publish","4":"has-post-thumbnail","6":"product_cat-aldeco-2-es","7":"pa_composition-ext-54-pc-46-pl-es","8":"pa_line-cojines","9":"pa_range-liso-es","12":"first","13":"instock","14":"purchasable","15":"product-type-variable"},"acf":[],"_links":{"self":[{"href":"https:\/\/staging.aldeco.pt\/es\/wp-json\/wp\/v2\/product\/200404","targetHints":{"allow":["GET"]}}],"collection":[{"href":"https:\/\/staging.aldeco.pt\/es\/wp-json\/wp\/v2\/product"}],"about":[{"href":"https:\/\/staging.aldeco.pt\/es\/wp-json\/wp\/v2\/types\/product"}],"version-history":[{"count":2,"href":"https:\/\/staging.aldeco.pt\/es\/wp-json\/wp\/v2\/product\/200404\/revisions"}],"predecessor-version":[{"id":201921,"href":"https:\/\/staging.aldeco.pt\/es\/wp-json\/wp\/v2\/product\/200404\/revisions\/201921"}],"wp:featuredmedia":[{"embeddable":true,"href":"https:\/\/staging.aldeco.pt\/es\/wp-json\/wp\/v2\/media\/200394"}],"wp:attachment":[{"href":"https:\/\/staging.aldeco.pt\/es\/wp-json\/wp\/v2\/media?parent=200404"}],"wp:term":[{"taxonomy":"product_brand","embeddable":true,"href":"https:\/\/staging.aldeco.pt\/es\/wp-json\/wp\/v2\/product_brand?post=200404"},{"taxonomy":"product_cat","embeddable":true,"href":"https:\/\/staging.aldeco.pt\/es\/wp-json\/wp\/v2\/product_cat?post=200404"},{"taxonomy":"product_tag","embeddable":true,"href":"https:\/\/staging.aldeco.pt\/es\/wp-json\/wp\/v2\/product_tag?post=200404"}],"curies":[{"name":"wp","href":"https:\/\/api.w.org\/{rel}","templated":true}]}}