{"id":200348,"date":"2024-07-23T23:23:05","date_gmt":"2024-07-23T23:23:05","guid":{"rendered":"https:\/\/aldeco.pt\/staging\/product\/cojin-time-oyster-gray-siege-50x30\/"},"modified":"2024-11-04T13:29:26","modified_gmt":"2024-11-04T13:29:26","slug":"cojin-time-oyster-gray-siege-50x30","status":"publish","type":"product","link":"https:\/\/staging.aldeco.pt\/es\/product\/cojin-time-oyster-gray-siege-50x30\/","title":{"rendered":"COJ\u00cdN TIME OYSTER GRAY + SI\u00c9GE 50&#215;30"},"content":{"rendered":"<p>Coj\u00edn decorativo rectangular con Time en la parte delantera y Si\u00e9ge Velvet en la parte trasera. Presentamos un Matelass\u00e9 retro-vintage atemporal con un dise\u00f1o geom\u00e9trico. Esta almohada tiene cremallera oculta y est\u00e1 disponible en diferentes combinaciones de colores, con o sin relleno.<\/p>\n","protected":false},"excerpt":{"rendered":"<p>Coj\u00edn decorativo rectangular con Time en la parte delantera y Si\u00e9ge Velvet en la parte trasera. Presentamos un Matelass\u00e9 retro-vintage atemporal con un dise\u00f1o geom\u00e9trico. Esta almohada tiene cremallera oculta y est\u00e1 disponible en diferentes combinaciones de colores, con o sin relleno.<\/p>\n<h2>Coj\u00edn Time, un coj\u00edn decorativo cuadrado con Time en la parte delantera y Si\u00e9ge Velvet en la parte trasera.<\/h2>\n<p><img fetchpriority=\"high\" decoding=\"async\" class=\"alignnone wp-image-200338 size-medium\" src=\"https:\/\/aldeco.pt\/staging\/wp-content\/uploads\/2024\/07\/CUSHION-TIME-OYSTER-GRAY-SIEGE-50x30-1-300x241.jpg\" alt=\"Coj\u00edn Time Oyster Gray - Aldeco\" width=\"300\" height=\"241\" \/><\/p>\n<p><a href=\"https:\/\/aldeco.pt\/staging\/product\/cushion-time-oyster-gray-siege-50x30\/?attribute_pa_aldeco-color=05-oyster-gray\">https:\/\/aldeco.pt\/staging\/product\/cushion-time-oyster-gray-siege-50&#215;30\/?attribute_pa_aldeco-color=05-oyster-gray<\/a><a href=\"https:\/\/www.instagram.com\/aldeco_interiorfabrics\/\">https:\/\/www.instagram.com\/aldeco_interiorfabrics\/<\/a><\/p>\n","protected":false},"featured_media":200340,"template":"","meta":[],"product_brand":[],"product_cat":[6146],"product_tag":[],"class_list":{"0":"post-200348","1":"product","2":"type-product","3":"status-publish","4":"has-post-thumbnail","6":"product_cat-aldeco-2-es","7":"pa_composition-ext-45-co-30-pl-25-vi-es","8":"pa_line-cojines","11":"first","12":"instock","13":"purchasable","14":"product-type-variable"},"acf":[],"_links":{"self":[{"href":"https:\/\/staging.aldeco.pt\/es\/wp-json\/wp\/v2\/product\/200348","targetHints":{"allow":["GET"]}}],"collection":[{"href":"https:\/\/staging.aldeco.pt\/es\/wp-json\/wp\/v2\/product"}],"about":[{"href":"https:\/\/staging.aldeco.pt\/es\/wp-json\/wp\/v2\/types\/product"}],"version-history":[{"count":2,"href":"https:\/\/staging.aldeco.pt\/es\/wp-json\/wp\/v2\/product\/200348\/revisions"}],"predecessor-version":[{"id":201900,"href":"https:\/\/staging.aldeco.pt\/es\/wp-json\/wp\/v2\/product\/200348\/revisions\/201900"}],"wp:featuredmedia":[{"embeddable":true,"href":"https:\/\/staging.aldeco.pt\/es\/wp-json\/wp\/v2\/media\/200340"}],"wp:attachment":[{"href":"https:\/\/staging.aldeco.pt\/es\/wp-json\/wp\/v2\/media?parent=200348"}],"wp:term":[{"taxonomy":"product_brand","embeddable":true,"href":"https:\/\/staging.aldeco.pt\/es\/wp-json\/wp\/v2\/product_brand?post=200348"},{"taxonomy":"product_cat","embeddable":true,"href":"https:\/\/staging.aldeco.pt\/es\/wp-json\/wp\/v2\/product_cat?post=200348"},{"taxonomy":"product_tag","embeddable":true,"href":"https:\/\/staging.aldeco.pt\/es\/wp-json\/wp\/v2\/product_tag?post=200348"}],"curies":[{"name":"wp","href":"https:\/\/api.w.org\/{rel}","templated":true}]}}