{"id":200332,"date":"2024-07-23T23:23:00","date_gmt":"2024-07-23T23:23:00","guid":{"rendered":"https:\/\/aldeco.pt\/staging\/product\/cojin-time-natural-baltic-blue-project-45x45\/"},"modified":"2024-11-04T13:29:27","modified_gmt":"2024-11-04T13:29:27","slug":"cojin-time-natural-baltic-blue-project-45x45","status":"publish","type":"product","link":"https:\/\/staging.aldeco.pt\/es\/product\/cojin-time-natural-baltic-blue-project-45x45\/","title":{"rendered":"COJ\u00cdN TIME NATURAL BALTIC BLUE + PROJECT 45&#215;45"},"content":{"rendered":"<p>Coj\u00edn decorativo cuadrado con Time en la parte delantera y Project Velvet en la parte trasera. Presentamos un Matelass\u00e9 retro-vintage atemporal con un dise\u00f1o geom\u00e9trico. Esta almohada tiene cremallera oculta y est\u00e1 disponible en diferentes combinaciones de colores, con o sin relleno.<\/p>\n","protected":false},"excerpt":{"rendered":"<p>Coj\u00edn decorativo cuadrado con Time en la parte delantera y Project Velvet en la parte trasera. Presentamos un Matelass\u00e9 retro-vintage atemporal con un dise\u00f1o geom\u00e9trico. Esta almohada tiene cremallera oculta y est\u00e1 disponible en diferentes combinaciones de colores, con o sin relleno.<\/p>\n<h2>Coj\u00edn Time, un coj\u00edn decorativo cuadrado con Time en la parte delantera y Project Velvet en la parte trasera.<\/h2>\n<p><img fetchpriority=\"high\" decoding=\"async\" class=\"alignnone wp-image-200322 size-medium\" src=\"https:\/\/aldeco.pt\/staging\/wp-content\/uploads\/2024\/07\/CUSHION-TIME-NATURAL-BLATIC-BLUE-PROJECT-45x45-1-300x241.jpg\" alt=\"Coj\u00edn Time Natural Baltic Blue - Aldeco\" width=\"300\" height=\"241\" \/><\/p>\n<p><a href=\"https:\/\/aldeco.pt\/staging\/product\/cushion-time-natural-blatic-blue-project-45x45\/?attribute_pa_aldeco-color=08-natural-baltic-blue\">https:\/\/aldeco.pt\/staging\/product\/cushion-time-natural-blatic-blue-project-45&#215;45\/?attribute_pa_aldeco-color=08-natural-baltic-blue<\/a><a href=\"https:\/\/www.instagram.com\/aldeco_interiorfabrics\/\">https:\/\/www.instagram.com\/aldeco_interiorfabrics\/<\/a><\/p>\n","protected":false},"featured_media":200324,"template":"","meta":[],"product_brand":[],"product_cat":[6146],"product_tag":[],"class_list":{"0":"post-200332","1":"product","2":"type-product","3":"status-publish","4":"has-post-thumbnail","6":"product_cat-aldeco-2-es","7":"pa_composition-ext-45-co-30-pl-25-vi-es","8":"pa_line-cojines","11":"first","12":"instock","13":"purchasable","14":"product-type-variable"},"acf":[],"_links":{"self":[{"href":"https:\/\/staging.aldeco.pt\/es\/wp-json\/wp\/v2\/product\/200332","targetHints":{"allow":["GET"]}}],"collection":[{"href":"https:\/\/staging.aldeco.pt\/es\/wp-json\/wp\/v2\/product"}],"about":[{"href":"https:\/\/staging.aldeco.pt\/es\/wp-json\/wp\/v2\/types\/product"}],"version-history":[{"count":3,"href":"https:\/\/staging.aldeco.pt\/es\/wp-json\/wp\/v2\/product\/200332\/revisions"}],"predecessor-version":[{"id":201902,"href":"https:\/\/staging.aldeco.pt\/es\/wp-json\/wp\/v2\/product\/200332\/revisions\/201902"}],"wp:featuredmedia":[{"embeddable":true,"href":"https:\/\/staging.aldeco.pt\/es\/wp-json\/wp\/v2\/media\/200324"}],"wp:attachment":[{"href":"https:\/\/staging.aldeco.pt\/es\/wp-json\/wp\/v2\/media?parent=200332"}],"wp:term":[{"taxonomy":"product_brand","embeddable":true,"href":"https:\/\/staging.aldeco.pt\/es\/wp-json\/wp\/v2\/product_brand?post=200332"},{"taxonomy":"product_cat","embeddable":true,"href":"https:\/\/staging.aldeco.pt\/es\/wp-json\/wp\/v2\/product_cat?post=200332"},{"taxonomy":"product_tag","embeddable":true,"href":"https:\/\/staging.aldeco.pt\/es\/wp-json\/wp\/v2\/product_tag?post=200332"}],"curies":[{"name":"wp","href":"https:\/\/api.w.org\/{rel}","templated":true}]}}