{"id":200156,"date":"2024-07-23T23:17:46","date_gmt":"2024-07-23T23:17:46","guid":{"rendered":"https:\/\/aldeco.pt\/staging\/product\/cojin-rhapsody-blue-mood-project-45x45\/"},"modified":"2024-10-04T11:01:09","modified_gmt":"2024-10-04T11:01:09","slug":"cojin-rhapsody-blue-mood-project-45x45","status":"publish","type":"product","link":"https:\/\/staging.aldeco.pt\/es\/product\/cojin-rhapsody-blue-mood-project-45x45\/","title":{"rendered":"COJ\u00cdN RHAPSODY BLUE MOOD + PROJECT 45&#215;45"},"content":{"rendered":"<p>Exquisito coj\u00edn decorativo cuadrado con tela RHAPSODY en la parte delantera y terciopelo Project en la parte trasera. La sofisticaci\u00f3n y el detalle de la combinaci\u00f3n de colores que marcan esta colecci\u00f3n en un bordado de sat\u00e9n completo con un dise\u00f1o geom\u00e9trico hexagonal retro\/vintage. Esta almohada tiene cremallera oculta y est\u00e1 disponible en diferentes combinaciones de colores, con o sin relleno.<\/p>\n","protected":false},"excerpt":{"rendered":"<p>Exquisito coj\u00edn decorativo cuadrado con tela RHAPSODY en la parte delantera y terciopelo Project en la parte trasera. La sofisticaci\u00f3n y el detalle de la combinaci\u00f3n de colores que marcan esta colecci\u00f3n en un bordado de sat\u00e9n completo con un dise\u00f1o geom\u00e9trico hexagonal retro\/vintage. Esta almohada tiene cremallera oculta y est\u00e1 disponible en diferentes combinaciones de colores, con o sin relleno.<\/p>\n<h2>Coj\u00edn Rhapsody, la sofisticaci\u00f3n y el detalle de la combinaci\u00f3n de colores que marcan esta colecci\u00f3n.<\/h2>\n<p><img fetchpriority=\"high\" decoding=\"async\" class=\"alignnone wp-image-200143 size-medium\" src=\"https:\/\/aldeco.pt\/staging\/wp-content\/uploads\/2024\/07\/CUSHION-RHAPSODY-BLUE-MOOD-PROJECT-45x45-1-300x241.jpg\" alt=\"Coj\u00edn Rhapsody Blue Mood - Aldeco\" width=\"300\" height=\"241\" \/><\/p>\n<p><a href=\"https:\/\/aldeco.pt\/staging\/product\/cushion-rhapsody-blue-mood-project-45x45\/?attribute_pa_aldeco-color=04-blue-mood\">https:\/\/aldeco.pt\/staging\/product\/cushion-rhapsody-blue-mood-project-45&#215;45\/?attribute_pa_aldeco-color=04-blue-mood<\/a><a href=\"https:\/\/www.instagram.com\/aldeco_interiorfabrics\/\">https:\/\/www.instagram.com\/aldeco_interiorfabrics\/<\/a><\/p>\n","protected":false},"featured_media":200145,"template":"","meta":[],"product_brand":[],"product_cat":[6146],"product_tag":[],"class_list":{"0":"post-200156","1":"product","2":"type-product","3":"status-publish","4":"has-post-thumbnail","6":"product_cat-aldeco-2-es","7":"pa_composition-ext-57-vi-43-co-es","8":"pa_line-cojines","11":"first","12":"instock","13":"purchasable","14":"product-type-variable"},"acf":[],"_links":{"self":[{"href":"https:\/\/staging.aldeco.pt\/es\/wp-json\/wp\/v2\/product\/200156","targetHints":{"allow":["GET"]}}],"collection":[{"href":"https:\/\/staging.aldeco.pt\/es\/wp-json\/wp\/v2\/product"}],"about":[{"href":"https:\/\/staging.aldeco.pt\/es\/wp-json\/wp\/v2\/types\/product"}],"version-history":[{"count":3,"href":"https:\/\/staging.aldeco.pt\/es\/wp-json\/wp\/v2\/product\/200156\/revisions"}],"predecessor-version":[{"id":202027,"href":"https:\/\/staging.aldeco.pt\/es\/wp-json\/wp\/v2\/product\/200156\/revisions\/202027"}],"wp:featuredmedia":[{"embeddable":true,"href":"https:\/\/staging.aldeco.pt\/es\/wp-json\/wp\/v2\/media\/200145"}],"wp:attachment":[{"href":"https:\/\/staging.aldeco.pt\/es\/wp-json\/wp\/v2\/media?parent=200156"}],"wp:term":[{"taxonomy":"product_brand","embeddable":true,"href":"https:\/\/staging.aldeco.pt\/es\/wp-json\/wp\/v2\/product_brand?post=200156"},{"taxonomy":"product_cat","embeddable":true,"href":"https:\/\/staging.aldeco.pt\/es\/wp-json\/wp\/v2\/product_cat?post=200156"},{"taxonomy":"product_tag","embeddable":true,"href":"https:\/\/staging.aldeco.pt\/es\/wp-json\/wp\/v2\/product_tag?post=200156"}],"curies":[{"name":"wp","href":"https:\/\/api.w.org\/{rel}","templated":true}]}}