{"id":200138,"date":"2024-07-23T23:17:30","date_gmt":"2024-07-23T23:17:30","guid":{"rendered":"https:\/\/aldeco.pt\/staging\/product\/cojin-resistance-ec-fr-forest-green-mineral-45x45-p\/"},"modified":"2024-08-29T14:33:53","modified_gmt":"2024-08-29T14:33:53","slug":"cojin-resistance-ec-fr-forest-green-mineral-45x45-p","status":"publish","type":"product","link":"https:\/\/staging.aldeco.pt\/es\/product\/cojin-resistance-ec-fr-forest-green-mineral-45x45-p\/","title":{"rendered":"COJ\u00cdN RESISTANCE EC FR FOREST GREEN + MINERAL 45&#215;45 P"},"content":{"rendered":"<p>Coj\u00edn decorativo cuadrado con tejido Resistance, una chenilla naturalmente suave como un terciopelo combinado con una resistencia y durabilidad insuperables y una f\u00e1cil limpieza. Este tejido es ecol\u00f3gico porque cumple con la norma OEKO-TEX 100, no contiene sustancias nocivas para el medio ambiente. Este coj\u00edn tiene una cremallera oculta, vivo Mineral y est\u00e1 disponible en diferentes combinaciones de colores, con o sin relleno.<\/p>\n","protected":false},"excerpt":{"rendered":"<p>Coj\u00edn decorativo cuadrado con tejido Resistance, una chenilla naturalmente suave como un terciopelo combinado con una resistencia y durabilidad insuperables y una f\u00e1cil limpieza. Este tejido es ecol\u00f3gico porque cumple con la norma OEKO-TEX 100, no contiene sustancias nocivas para el medio ambiente. Este coj\u00edn tiene una cremallera oculta, vivo Mineral y est\u00e1 disponible en diferentes combinaciones de colores, con o sin relleno. <\/p>\n<h2>Coj\u00edn Resistance, un chenille naturalmente suave como el terciopelo combinado con una resistencia y durabilidad inigualables y f\u00e1cil limpieza.<\/h2>\n<p><img fetchpriority=\"high\" decoding=\"async\" class=\"alignnone wp-image-200132 size-medium\" src=\"https:\/\/aldeco.pt\/staging\/wp-content\/uploads\/2024\/07\/CUSHION-RESISTANCE-EC-FR-FOREST-GREEN-MINERAL-45x45-P-300x241.jpg\" alt=\"Coj\u00edn Resistance EC FR Forest Green - Aldeco\" width=\"300\" height=\"241\"><\/p>\n<p><a href=\"https:\/\/aldeco.pt\/staging\/product\/cushion-resistance-ec-fr-forest-green-mineral-45x45-p\/?attribute_pa_aldeco-color=10-forest-green\">https:\/\/aldeco.pt\/staging\/product\/cushion-resistance-ec-fr-forest-green-mineral-45&#215;45-p\/?attribute_pa_aldeco-color=10-forest-green<\/a><a href=\"https:\/\/www.instagram.com\/aldeco_interiorfabrics\/\">https:\/\/www.instagram.com\/aldeco_interiorfabrics\/<\/a><\/p>\n<p>&nbsp;<\/p>\n","protected":false},"featured_media":200134,"template":"","meta":[],"product_brand":[],"product_cat":[6146],"product_tag":[],"class_list":{"0":"post-200138","1":"product","2":"type-product","3":"status-publish","4":"has-post-thumbnail","6":"product_cat-aldeco-2-es","7":"pa_composition-ext-80-pl-11-pl-rec-5-co-4-co-rec-es","8":"pa_line-cojines","9":"pa_range-chenilla","12":"first","13":"instock","14":"purchasable","15":"product-type-variable"},"acf":[],"_links":{"self":[{"href":"https:\/\/staging.aldeco.pt\/es\/wp-json\/wp\/v2\/product\/200138","targetHints":{"allow":["GET"]}}],"collection":[{"href":"https:\/\/staging.aldeco.pt\/es\/wp-json\/wp\/v2\/product"}],"about":[{"href":"https:\/\/staging.aldeco.pt\/es\/wp-json\/wp\/v2\/types\/product"}],"version-history":[{"count":1,"href":"https:\/\/staging.aldeco.pt\/es\/wp-json\/wp\/v2\/product\/200138\/revisions"}],"predecessor-version":[{"id":200142,"href":"https:\/\/staging.aldeco.pt\/es\/wp-json\/wp\/v2\/product\/200138\/revisions\/200142"}],"wp:featuredmedia":[{"embeddable":true,"href":"https:\/\/staging.aldeco.pt\/es\/wp-json\/wp\/v2\/media\/200134"}],"wp:attachment":[{"href":"https:\/\/staging.aldeco.pt\/es\/wp-json\/wp\/v2\/media?parent=200138"}],"wp:term":[{"taxonomy":"product_brand","embeddable":true,"href":"https:\/\/staging.aldeco.pt\/es\/wp-json\/wp\/v2\/product_brand?post=200138"},{"taxonomy":"product_cat","embeddable":true,"href":"https:\/\/staging.aldeco.pt\/es\/wp-json\/wp\/v2\/product_cat?post=200138"},{"taxonomy":"product_tag","embeddable":true,"href":"https:\/\/staging.aldeco.pt\/es\/wp-json\/wp\/v2\/product_tag?post=200138"}],"curies":[{"name":"wp","href":"https:\/\/api.w.org\/{rel}","templated":true}]}}