{"id":200014,"date":"2024-07-23T23:12:57","date_gmt":"2024-07-23T23:12:57","guid":{"rendered":"https:\/\/aldeco.pt\/staging\/product\/cojin-mineral-aqua-shade-stone-siege-45x45-p\/"},"modified":"2024-10-01T14:59:19","modified_gmt":"2024-10-01T14:59:19","slug":"cojin-mineral-aqua-shade-stone-siege-45x45-p","status":"publish","type":"product","link":"https:\/\/staging.aldeco.pt\/es\/product\/cojin-mineral-aqua-shade-stone-siege-45x45-p\/","title":{"rendered":"COJ\u00cdN MINERAL AQUA SHADE STONE + SI\u00c9GE 45&#215;45 P"},"content":{"rendered":"<p>Elegante coj\u00edn decorativo cuadrado con terciopelo Si\u00e9ge en la parte trasera y vivo en un color a juego. La belleza de los reflejos minerales son el lema para el desarrollo de esta exquisita tela de jacquard. Esta almohada tiene cremallera oculta y est\u00e1 disponible en diferentes combinaciones de colores, con o sin relleno.<\/p>\n","protected":false},"excerpt":{"rendered":"<p>Elegante coj\u00edn decorativo cuadrado con terciopelo Si\u00e9ge en la parte trasera y vivo en un color a juego. La belleza de los reflejos minerales son el lema para el desarrollo de esta exquisita tela de jacquard. Esta almohada tiene cremallera oculta y est\u00e1 disponible en diferentes combinaciones de colores, con o sin relleno.<\/p>\n<h2>Coj\u00edn Mineral, elegante coj\u00edn decorativo cuadrado con terciopelo Si\u00e9ge en la parte trasera y vivo en un color a juego.<\/h2>\n<p>&nbsp;<\/p>\n<p><img fetchpriority=\"high\" decoding=\"async\" class=\"alignnone wp-image-200004 size-medium\" src=\"https:\/\/aldeco.pt\/staging\/wp-content\/uploads\/2024\/07\/CUSHION-MINERAL-AQUA-SHADE-STONE-SIEGE-45x45-P-300x241.jpg\" alt=\"Coj\u00edn Mineral Aqua Shade Stone - Aldeco\" width=\"300\" height=\"241\" \/><\/p>\n<p><a href=\"https:\/\/aldeco.pt\/staging\/product\/cushion-mineral-aqua-shade-stone-siege-45x45-p\/?attribute_pa_aldeco-color=09-aqua-shade-stone\">https:\/\/aldeco.pt\/staging\/product\/cushion-mineral-aqua-shade-stone-siege-45&#215;45-p\/?attribute_pa_aldeco-color=09-aqua-shade-stone<\/a><a href=\"https:\/\/www.instagram.com\/aldeco_interiorfabrics\/\">https:\/\/www.instagram.com\/aldeco_interiorfabrics\/<\/a><\/p>\n","protected":false},"featured_media":200006,"template":"","meta":[],"product_brand":[],"product_cat":[6146],"product_tag":[],"class_list":{"0":"post-200014","1":"product","2":"type-product","3":"status-publish","4":"has-post-thumbnail","6":"product_cat-aldeco-2-es","7":"pa_composition-ext-52vi-48pl-es","8":"pa_line-cojines","9":"pa_range-jacquard-es","12":"first","13":"instock","14":"purchasable","15":"product-type-variable"},"acf":[],"_links":{"self":[{"href":"https:\/\/staging.aldeco.pt\/es\/wp-json\/wp\/v2\/product\/200014","targetHints":{"allow":["GET"]}}],"collection":[{"href":"https:\/\/staging.aldeco.pt\/es\/wp-json\/wp\/v2\/product"}],"about":[{"href":"https:\/\/staging.aldeco.pt\/es\/wp-json\/wp\/v2\/types\/product"}],"version-history":[{"count":2,"href":"https:\/\/staging.aldeco.pt\/es\/wp-json\/wp\/v2\/product\/200014\/revisions"}],"predecessor-version":[{"id":201724,"href":"https:\/\/staging.aldeco.pt\/es\/wp-json\/wp\/v2\/product\/200014\/revisions\/201724"}],"wp:featuredmedia":[{"embeddable":true,"href":"https:\/\/staging.aldeco.pt\/es\/wp-json\/wp\/v2\/media\/200006"}],"wp:attachment":[{"href":"https:\/\/staging.aldeco.pt\/es\/wp-json\/wp\/v2\/media?parent=200014"}],"wp:term":[{"taxonomy":"product_brand","embeddable":true,"href":"https:\/\/staging.aldeco.pt\/es\/wp-json\/wp\/v2\/product_brand?post=200014"},{"taxonomy":"product_cat","embeddable":true,"href":"https:\/\/staging.aldeco.pt\/es\/wp-json\/wp\/v2\/product_cat?post=200014"},{"taxonomy":"product_tag","embeddable":true,"href":"https:\/\/staging.aldeco.pt\/es\/wp-json\/wp\/v2\/product_tag?post=200014"}],"curies":[{"name":"wp","href":"https:\/\/api.w.org\/{rel}","templated":true}]}}