{"id":199850,"date":"2024-07-23T22:57:03","date_gmt":"2024-07-23T22:57:03","guid":{"rendered":"https:\/\/aldeco.pt\/staging\/product\/cojin-bohemian-aqua-blue-shades-project-50x50-p\/"},"modified":"2024-08-29T14:39:18","modified_gmt":"2024-08-29T14:39:18","slug":"cojin-bohemian-aqua-blue-shades-project-50x50-p","status":"publish","type":"product","link":"https:\/\/staging.aldeco.pt\/es\/product\/cojin-bohemian-aqua-blue-shades-project-50x50-p\/","title":{"rendered":"COJ\u00cdN BOHEMIAN AQUA BLUE SHADES + PROJECT 50&#215;50 P"},"content":{"rendered":"<p>Este coj\u00edn decorativo Bohemian presenta un tejido jacquard en la parte delantera y Project Velvet en la parte trasera, con vivo en un color a juego. En este dise\u00f1o, la mezcla de ritmos geom\u00e9tricos y trazos estilizados resulta en un efecto decadentemente glamuroso.  Esta almohada tiene cremallera oculta y est\u00e1 disponible en diferentes combinaciones de colores, con o sin relleno.<\/p>\n","protected":false},"excerpt":{"rendered":"<p>Este coj\u00edn decorativo Bohemian presenta un tejido jacquard en la parte delantera y Project Velvet en la parte trasera, con vivo en un color a juego. En este dise\u00f1o, la mezcla de ritmos geom\u00e9tricos y trazos estilizados resulta en un efecto decadentemente glamuroso.  Esta almohada tiene cremallera oculta y est\u00e1 disponible en diferentes combinaciones de colores, con o sin relleno. <\/p>\n<h2>Coj\u00edn Bohemian tiene un tejido jacquard en la parte delantera y Project Velvet en la parte trasera, con vivo en un color a juego.<\/h2>\n<p><img fetchpriority=\"high\" decoding=\"async\" class=\"alignnone wp-image-199838 size-medium\" src=\"https:\/\/aldeco.pt\/staging\/wp-content\/uploads\/2024\/07\/CUSHION-BOHEMIAN-AQUA-BLUE-SHADES-PROJECT-50x50-P-300x241.jpg\" alt=\"Coj\u00edn Bohemian Aqua Blue Shades - Aldeco\" width=\"300\" height=\"241\"><\/p>\n<p><a href=\"https:\/\/aldeco.pt\/staging\/product\/cushion-bohemian-aqua-blue-shades-project-50x50-p\/?attribute_pa_aldeco-color=05-aqua-blue-shades\">https:\/\/aldeco.pt\/staging\/product\/cushion-bohemian-aqua-blue-shades-project-50&#215;50-p\/?attribute_pa_aldeco-color=05-aqua-blue-shades<\/a><a href=\"https:\/\/www.instagram.com\/aldeco_interiorfabrics\/\">https:\/\/www.instagram.com\/aldeco_interiorfabrics\/<\/a><\/p>\n","protected":false},"featured_media":199840,"template":"","meta":[],"product_brand":[],"product_cat":[6146],"product_tag":[],"class_list":{"0":"post-199850","1":"product","2":"type-product","3":"status-publish","4":"has-post-thumbnail","6":"product_cat-aldeco-2-es","7":"pa_composition-ext-77-vi-15-co-8-pl-es","8":"pa_line-cojines","9":"pa_range-jacquard-es","12":"first","13":"instock","14":"purchasable","15":"product-type-variable"},"acf":[],"_links":{"self":[{"href":"https:\/\/staging.aldeco.pt\/es\/wp-json\/wp\/v2\/product\/199850","targetHints":{"allow":["GET"]}}],"collection":[{"href":"https:\/\/staging.aldeco.pt\/es\/wp-json\/wp\/v2\/product"}],"about":[{"href":"https:\/\/staging.aldeco.pt\/es\/wp-json\/wp\/v2\/types\/product"}],"version-history":[{"count":1,"href":"https:\/\/staging.aldeco.pt\/es\/wp-json\/wp\/v2\/product\/199850\/revisions"}],"predecessor-version":[{"id":200520,"href":"https:\/\/staging.aldeco.pt\/es\/wp-json\/wp\/v2\/product\/199850\/revisions\/200520"}],"wp:featuredmedia":[{"embeddable":true,"href":"https:\/\/staging.aldeco.pt\/es\/wp-json\/wp\/v2\/media\/199840"}],"wp:attachment":[{"href":"https:\/\/staging.aldeco.pt\/es\/wp-json\/wp\/v2\/media?parent=199850"}],"wp:term":[{"taxonomy":"product_brand","embeddable":true,"href":"https:\/\/staging.aldeco.pt\/es\/wp-json\/wp\/v2\/product_brand?post=199850"},{"taxonomy":"product_cat","embeddable":true,"href":"https:\/\/staging.aldeco.pt\/es\/wp-json\/wp\/v2\/product_cat?post=199850"},{"taxonomy":"product_tag","embeddable":true,"href":"https:\/\/staging.aldeco.pt\/es\/wp-json\/wp\/v2\/product_tag?post=199850"}],"curies":[{"name":"wp","href":"https:\/\/api.w.org\/{rel}","templated":true}]}}