{"id":199808,"date":"2024-07-23T23:05:47","date_gmt":"2024-07-23T23:05:47","guid":{"rendered":"https:\/\/aldeco.pt\/staging\/product\/cojin-haut-desert-terracotta-voyageur-clay-50x50-p\/"},"modified":"2024-10-07T11:29:37","modified_gmt":"2024-10-07T11:29:37","slug":"cojin-haut-desert-terracotta-voyageur-clay-50x50-p","status":"publish","type":"product","link":"https:\/\/staging.aldeco.pt\/es\/product\/cojin-haut-desert-terracotta-voyageur-clay-50x50-p\/","title":{"rendered":"COJ\u00cdN HAUT D\u00c9SERT TERRACOTTA VOYAGEUR CLAY 50&#215;50 P"},"content":{"rendered":"<p>Elegante coj\u00edn decorativo cuadrado con respaldo Voyageur. Haut D\u00e9sert es un tejido jacquard satinado que representa un ritmo din\u00e1mico y armonioso, casi como una partitura musical. Sus elementos gr\u00e1ficos geom\u00e9tricos inspirados en la repetici\u00f3n del tri\u00e1ngulo representan la conexi\u00f3n con la tierra en un momento de continua creaci\u00f3n ancestral. El motivo piramidal est\u00e1 muy presente en este tejido, invocando los viajes egipcios, contrastando con la elegancia del sat\u00e9n como material noble. Este coj\u00edn tiene ribete y una cremallera oculta y est\u00e1 disponible en diferentes combinaciones de colores, con o sin relleno.<\/p>\n","protected":false},"excerpt":{"rendered":"<p>Elegante coj\u00edn decorativo cuadrado con respaldo Voyageur. Haut D\u00e9sert es un tejido jacquard satinado que representa un ritmo din\u00e1mico y armonioso, casi como una partitura musical. Sus elementos gr\u00e1ficos geom\u00e9tricos inspirados en la repetici\u00f3n del tri\u00e1ngulo representan la conexi\u00f3n con la tierra en un momento de continua creaci\u00f3n ancestral. El motivo piramidal est\u00e1 muy presente en este tejido, invocando los viajes egipcios, contrastando con la elegancia del sat\u00e9n como material noble. Este coj\u00edn tiene ribete y una cremallera oculta y est\u00e1 disponible en diferentes combinaciones de colores, con o sin relleno.<\/p>\n<h2>Coj\u00edn Haut D\u00e9sert, elegante coj\u00edn decorativo cuadrado con respaldo Voyageur.<\/h2>\n<p>&nbsp;<\/p>\n<p><img fetchpriority=\"high\" decoding=\"async\" class=\"alignnone wp-image-199797 size-medium\" src=\"https:\/\/aldeco.pt\/staging\/wp-content\/uploads\/2024\/07\/CUSHION-HAUT-DESERT-TERRACOTTA-VOYAGEUR-CLAY-50x50-P_Front-300x241.jpg\" alt=\"Coj\u00edn Haut D\u00e9sert Terracotta Voyageur Clay - Aldeco\" width=\"300\" height=\"241\" \/><\/p>\n<p><a href=\"https:\/\/aldeco.pt\/staging\/product\/cushion-haut-desert-terracotta-voyageur-clay-50x50-p\/?attribute_pa_aldeco-color=03-terracotta-hues\">https:\/\/aldeco.pt\/staging\/product\/cushion-haut-desert-terracotta-voyageur-clay-50&#215;50-p\/?attribute_pa_aldeco-color=03-terracotta-hues<\/a><a href=\"https:\/\/www.instagram.com\/aldeco_interiorfabrics\/\">https:\/\/www.instagram.com\/aldeco_interiorfabrics\/<\/a><\/p>\n","protected":false},"featured_media":199799,"template":"","meta":[],"product_brand":[],"product_cat":[6146],"product_tag":[],"class_list":{"0":"post-199808","1":"product","2":"type-product","3":"status-publish","4":"has-post-thumbnail","6":"product_cat-aldeco-2-es","7":"pa_composition-ext-62-pl-19-co-13-vi-6-li-es","8":"pa_line-cojines","9":"pa_range-jacquard-es","12":"first","13":"instock","14":"purchasable","15":"product-type-variable"},"acf":[],"_links":{"self":[{"href":"https:\/\/staging.aldeco.pt\/es\/wp-json\/wp\/v2\/product\/199808","targetHints":{"allow":["GET"]}}],"collection":[{"href":"https:\/\/staging.aldeco.pt\/es\/wp-json\/wp\/v2\/product"}],"about":[{"href":"https:\/\/staging.aldeco.pt\/es\/wp-json\/wp\/v2\/types\/product"}],"version-history":[{"count":1,"href":"https:\/\/staging.aldeco.pt\/es\/wp-json\/wp\/v2\/product\/199808\/revisions"}],"predecessor-version":[{"id":200443,"href":"https:\/\/staging.aldeco.pt\/es\/wp-json\/wp\/v2\/product\/199808\/revisions\/200443"}],"wp:featuredmedia":[{"embeddable":true,"href":"https:\/\/staging.aldeco.pt\/es\/wp-json\/wp\/v2\/media\/199799"}],"wp:attachment":[{"href":"https:\/\/staging.aldeco.pt\/es\/wp-json\/wp\/v2\/media?parent=199808"}],"wp:term":[{"taxonomy":"product_brand","embeddable":true,"href":"https:\/\/staging.aldeco.pt\/es\/wp-json\/wp\/v2\/product_brand?post=199808"},{"taxonomy":"product_cat","embeddable":true,"href":"https:\/\/staging.aldeco.pt\/es\/wp-json\/wp\/v2\/product_cat?post=199808"},{"taxonomy":"product_tag","embeddable":true,"href":"https:\/\/staging.aldeco.pt\/es\/wp-json\/wp\/v2\/product_tag?post=199808"}],"curies":[{"name":"wp","href":"https:\/\/api.w.org\/{rel}","templated":true}]}}