{"id":199346,"date":"2024-07-23T23:20:11","date_gmt":"2024-07-23T23:20:11","guid":{"rendered":"https:\/\/aldeco.pt\/staging\/product\/cojin-sealife-velvet-pacific-sunset-50x50\/"},"modified":"2024-10-28T20:03:56","modified_gmt":"2024-10-28T20:03:56","slug":"cojin-sealife-velvet-pacific-sunset-50x50","status":"publish","type":"product","link":"https:\/\/staging.aldeco.pt\/es\/product\/cojin-sealife-velvet-pacific-sunset-50x50\/","title":{"rendered":"COJ\u00cdN SEALIFE VELVET PACIFIC SUNSET 50&#215;50"},"content":{"rendered":"<p>Suave coj\u00edn decorativo cuadrado, Sealife Velvet representa la vida misma y la preocupaci\u00f3n por las cuestiones medioambientales de hoy y del futuro. Los corales son muy sensibles y nos bendicen con los colores m\u00e1s bellos y sorprendentes cuando los oc\u00e9anos est\u00e1n limpios, pero si el medio ambiente est\u00e1 contaminado, los corales mueren y pierden sus hermosos colores. Esta almohada tiene cremallera oculta y est\u00e1 disponible en diferentes combinaciones de colores, con o sin relleno.  Esta almohada tiene cremallera oculta y est\u00e1 disponible en diferentes combinaciones de colores, con o sin relleno.<\/p>\n","protected":false},"excerpt":{"rendered":"<p>Suave coj\u00edn decorativo cuadrado, Sealife Velvet representa la vida misma y la preocupaci\u00f3n por las cuestiones medioambientales de hoy y del futuro. Los corales son muy sensibles y nos bendicen con los colores m\u00e1s bellos y sorprendentes cuando los oc\u00e9anos est\u00e1n limpios, pero si el medio ambiente est\u00e1 contaminado, los corales mueren y pierden sus hermosos colores. Esta almohada tiene cremallera oculta y est\u00e1 disponible en diferentes combinaciones de colores, con o sin relleno.  Esta almohada tiene cremallera oculta y est\u00e1 disponible en diferentes combinaciones de colores, con o sin relleno. <\/p>\n<h2>Coj\u00edn Sealife Velvet representa la vida misma y la preocupaci\u00f3n por las cuestiones medioambientales de hoy y del futuro.<\/h2>\n<p><img fetchpriority=\"high\" decoding=\"async\" class=\"alignnone wp-image-196877 size-medium\" src=\"https:\/\/aldeco.pt\/staging\/wp-content\/uploads\/2024\/07\/CUSHION-SEALIFE-VELVET-PACIFIC-SUNSET-50x50-1-300x241.jpg\" alt=\"Coj\u00edn Sealife Velvet Pacific Sunset - Aldeco\" width=\"300\" height=\"241\"><\/p>\n<p><a href=\"https:\/\/aldeco.pt\/staging\/product\/cushion-sealife-velvet-pacific-sunset-50x50\/?attribute_pa_aldeco-color=02-pacific-sunset\">https:\/\/aldeco.pt\/staging\/product\/cushion-sealife-velvet-pacific-sunset-50&#215;50\/?attribute_pa_aldeco-color=02-pacific-sunset<\/a><a href=\"https:\/\/www.instagram.com\/aldeco_interiorfabrics\/\">https:\/\/www.instagram.com\/aldeco_interiorfabrics\/<\/a><\/p>\n","protected":false},"featured_media":196879,"template":"","meta":[],"product_brand":[],"product_cat":[6146],"product_tag":[],"class_list":{"0":"post-199346","1":"product","2":"type-product","3":"status-publish","4":"has-post-thumbnail","6":"product_cat-aldeco-2-es","7":"pa_composition-ext-100-pl-es","8":"pa_line-cojines","9":"pa_range-dobby-es","10":"pa_range-tintado-en-pieza","13":"first","14":"instock","15":"purchasable","16":"product-type-variable"},"acf":[],"_links":{"self":[{"href":"https:\/\/staging.aldeco.pt\/es\/wp-json\/wp\/v2\/product\/199346","targetHints":{"allow":["GET"]}}],"collection":[{"href":"https:\/\/staging.aldeco.pt\/es\/wp-json\/wp\/v2\/product"}],"about":[{"href":"https:\/\/staging.aldeco.pt\/es\/wp-json\/wp\/v2\/types\/product"}],"version-history":[{"count":1,"href":"https:\/\/staging.aldeco.pt\/es\/wp-json\/wp\/v2\/product\/199346\/revisions"}],"predecessor-version":[{"id":199414,"href":"https:\/\/staging.aldeco.pt\/es\/wp-json\/wp\/v2\/product\/199346\/revisions\/199414"}],"wp:featuredmedia":[{"embeddable":true,"href":"https:\/\/staging.aldeco.pt\/es\/wp-json\/wp\/v2\/media\/196879"}],"wp:attachment":[{"href":"https:\/\/staging.aldeco.pt\/es\/wp-json\/wp\/v2\/media?parent=199346"}],"wp:term":[{"taxonomy":"product_brand","embeddable":true,"href":"https:\/\/staging.aldeco.pt\/es\/wp-json\/wp\/v2\/product_brand?post=199346"},{"taxonomy":"product_cat","embeddable":true,"href":"https:\/\/staging.aldeco.pt\/es\/wp-json\/wp\/v2\/product_cat?post=199346"},{"taxonomy":"product_tag","embeddable":true,"href":"https:\/\/staging.aldeco.pt\/es\/wp-json\/wp\/v2\/product_tag?post=199346"}],"curies":[{"name":"wp","href":"https:\/\/api.w.org\/{rel}","templated":true}]}}