{"id":199336,"date":"2024-07-23T23:19:48","date_gmt":"2024-07-23T23:19:48","guid":{"rendered":"https:\/\/aldeco.pt\/staging\/product\/cojin-savoir-faire-maxims-dore-50x50\/"},"modified":"2024-10-09T03:59:51","modified_gmt":"2024-10-09T03:59:51","slug":"cojin-savoir-faire-maxims-dore-50x50","status":"publish","type":"product","link":"https:\/\/staging.aldeco.pt\/es\/product\/cojin-savoir-faire-maxims-dore-50x50\/","title":{"rendered":"COJ\u00cdN SAVOIR-FAIRE MAXIMS DOR\u00c9 50&#215;50"},"content":{"rendered":"<p>SAVOIR-FAIRE es una lujosa tela bordada de dise\u00f1o art d\u00e9co, adornada en tonos ricos a trav\u00e9s de intrincadas puntadas de bordado decorativas. Confeccionado en un elegante tejido de sat\u00edn de algod\u00f3n, es el ep\u00edtome del lujo que eleva cada espacio con este toque majestuoso. Este tejido simboliza el verdadero concepto de savoir-faire en todas las esferas de la glamurosa vida de Veva. Esta almohada tiene cremallera oculta, 1 cm de oxford y est\u00e1 disponible en diferentes combinaciones de colores, con o sin relleno.<\/p>\n","protected":false},"excerpt":{"rendered":"<p>SAVOIR-FAIRE es una lujosa tela bordada de dise\u00f1o art d\u00e9co, adornada en tonos ricos a trav\u00e9s de intrincadas puntadas de bordado decorativas. Confeccionado en un elegante tejido de sat\u00edn de algod\u00f3n, es el ep\u00edtome del lujo que eleva cada espacio con este toque majestuoso. Este tejido simboliza el verdadero concepto de savoir-faire en todas las esferas de la glamurosa vida de Veva. Esta almohada tiene cremallera oculta, 1 cm de oxford y est\u00e1 disponible en diferentes combinaciones de colores, con o sin relleno. <\/p>\n<h2>Coj\u00edn SAVOIR-FAIRE es una lujosa tela bordada de dise\u00f1o art d\u00e9co, adornada en tonos ricos a trav\u00e9s de intrincadas puntadas de bordado decorativas. Confeccionado en un elegante tejido de sat\u00edn de algod\u00f3n, es el ep\u00edtome del lujo que eleva cada espacio con este toque majestuoso. Este tejido simboliza el verdadero concepto de savoir-faire en todas las esferas de la glamurosa vida de Veva. Esta almohada tiene cremallera oculta, 1 cm de oxford y est\u00e1 disponible en diferentes combinaciones de colores, con o sin relleno.<\/h2>\n<p><img fetchpriority=\"high\" decoding=\"async\" class=\"alignnone wp-image-195496 size-medium\" src=\"https:\/\/aldeco.pt\/staging\/wp-content\/uploads\/2024\/07\/CUSHION-SAVOIR-FAIRE-MAXIMS-DORE-50x50-1-300x241.jpg\" alt=\"Coj\u00edn Savoir-Faire Maxims Dor\u00e9 - Aldeco\" width=\"300\" height=\"241\"><\/p>\n<p><a href=\"https:\/\/aldeco.pt\/staging\/product\/cushion-savoir-faire-maxims-dore-50x50\/?attribute_pa_aldeco-color=02-maxims-dore\">https:\/\/aldeco.pt\/staging\/product\/cushion-savoir-faire-maxims-dore-50&#215;50\/?attribute_pa_aldeco-color=02-maxims-dore<\/a><a href=\"https:\/\/www.instagram.com\/aldeco_interiorfabrics\/\">https:\/\/www.instagram.com\/aldeco_interiorfabrics\/<\/a><\/p>\n","protected":false},"featured_media":195498,"template":"","meta":[],"product_brand":[],"product_cat":[6146],"product_tag":[],"class_list":{"0":"post-199336","1":"product","2":"type-product","3":"status-publish","4":"has-post-thumbnail","6":"product_cat-aldeco-2-es","7":"pa_composition-ext-100-co-bordado-80-vi-20-pl-es","8":"pa_line-cojines","9":"pa_range-bordado-es","10":"pa_range-combed-es","13":"first","14":"instock","15":"purchasable","16":"product-type-variable"},"acf":[],"_links":{"self":[{"href":"https:\/\/staging.aldeco.pt\/es\/wp-json\/wp\/v2\/product\/199336","targetHints":{"allow":["GET"]}}],"collection":[{"href":"https:\/\/staging.aldeco.pt\/es\/wp-json\/wp\/v2\/product"}],"about":[{"href":"https:\/\/staging.aldeco.pt\/es\/wp-json\/wp\/v2\/types\/product"}],"version-history":[{"count":1,"href":"https:\/\/staging.aldeco.pt\/es\/wp-json\/wp\/v2\/product\/199336\/revisions"}],"predecessor-version":[{"id":199419,"href":"https:\/\/staging.aldeco.pt\/es\/wp-json\/wp\/v2\/product\/199336\/revisions\/199419"}],"wp:featuredmedia":[{"embeddable":true,"href":"https:\/\/staging.aldeco.pt\/es\/wp-json\/wp\/v2\/media\/195498"}],"wp:attachment":[{"href":"https:\/\/staging.aldeco.pt\/es\/wp-json\/wp\/v2\/media?parent=199336"}],"wp:term":[{"taxonomy":"product_brand","embeddable":true,"href":"https:\/\/staging.aldeco.pt\/es\/wp-json\/wp\/v2\/product_brand?post=199336"},{"taxonomy":"product_cat","embeddable":true,"href":"https:\/\/staging.aldeco.pt\/es\/wp-json\/wp\/v2\/product_cat?post=199336"},{"taxonomy":"product_tag","embeddable":true,"href":"https:\/\/staging.aldeco.pt\/es\/wp-json\/wp\/v2\/product_tag?post=199336"}],"curies":[{"name":"wp","href":"https:\/\/api.w.org\/{rel}","templated":true}]}}