{"id":199332,"date":"2024-07-23T23:20:15","date_gmt":"2024-07-23T23:20:15","guid":{"rendered":"https:\/\/aldeco.pt\/staging\/product\/cojin-shadow-velvet-blue-mood-45x45\/"},"modified":"2024-10-28T20:03:55","modified_gmt":"2024-10-28T20:03:55","slug":"cojin-shadow-velvet-blue-mood-45x45","status":"publish","type":"product","link":"https:\/\/staging.aldeco.pt\/es\/product\/cojin-shadow-velvet-blue-mood-45x45\/","title":{"rendered":"COJ\u00cdN SHADOW VELVET BLUE MOOD 45&#215;45"},"content":{"rendered":"<p>Suave coj\u00edn decorativo cuadrado con Shadow Velvet. Terciopelo Sucesso estampado con un estampado abstracto de inspiraci\u00f3n mineral. Este terciopelo es la simbiosis perfecta entre suavidad y alta resistencia a la abrasi\u00f3n. Esta almohada tiene cremallera oculta y est\u00e1 disponible en diferentes combinaciones de colores, con o sin relleno.<\/p>\n","protected":false},"excerpt":{"rendered":"<p>Suave coj\u00edn decorativo cuadrado con Shadow Velvet. Terciopelo Sucesso estampado con un estampado abstracto de inspiraci\u00f3n mineral. Este terciopelo es la simbiosis perfecta entre suavidad y alta resistencia a la abrasi\u00f3n. Esta almohada tiene cremallera oculta y est\u00e1 disponible en diferentes combinaciones de colores, con o sin relleno.<\/p>\n<h2>Coj\u00edn Shadow Velvet, terciopelo Sucesso estampado con un estampado abstracto de inspiraci\u00f3n mineral.<\/h2>\n<p><img fetchpriority=\"high\" decoding=\"async\" class=\"alignnone wp-image-197143 size-medium\" src=\"https:\/\/aldeco.pt\/staging\/wp-content\/uploads\/2024\/07\/CUSHION-SHADOW-VELVET-BLUE-MOOD-45x45-1-300x241.jpg\" alt=\"Coj\u00edn Shadow Velvet Blue Mood - Aldeco\" width=\"300\" height=\"241\" \/><\/p>\n<p><a href=\"https:\/\/aldeco.pt\/staging\/product\/cushion-shadow-velvet-blue-mood-45x45\/?attribute_pa_aldeco-color=03-turquoise-blue\">https:\/\/aldeco.pt\/staging\/product\/cushion-shadow-velvet-blue-mood-45&#215;45\/?attribute_pa_aldeco-color=03-turquoise-blue<\/a><a href=\"https:\/\/www.instagram.com\/aldeco_interiorfabrics\/\">https:\/\/www.instagram.com\/aldeco_interiorfabrics\/<\/a><\/p>\n","protected":false},"featured_media":197145,"template":"","meta":[],"product_brand":[],"product_cat":[6146],"product_tag":[],"class_list":{"0":"post-199332","1":"product","2":"type-product","3":"status-publish","4":"has-post-thumbnail","6":"product_cat-aldeco-2-es","7":"pa_composition-ext-100-pl-es","8":"pa_line-cojines","9":"pa_range-terciopelo","12":"first","13":"instock","14":"purchasable","15":"product-type-variable"},"acf":[],"_links":{"self":[{"href":"https:\/\/staging.aldeco.pt\/es\/wp-json\/wp\/v2\/product\/199332","targetHints":{"allow":["GET"]}}],"collection":[{"href":"https:\/\/staging.aldeco.pt\/es\/wp-json\/wp\/v2\/product"}],"about":[{"href":"https:\/\/staging.aldeco.pt\/es\/wp-json\/wp\/v2\/types\/product"}],"version-history":[{"count":2,"href":"https:\/\/staging.aldeco.pt\/es\/wp-json\/wp\/v2\/product\/199332\/revisions"}],"predecessor-version":[{"id":202008,"href":"https:\/\/staging.aldeco.pt\/es\/wp-json\/wp\/v2\/product\/199332\/revisions\/202008"}],"wp:featuredmedia":[{"embeddable":true,"href":"https:\/\/staging.aldeco.pt\/es\/wp-json\/wp\/v2\/media\/197145"}],"wp:attachment":[{"href":"https:\/\/staging.aldeco.pt\/es\/wp-json\/wp\/v2\/media?parent=199332"}],"wp:term":[{"taxonomy":"product_brand","embeddable":true,"href":"https:\/\/staging.aldeco.pt\/es\/wp-json\/wp\/v2\/product_brand?post=199332"},{"taxonomy":"product_cat","embeddable":true,"href":"https:\/\/staging.aldeco.pt\/es\/wp-json\/wp\/v2\/product_cat?post=199332"},{"taxonomy":"product_tag","embeddable":true,"href":"https:\/\/staging.aldeco.pt\/es\/wp-json\/wp\/v2\/product_tag?post=199332"}],"curies":[{"name":"wp","href":"https:\/\/api.w.org\/{rel}","templated":true}]}}