{"id":199328,"date":"2024-07-23T23:20:24","date_gmt":"2024-07-23T23:20:24","guid":{"rendered":"https:\/\/aldeco.pt\/staging\/product\/cojin-siege-velvet-col-0176-pure-yellow-50x50-p\/"},"modified":"2024-10-28T20:03:54","modified_gmt":"2024-10-28T20:03:54","slug":"cojin-siege-velvet-col-0176-pure-yellow-50x50-p","status":"publish","type":"product","link":"https:\/\/staging.aldeco.pt\/es\/product\/cojin-siege-velvet-col-0176-pure-yellow-50x50-p\/","title":{"rendered":"COJ\u00cdN SI\u00c9GE VELVET COL 0176 PURE YELLOW 50&#215;50 P"},"content":{"rendered":"<p>Suave coj\u00edn decorativo cuadrado con Terciopelo Si\u00e9ge. El best seller de Aldeco, Si\u00e9ge, es un terciopelo precioso y suave con alta resistencia a la abrasi\u00f3n.  Esta almohada tiene cremallera oculta, vivo y est\u00e1 disponible en diferentes combinaciones de colores, con o sin relleno.<\/p>\n","protected":false},"excerpt":{"rendered":"<p>Suave coj\u00edn decorativo cuadrado con Terciopelo Si\u00e9ge. El best seller de Aldeco, Si\u00e9ge, es un terciopelo precioso y suave con alta resistencia a la abrasi\u00f3n.  Esta almohada tiene cremallera oculta, vivo y est\u00e1 disponible en diferentes combinaciones de colores, con o sin relleno. <\/p>\n<h2>Coj\u00edn Si\u00e9ge Velvet. El best seller de Aldeco, Si\u00e9ge, es un terciopelo precioso y suave con alta resistencia a la abrasi\u00f3n. <\/h2>\n<p><img fetchpriority=\"high\" decoding=\"async\" class=\"alignnone wp-image-197175 size-medium\" src=\"https:\/\/aldeco.pt\/staging\/wp-content\/uploads\/2024\/07\/CUSHION-SIEGE-VELVET-COL-0176-PURE-YELLOW-50x50-P-300x241.jpg\" alt=\"Coj\u00edn Si\u00e9ge Velvet Pure Yellow - Aldeco\" width=\"300\" height=\"241\"><\/p>\n<p><a href=\"https:\/\/aldeco.pt\/staging\/product\/cushion-siege-velvet-col-0176-pure-yellow-50x50-p\/?attribute_pa_aldeco-color=0176-pure-yellow\">https:\/\/aldeco.pt\/staging\/product\/cushion-siege-velvet-col-0176-pure-yellow-50&#215;50-p\/?attribute_pa_aldeco-color=0176-pure-yellow<\/a><a href=\"https:\/\/www.instagram.com\/aldeco_interiorfabrics\/\">https:\/\/www.instagram.com\/aldeco_interiorfabrics\/<\/a><\/p>\n","protected":false},"featured_media":197177,"template":"","meta":[],"product_brand":[],"product_cat":[6146],"product_tag":[],"class_list":{"0":"post-199328","1":"product","2":"type-product","3":"status-publish","4":"has-post-thumbnail","6":"product_cat-aldeco-2-es","7":"pa_composition-ext-overall-100-co-pile-100-co-es","8":"pa_line-cojines","9":"pa_range-terciopelo","12":"first","13":"instock","14":"purchasable","15":"product-type-variable"},"acf":[],"_links":{"self":[{"href":"https:\/\/staging.aldeco.pt\/es\/wp-json\/wp\/v2\/product\/199328","targetHints":{"allow":["GET"]}}],"collection":[{"href":"https:\/\/staging.aldeco.pt\/es\/wp-json\/wp\/v2\/product"}],"about":[{"href":"https:\/\/staging.aldeco.pt\/es\/wp-json\/wp\/v2\/types\/product"}],"version-history":[{"count":1,"href":"https:\/\/staging.aldeco.pt\/es\/wp-json\/wp\/v2\/product\/199328\/revisions"}],"predecessor-version":[{"id":199413,"href":"https:\/\/staging.aldeco.pt\/es\/wp-json\/wp\/v2\/product\/199328\/revisions\/199413"}],"wp:featuredmedia":[{"embeddable":true,"href":"https:\/\/staging.aldeco.pt\/es\/wp-json\/wp\/v2\/media\/197177"}],"wp:attachment":[{"href":"https:\/\/staging.aldeco.pt\/es\/wp-json\/wp\/v2\/media?parent=199328"}],"wp:term":[{"taxonomy":"product_brand","embeddable":true,"href":"https:\/\/staging.aldeco.pt\/es\/wp-json\/wp\/v2\/product_brand?post=199328"},{"taxonomy":"product_cat","embeddable":true,"href":"https:\/\/staging.aldeco.pt\/es\/wp-json\/wp\/v2\/product_cat?post=199328"},{"taxonomy":"product_tag","embeddable":true,"href":"https:\/\/staging.aldeco.pt\/es\/wp-json\/wp\/v2\/product_tag?post=199328"}],"curies":[{"name":"wp","href":"https:\/\/api.w.org\/{rel}","templated":true}]}}