{"id":199326,"date":"2024-07-23T23:20:30","date_gmt":"2024-07-23T23:20:30","guid":{"rendered":"https:\/\/aldeco.pt\/staging\/product\/cojin-siege-velvet-deep-gray-50x30-p\/"},"modified":"2024-10-29T09:47:37","modified_gmt":"2024-10-29T09:47:37","slug":"cojin-siege-velvet-deep-gray-50x30-p","status":"publish","type":"product","link":"https:\/\/staging.aldeco.pt\/es\/product\/cojin-siege-velvet-deep-gray-50x30-p\/","title":{"rendered":"COJ\u00cdN SI\u00c9GE VELVET DEEP GRAY 50&#215;30 P"},"content":{"rendered":"<p>Suave coj\u00edn decorativo rectangular con Terciopelo Si\u00e9ge. El best seller de Aldeco, Si\u00e9ge, es un terciopelo precioso y suave con alta resistencia a la abrasi\u00f3n.  Esta almohada tiene cremallera oculta, vivo en tela Jasmine y est\u00e1 disponible en diferentes combinaciones de colores, con o sin relleno.<\/p>\n","protected":false},"excerpt":{"rendered":"<p>Suave coj\u00edn decorativo rectangular con Terciopelo Si\u00e9ge. El best seller de Aldeco, Si\u00e9ge, es un terciopelo precioso y suave con alta resistencia a la abrasi\u00f3n.  Esta almohada tiene cremallera oculta, vivo en tela Jasmine y est\u00e1 disponible en diferentes combinaciones de colores, con o sin relleno. <\/p>\n<h2>Coj\u00edn Si\u00e9ge Velvet. El best seller de Aldeco, Si\u00e9ge, es un terciopelo precioso y suave con alta resistencia a la abrasi\u00f3n. <\/h2>\n<p><img fetchpriority=\"high\" decoding=\"async\" class=\"alignnone wp-image-197180 size-medium\" src=\"https:\/\/aldeco.pt\/staging\/wp-content\/uploads\/2024\/07\/CUSHION-SIEGE-VELVET-DEEP-GRAY-50x30-P-300x241.jpg\" alt=\"Coj\u00edn Si\u00e9ge Velvet Deep Gray - Aldeco\" width=\"300\" height=\"241\"><\/p>\n<p><a href=\"https:\/\/aldeco.pt\/staging\/product\/cushion-siege-velvet-deep-gray-50x30-p\/?attribute_pa_aldeco-color=1205-deep-gray\">https:\/\/aldeco.pt\/staging\/product\/cushion-siege-velvet-deep-gray-50&#215;30-p\/?attribute_pa_aldeco-color=1205-deep-gray<\/a><a href=\"https:\/\/www.instagram.com\/aldeco_interiorfabrics\/\">https:\/\/www.instagram.com\/aldeco_interiorfabrics\/<\/a><\/p>\n","protected":false},"featured_media":197182,"template":"","meta":[],"product_brand":[],"product_cat":[6146],"product_tag":[],"class_list":{"0":"post-199326","1":"product","2":"type-product","3":"status-publish","4":"has-post-thumbnail","6":"product_cat-aldeco-2-es","7":"pa_composition-ext-overall-100-co-pile-100-co-es","8":"pa_line-cojines","9":"pa_range-terciopelo","12":"first","13":"instock","14":"purchasable","15":"product-type-variable"},"acf":[],"_links":{"self":[{"href":"https:\/\/staging.aldeco.pt\/es\/wp-json\/wp\/v2\/product\/199326","targetHints":{"allow":["GET"]}}],"collection":[{"href":"https:\/\/staging.aldeco.pt\/es\/wp-json\/wp\/v2\/product"}],"about":[{"href":"https:\/\/staging.aldeco.pt\/es\/wp-json\/wp\/v2\/types\/product"}],"version-history":[{"count":1,"href":"https:\/\/staging.aldeco.pt\/es\/wp-json\/wp\/v2\/product\/199326\/revisions"}],"predecessor-version":[{"id":199412,"href":"https:\/\/staging.aldeco.pt\/es\/wp-json\/wp\/v2\/product\/199326\/revisions\/199412"}],"wp:featuredmedia":[{"embeddable":true,"href":"https:\/\/staging.aldeco.pt\/es\/wp-json\/wp\/v2\/media\/197182"}],"wp:attachment":[{"href":"https:\/\/staging.aldeco.pt\/es\/wp-json\/wp\/v2\/media?parent=199326"}],"wp:term":[{"taxonomy":"product_brand","embeddable":true,"href":"https:\/\/staging.aldeco.pt\/es\/wp-json\/wp\/v2\/product_brand?post=199326"},{"taxonomy":"product_cat","embeddable":true,"href":"https:\/\/staging.aldeco.pt\/es\/wp-json\/wp\/v2\/product_cat?post=199326"},{"taxonomy":"product_tag","embeddable":true,"href":"https:\/\/staging.aldeco.pt\/es\/wp-json\/wp\/v2\/product_tag?post=199326"}],"curies":[{"name":"wp","href":"https:\/\/api.w.org\/{rel}","templated":true}]}}