{"id":199318,"date":"2024-07-23T23:19:27","date_gmt":"2024-07-23T23:19:27","guid":{"rendered":"https:\/\/aldeco.pt\/staging\/product\/cojin-samoa-fr-col-07-blue-stone-50x50-p\/"},"modified":"2024-10-04T11:29:39","modified_gmt":"2024-10-04T11:29:39","slug":"cojin-samoa-fr-col-07-blue-stone-50x50-p","status":"publish","type":"product","link":"https:\/\/staging.aldeco.pt\/es\/product\/cojin-samoa-fr-col-07-blue-stone-50x50-p\/","title":{"rendered":"COJ\u00cdN SAMOA FR COL 07 BLUE STONE 50&#215;50 P"},"content":{"rendered":"<p>Coj\u00edn decorativo cuadrado con lino panam\u00e1, SAMOA FR es una tela de lino muy pesada. Tiene una estructura muy espesa y un aspecto natural. Esta almohada tiene cremallera oculta, vivo y est\u00e1 disponible en diferentes combinaciones de colores, con o sin relleno.<\/p>\n","protected":false},"excerpt":{"rendered":"<p>Coj\u00edn decorativo cuadrado con lino panam\u00e1, SAMOA FR es una tela de lino muy pesada. Tiene una estructura muy espesa y un aspecto natural. Esta almohada tiene cremallera oculta, vivo y est\u00e1 disponible en diferentes combinaciones de colores, con o sin relleno.<\/p>\n<h2>Coj\u00edn SAMOA FR es una tela de lino muy pesada. Tiene una estructura muy espesa y un aspecto natural. Esta almohada tiene cremallera oculta, vivo y est\u00e1 disponible en diferentes combinaciones de colores, con o sin relleno.<\/h2>\n<p><img fetchpriority=\"high\" decoding=\"async\" class=\"alignnone wp-image-195933 size-medium\" src=\"https:\/\/aldeco.pt\/staging\/wp-content\/uploads\/2024\/07\/CUSHION-SAMOA-FR-COL-07-BLUE-STONE-50x50-P-300x241.jpg\" alt=\"Coj\u00edn Samoa FR Blue Stone - Aldeco\" width=\"300\" height=\"241\" \/><\/p>\n<p><a href=\"https:\/\/aldeco.pt\/staging\/product\/cushion-samoa-fr-col-07-blue-stone-50x50-p\/?attribute_pa_aldeco-color=07-blue-stone\">https:\/\/aldeco.pt\/staging\/product\/cushion-samoa-fr-col-07-blue-stone-50&#215;50-p\/?attribute_pa_aldeco-color=07-blue-stone<\/a><a href=\"https:\/\/www.instagram.com\/aldeco_interiorfabrics\/\">https:\/\/www.instagram.com\/aldeco_interiorfabrics\/<\/a><\/p>\n","protected":false},"featured_media":195935,"template":"","meta":[],"product_brand":[],"product_cat":[6146],"product_tag":[],"class_list":{"0":"post-199318","1":"product","2":"type-product","3":"status-publish","4":"has-post-thumbnail","6":"product_cat-aldeco-2-es","7":"pa_composition-ext-90-li-10-ny-es","8":"pa_line-cojines","9":"pa_range-liso-es","12":"first","13":"instock","14":"purchasable","15":"product-type-variable"},"acf":[],"_links":{"self":[{"href":"https:\/\/staging.aldeco.pt\/es\/wp-json\/wp\/v2\/product\/199318","targetHints":{"allow":["GET"]}}],"collection":[{"href":"https:\/\/staging.aldeco.pt\/es\/wp-json\/wp\/v2\/product"}],"about":[{"href":"https:\/\/staging.aldeco.pt\/es\/wp-json\/wp\/v2\/types\/product"}],"version-history":[{"count":2,"href":"https:\/\/staging.aldeco.pt\/es\/wp-json\/wp\/v2\/product\/199318\/revisions"}],"predecessor-version":[{"id":202033,"href":"https:\/\/staging.aldeco.pt\/es\/wp-json\/wp\/v2\/product\/199318\/revisions\/202033"}],"wp:featuredmedia":[{"embeddable":true,"href":"https:\/\/staging.aldeco.pt\/es\/wp-json\/wp\/v2\/media\/195935"}],"wp:attachment":[{"href":"https:\/\/staging.aldeco.pt\/es\/wp-json\/wp\/v2\/media?parent=199318"}],"wp:term":[{"taxonomy":"product_brand","embeddable":true,"href":"https:\/\/staging.aldeco.pt\/es\/wp-json\/wp\/v2\/product_brand?post=199318"},{"taxonomy":"product_cat","embeddable":true,"href":"https:\/\/staging.aldeco.pt\/es\/wp-json\/wp\/v2\/product_cat?post=199318"},{"taxonomy":"product_tag","embeddable":true,"href":"https:\/\/staging.aldeco.pt\/es\/wp-json\/wp\/v2\/product_tag?post=199318"}],"curies":[{"name":"wp","href":"https:\/\/api.w.org\/{rel}","templated":true}]}}