{"id":199311,"date":"2024-07-23T23:20:39","date_gmt":"2024-07-23T23:20:39","guid":{"rendered":"https:\/\/aldeco.pt\/staging\/product\/cojin-spatia-water-repellent-fr-dove-ball-35\/"},"modified":"2024-10-29T10:30:08","modified_gmt":"2024-10-29T10:30:08","slug":"cojin-spatia-water-repellent-fr-dove-ball-35","status":"publish","type":"product","link":"https:\/\/staging.aldeco.pt\/es\/product\/cojin-spatia-water-repellent-fr-dove-ball-35\/","title":{"rendered":"COJ\u00cdN SPATIA WATER REPELLENT FR Dove Ball 35"},"content":{"rendered":"<p>A\u00f1ade un elemento divertido e igualmente lujoso a tu sof\u00e1 o cama con el coj\u00edn decorativo de bolas. Con Spatia Water Repellent FR, tejido de chenilla de tacto suave, acabado repelente al agua y certificado Fire Retardant.  Su textura es simplemente irresistible. Este coj\u00edn con cremallera oculta muy de moda est\u00e1 disponible en diferentes combinaciones de colores, con o sin relleno.<\/p>\n","protected":false},"excerpt":{"rendered":"<p>A\u00f1ade un elemento divertido e igualmente lujoso a tu sof\u00e1 o cama con el coj\u00edn decorativo de bolas. Con Spatia Water Repellent FR, tejido de chenilla de tacto suave, acabado repelente al agua y certificado Fire Retardant.  Su textura es simplemente irresistible. Este coj\u00edn con cremallera oculta muy de moda est\u00e1 disponible en diferentes combinaciones de colores, con o sin relleno. <\/p>\n<h2>Coj\u00edn Spatia Water Repellent FR, , tejido de chenilla de tacto suave, acabado repelente al agua y certificado Fire Retardant. Su textura es simplemente irresistible. Este coj\u00edn con cremallera oculta muy de moda est\u00e1 disponible en diferentes combinaciones de colores, con o sin relleno.<\/h2>\n<p><img fetchpriority=\"high\" decoding=\"async\" class=\"alignnone wp-image-195566 size-medium\" src=\"https:\/\/aldeco.pt\/staging\/wp-content\/uploads\/2024\/07\/CUSHION-SPATIA-WATER-REPELLENT-FR-Dove-Ball-35-300x241.jpg\" alt=\"Coj\u00edn Spatia Water Repellent FR Dove - Aldeco\" width=\"300\" height=\"241\"><\/p>\n<p><a href=\"https:\/\/aldeco.pt\/staging\/product\/cushion-spatia-water-repellent-fr-dove-ball-35\/?attribute_pa_aldeco-color=03-dove\">https:\/\/aldeco.pt\/staging\/product\/cushion-spatia-water-repellent-fr-dove-ball-35\/?attribute_pa_aldeco-color=03-dove<\/a><a href=\"https:\/\/www.instagram.com\/aldeco_interiorfabrics\/\">https:\/\/www.instagram.com\/aldeco_interiorfabrics\/<\/a><\/p>\n","protected":false},"featured_media":195568,"template":"","meta":[],"product_brand":[],"product_cat":[6146],"product_tag":[],"class_list":{"0":"post-199311","1":"product","2":"type-product","3":"status-publish","4":"has-post-thumbnail","6":"product_cat-aldeco-2-es","7":"pa_composition-ext-100-pl-es","8":"pa_line-cojines","9":"pa_range-chenilla","12":"first","13":"instock","14":"purchasable","15":"product-type-variable"},"acf":[],"_links":{"self":[{"href":"https:\/\/staging.aldeco.pt\/es\/wp-json\/wp\/v2\/product\/199311","targetHints":{"allow":["GET"]}}],"collection":[{"href":"https:\/\/staging.aldeco.pt\/es\/wp-json\/wp\/v2\/product"}],"about":[{"href":"https:\/\/staging.aldeco.pt\/es\/wp-json\/wp\/v2\/types\/product"}],"version-history":[{"count":1,"href":"https:\/\/staging.aldeco.pt\/es\/wp-json\/wp\/v2\/product\/199311\/revisions"}],"predecessor-version":[{"id":199313,"href":"https:\/\/staging.aldeco.pt\/es\/wp-json\/wp\/v2\/product\/199311\/revisions\/199313"}],"wp:featuredmedia":[{"embeddable":true,"href":"https:\/\/staging.aldeco.pt\/es\/wp-json\/wp\/v2\/media\/195568"}],"wp:attachment":[{"href":"https:\/\/staging.aldeco.pt\/es\/wp-json\/wp\/v2\/media?parent=199311"}],"wp:term":[{"taxonomy":"product_brand","embeddable":true,"href":"https:\/\/staging.aldeco.pt\/es\/wp-json\/wp\/v2\/product_brand?post=199311"},{"taxonomy":"product_cat","embeddable":true,"href":"https:\/\/staging.aldeco.pt\/es\/wp-json\/wp\/v2\/product_cat?post=199311"},{"taxonomy":"product_tag","embeddable":true,"href":"https:\/\/staging.aldeco.pt\/es\/wp-json\/wp\/v2\/product_tag?post=199311"}],"curies":[{"name":"wp","href":"https:\/\/api.w.org\/{rel}","templated":true}]}}